{"id":50447,"date":"2023-05-22T19:09:20","date_gmt":"2023-05-22T19:09:20","guid":{"rendered":"https:\/\/www.firstthingsfirst.org\/?page_id=50447"},"modified":"2025-09-02T20:44:27","modified_gmt":"2025-09-02T20:44:27","slug":"sobre-quality-first","status":"publish","type":"page","link":"https:\/\/www.firstthingsfirst.org\/es\/recursos-en-espanol\/cuidado-infantil-de-calidad-en-arizona\/sobre-quality-first\/","title":{"rendered":"Sobre Quality First"},"content":{"rendered":"<p class=\"s5\"><strong>Quality First apoya a los proveedores de cuidado infantil de Arizona, para que ellos puedan apoyar a nuestros ni\u00f1os y ni\u00f1as peque\u00f1os.<\/strong><\/p>\n<p><span style=\"font-weight: 400;\">Quality First, un programa de la agencia de la primera infancia de Arizona, First Things First, apoya a los proveedores de cuidado infantil y preescolar de Arizona para mejorar la calidad de sus programas en beneficio de los ni\u00f1os y ni\u00f1as peque\u00f1os. Quality First ayuda con las pr\u00e1cticas de m\u00e1s de 1,100 programas regulados a trav\u00e9s del estado para apoyar a beb\u00e9s, ni\u00f1as y ni\u00f1os peque\u00f1os y en edad preescolar, asegurando que est\u00e9n listos para tener \u00e9xito en la escuela y m\u00e1s all\u00e1.<\/span><\/p>\n<h2><strong>Por qu\u00e9 es importante la calidad<\/strong><\/h2>\n<p><span style=\"font-weight: 400;\">Desde el nacimiento hasta los 5 a\u00f1os de edad, el cerebro de su hijo\/a crece m\u00e1s r\u00e1pido que en cualquier otro momento de la vida, formando conexiones esenciales para el aprendizaje. Estas conexiones tempranas, cruciales para habilidades tales como la motivaci\u00f3n, la autorregulaci\u00f3n y la resoluci\u00f3n de problemas, se moldean a trav\u00e9s de interacciones positivas con dedicados adultos en el hogar y en el sitio de cuidado infantil o preescolar. <\/span><\/p>\n<h2><strong>Mejoramiento de la calidad<\/strong><\/h2>\n<p><span style=\"font-size: 1rem;\"><span style=\"font-weight: 400;\">Muchos centros de cuidado infantil, proveedores basados en el hogar y preescolares que participan en Quality First, reciben apoyo para ayudar a mejorar sus programas y fomentar el desarrollo emocional, social y acad\u00e9mico de cada ni\u00f1o y ni\u00f1a. First Things First provee este apoyo a los programas inscritos en Quality First a trav\u00e9s de<\/span>:<\/span><\/p>\n<ul>\n<li><strong>Preparaci\u00f3n<\/strong> <span style=\"font-weight: 400;\">y desarrollo profesional para mejorar las habilidades del personal y apoyar el aprendizaje de los ni\u00f1os y ni\u00f1as.<\/span><\/li>\n<li><strong>Financiaci\u00f3n<\/strong> <span style=\"font-weight: 400;\">para el aprendizaje temprano de calidad, incluyendo libros, juguetes y materiales de aprendizaje apropiados para la edad, as\u00ed como mejoramientos a los salones de clases y espacios al aire libre. Orientaci\u00f3n experta sobre la salud infantil para promover el desarrollo saludable.<\/span><\/li>\n<li><strong>Apoyo adicional <span style=\"font-weight: 400;\">en salud mental y necesidades especiales en algunos programas.<\/span><\/strong><\/li>\n<\/ul>\n<p data-pm-slice=\"1 1 []\">A trav\u00e9s de Arizona, m\u00e1s de 1,400 programas preescolares y de cuidado infantil regulados tienen regulados tienen una calificaci\u00f3n de estrella, incluidos m\u00e1s de 1,100 que reciben apoyo para mejorar la calidad. Independiente del nivel de apoyo que reciban, todos los programas que participan en Quality First est\u00e1n comprometidos a brindar cuidado infantil de calidad.<\/p>\n<h2><img loading=\"lazy\" decoding=\"async\" class=\"alignnone size-full wp-image-20961\" src=\"https:\/\/www.firstthingsfirst.org\/wp-content\/uploads\/2019\/02\/Tools-choose-quality.jpg\" alt=\"Quality First provides resources to help Arizona families find quality child care\" width=\"750\" height=\"393\" \/><\/h2>\n<h2><strong>Clasificaciones<\/strong><\/h2>\n<p><span style=\"font-weight: 400;\">Quality First lleva a cabo observaciones para medir la calidad del programa, lo que da como resultado una clasificaci\u00f3n de 1 a 5 estrellas. Los est\u00e1ndares de calidad se basan en lo que las investigaciones muestran que es importante en el cuidado y la educaci\u00f3n infantil tempranos.<\/span><\/p>\n<ul>\n<li><span style=\"font-weight: 400;\">Pr\u00e1cticas de salud y seguridad que promuevan el bienestar infantil b\u00e1sico <\/span><\/li>\n<li><span style=\"font-weight: 400;\">Maestros capacitados que saben c\u00f3mo convertir las experiencias cotidianas en momentos de aprendizaje<\/span><\/li>\n<li><span style=\"font-weight: 400;\">Entornos de aprendizaje con actividades, libros, juguetes y otros materiales de aprendizaje apropiados para la edad, que promueven el desarrollo emocional, social, ling\u00fc\u00edstico y cognitivo<\/span><\/li>\n<li><span style=\"font-weight: 400;\">Oportunidades para el juego activo y la exploraci\u00f3n pr\u00e1ctica durante todo el d\u00eda<\/span><\/li>\n<li><span style=\"font-weight: 400;\">Interacciones entre maestros\/as y ni\u00f1os\/as y conversaciones atractivas que desarrollan el lenguaje y promueven las habilidades del pensamiento y sociales<\/span><\/li>\n<\/ul>\n<p><span style=\"font-weight: 400;\">Los certificados de clasificaciones por estrellas de Quality First se publican en la ubicaci\u00f3n del programa y las clasificaciones p\u00fablicas se publican en este sitio web. Los programas participantes que muestran \u201cClasificaci\u00f3n No Disponible\u201d en el sitio web no cuentan con una clasificaci\u00f3n p\u00fablica o no han completado el proceso de clasificaci\u00f3n. Todos los programas se eval\u00faan cada dos a\u00f1os.<\/span><\/p>\n<ul>\n<li><b>Estrella Ascendiente (1 estrella):<\/b><span style=\"font-weight: 400;\"> Estos programas normalmente est\u00e1n comenzando su trayectoria hacia el mejoramiento de la calidad y est\u00e1n dedicados a progresar.<\/span><\/li>\n<li><b>Estrella Progresando (2 estrellas):<\/b><span style=\"font-weight: 400;\"> Estos programas se acercan a los est\u00e1ndares de calidad, cumplen con algunos y est\u00e1n trabajando para lograr la consistencia.<\/span><\/li>\n<li><b>Calidad (3 estrellas):<\/b><span style=\"font-weight: 400;\"> Estos programas cumplen con los est\u00e1ndares de calidad establecidos.<\/span><\/li>\n<li><b>Calidad y M\u00e1s Plus (4 estrellas): <\/b><span style=\"font-weight: 400;\">Estos programas superan los est\u00e1ndares de calidad y demuestran muchas pr\u00e1cticas de alta calidad.<\/span><\/li>\n<li><b>M\u00e1xima Calidad (5 estrellas):<\/b><span style=\"font-weight: 400;\"> Estos programas superan significativamente los est\u00e1ndares de calidad y mantienen consistentemente pr\u00e1cticas de alta calidad.<\/span><\/li>\n<\/ul>\n<p><span style=\"font-weight: 400;\">Independientemente de su clasificaci\u00f3n actual, todos los proveedores de cuidado y de educaci\u00f3n infantil en Quality First est\u00e1n comprometidos hacia el mejoramiento continuo de la calidad. Los est\u00e1ndares son altos, y alcanzar los niveles de calidad puede llevarse algo de tiempo.<\/span><\/p>\n<p><span style=\"font-weight: 400;\">Las clasificaciones por estrellas son s\u00f3lo uno de varios factores a considerar para encontrar el programa adecuado para las necesidades de su familia. Muchos programas de cuidado y educaci\u00f3n temprana de calidad en Arizona no est\u00e1n inscritos en Quality First. Use la <\/span><a href=\"https:\/\/www.firstthingsfirst.org\/recursos-en-espanol\/cuidado-infantil-de-calidad-en-arizona\/lista-de-verificacion-de-cuidado-infantil-de-calidad\/\"><span style=\"font-weight: 400;\">Lista de Verificaci\u00f3n de Cuidado Infantil de Calidad<\/span><\/a><span style=\"font-weight: 400;\"> para ayudarle a encontrar al proveedor correcto para su familia.<\/span><\/p>\n<p>&nbsp;<\/p>\n<p>&nbsp;<\/p>","protected":false},"excerpt":{"rendered":"<p>Quality First apoya a los proveedores de cuidado infantil de Arizona, para que ellos puedan apoyar a nuestros ni\u00f1os y ni\u00f1as peque\u00f1os. Quality First, un programa de la agencia de la primera infancia de Arizona, First Things First, apoya a los proveedores de cuidado infantil y preescolar de Arizona para mejorar la calidad de sus &hellip; <a class=\"more\" href=\"https:\/\/www.firstthingsfirst.org\/es\/recursos-en-espanol\/cuidado-infantil-de-calidad-en-arizona\/sobre-quality-first\/\">Read More<i class=\"fas fa-arrow-circle-right\"><\/i><\/a><\/p>\n","protected":false},"author":3,"featured_media":49998,"parent":50404,"menu_order":0,"comment_status":"closed","ping_status":"closed","template":"template-quality-first-es.php","meta":{"_acf_changed":false,"footnotes":""},"class_list":["post-50447","page","type-page","status-publish","has-post-thumbnail","hentry"],"acf":[],"yoast_head":"<!-- This site is optimized with the Yoast SEO Premium plugin v27.1 (Yoast SEO v27.1.1) - https:\/\/yoast.com\/product\/yoast-seo-premium-wordpress\/ -->\n<title>Sobre Quality First - First Things First<\/title>\n<meta name=\"robots\" content=\"index, follow, max-snippet:-1, max-image-preview:large, max-video-preview:-1\" \/>\n<link rel=\"canonical\" href=\"https:\/\/www.firstthingsfirst.org\/es\/recursos-en-espanol\/cuidado-infantil-de-calidad-en-arizona\/sobre-quality-first\/\" \/>\n<meta property=\"og:locale\" content=\"es_ES\" \/>\n<meta property=\"og:type\" content=\"article\" \/>\n<meta property=\"og:title\" content=\"Sobre Quality First\" \/>\n<meta property=\"og:description\" content=\"Quality First apoya a los proveedores de cuidado infantil de Arizona, para que ellos puedan apoyar a nuestros ni\u00f1os y ni\u00f1as peque\u00f1os. Quality First, un programa de la agencia de la primera infancia de Arizona, First Things First, apoya a los proveedores de cuidado infantil y preescolar de Arizona para mejorar la calidad de sus &hellip; Read More\" \/>\n<meta property=\"og:url\" content=\"https:\/\/www.firstthingsfirst.org\/es\/recursos-en-espanol\/cuidado-infantil-de-calidad-en-arizona\/sobre-quality-first\/\" \/>\n<meta property=\"og:site_name\" content=\"First Things First\" \/>\n<meta property=\"article:publisher\" content=\"https:\/\/www.facebook.com\/AZFirstThingsFirst\/\" \/>\n<meta property=\"article:modified_time\" content=\"2025-09-02T20:44:27+00:00\" \/>\n<meta property=\"og:image\" content=\"https:\/\/www.firstthingsfirst.org\/wp-content\/uploads\/2023\/04\/qf_about.jpg\" \/>\n\t<meta property=\"og:image:width\" content=\"1300\" \/>\n\t<meta property=\"og:image:height\" content=\"681\" \/>\n\t<meta property=\"og:image:type\" content=\"image\/jpeg\" \/>\n<meta name=\"twitter:card\" content=\"summary_large_image\" \/>\n<meta name=\"twitter:site\" content=\"@AZFTF\" \/>\n<meta name=\"twitter:label1\" content=\"Tiempo de lectura\" \/>\n\t<meta name=\"twitter:data1\" content=\"8 minutos\" \/>\n<script type=\"application\/ld+json\" class=\"yoast-schema-graph\">{\"@context\":\"https:\/\/schema.org\",\"@graph\":[{\"@type\":\"WebPage\",\"@id\":\"https:\/\/www.firstthingsfirst.org\/es\/recursos-en-espanol\/cuidado-infantil-de-calidad-en-arizona\/sobre-quality-first\/\",\"url\":\"https:\/\/www.firstthingsfirst.org\/es\/recursos-en-espanol\/cuidado-infantil-de-calidad-en-arizona\/sobre-quality-first\/\",\"name\":\"Sobre Quality First - First Things First\",\"isPartOf\":{\"@id\":\"https:\/\/www.firstthingsfirst.org\/es\/#website\"},\"primaryImageOfPage\":{\"@id\":\"https:\/\/www.firstthingsfirst.org\/es\/recursos-en-espanol\/cuidado-infantil-de-calidad-en-arizona\/sobre-quality-first\/#primaryimage\"},\"image\":{\"@id\":\"https:\/\/www.firstthingsfirst.org\/es\/recursos-en-espanol\/cuidado-infantil-de-calidad-en-arizona\/sobre-quality-first\/#primaryimage\"},\"thumbnailUrl\":\"https:\/\/www.firstthingsfirst.org\/wp-content\/uploads\/2023\/04\/qf_about.jpg\",\"datePublished\":\"2023-05-22T19:09:20+00:00\",\"dateModified\":\"2025-09-02T20:44:27+00:00\",\"breadcrumb\":{\"@id\":\"https:\/\/www.firstthingsfirst.org\/es\/recursos-en-espanol\/cuidado-infantil-de-calidad-en-arizona\/sobre-quality-first\/#breadcrumb\"},\"inLanguage\":\"es\",\"potentialAction\":[{\"@type\":\"ReadAction\",\"target\":[\"https:\/\/www.firstthingsfirst.org\/es\/recursos-en-espanol\/cuidado-infantil-de-calidad-en-arizona\/sobre-quality-first\/\"]}]},{\"@type\":\"ImageObject\",\"inLanguage\":\"es\",\"@id\":\"https:\/\/www.firstthingsfirst.org\/es\/recursos-en-espanol\/cuidado-infantil-de-calidad-en-arizona\/sobre-quality-first\/#primaryimage\",\"url\":\"https:\/\/www.firstthingsfirst.org\/wp-content\/uploads\/2023\/04\/qf_about.jpg\",\"contentUrl\":\"https:\/\/www.firstthingsfirst.org\/wp-content\/uploads\/2023\/04\/qf_about.jpg\",\"width\":1300,\"height\":681},{\"@type\":\"BreadcrumbList\",\"@id\":\"https:\/\/www.firstthingsfirst.org\/es\/recursos-en-espanol\/cuidado-infantil-de-calidad-en-arizona\/sobre-quality-first\/#breadcrumb\",\"itemListElement\":[{\"@type\":\"ListItem\",\"position\":1,\"name\":\"Home\",\"item\":\"https:\/\/www.firstthingsfirst.org\/es\/\"},{\"@type\":\"ListItem\",\"position\":2,\"name\":\"Recursos en Espa\u00f1ol\",\"item\":\"https:\/\/www.firstthingsfirst.org\/es\/recursos-en-espanol\/\"},{\"@type\":\"ListItem\",\"position\":3,\"name\":\"Cuidado Infantil de Calidad en Arizona\",\"item\":\"https:\/\/www.firstthingsfirst.org\/es\/recursos-en-espanol\/cuidado-infantil-de-calidad-en-arizona\/\"},{\"@type\":\"ListItem\",\"position\":4,\"name\":\"Sobre Quality First\"}]},{\"@type\":\"WebSite\",\"@id\":\"https:\/\/www.firstthingsfirst.org\/es\/#website\",\"url\":\"https:\/\/www.firstthingsfirst.org\/es\/\",\"name\":\"First Things First\",\"description\":\"\",\"publisher\":{\"@id\":\"https:\/\/www.firstthingsfirst.org\/es\/#organization\"},\"potentialAction\":[{\"@type\":\"SearchAction\",\"target\":{\"@type\":\"EntryPoint\",\"urlTemplate\":\"https:\/\/www.firstthingsfirst.org\/es\/?s={search_term_string}\"},\"query-input\":{\"@type\":\"PropertyValueSpecification\",\"valueRequired\":true,\"valueName\":\"search_term_string\"}}],\"inLanguage\":\"es\"},{\"@type\":\"Organization\",\"@id\":\"https:\/\/www.firstthingsfirst.org\/es\/#organization\",\"name\":\"First Things First\",\"url\":\"https:\/\/www.firstthingsfirst.org\/es\/\",\"logo\":{\"@type\":\"ImageObject\",\"inLanguage\":\"es\",\"@id\":\"https:\/\/www.firstthingsfirst.org\/es\/#\/schema\/logo\/image\/\",\"url\":\"https:\/\/www.firstthingsfirst.org\/wp-content\/uploads\/2018\/01\/firstthingsfirst_card_gray.jpg\",\"contentUrl\":\"https:\/\/www.firstthingsfirst.org\/wp-content\/uploads\/2018\/01\/firstthingsfirst_card_gray.jpg\",\"width\":800,\"height\":450,\"caption\":\"First Things First\"},\"image\":{\"@id\":\"https:\/\/www.firstthingsfirst.org\/es\/#\/schema\/logo\/image\/\"},\"sameAs\":[\"https:\/\/www.facebook.com\/AZFirstThingsFirst\/\",\"https:\/\/x.com\/AZFTF\",\"https:\/\/www.instagram.com\/azfirstthingsfirst\/\",\"https:\/\/www.linkedin.com\/company\/first-things-first\",\"https:\/\/www.youtube.com\/user\/FTFArizona\"]}]}<\/script>\n<!-- \/ Yoast SEO Premium plugin. -->","yoast_head_json":{"title":"Sobre Quality First - First Things First","robots":{"index":"index","follow":"follow","max-snippet":"max-snippet:-1","max-image-preview":"max-image-preview:large","max-video-preview":"max-video-preview:-1"},"canonical":"https:\/\/www.firstthingsfirst.org\/es\/recursos-en-espanol\/cuidado-infantil-de-calidad-en-arizona\/sobre-quality-first\/","og_locale":"es_ES","og_type":"article","og_title":"Sobre Quality First","og_description":"Quality First apoya a los proveedores de cuidado infantil de Arizona, para que ellos puedan apoyar a nuestros ni\u00f1os y ni\u00f1as peque\u00f1os. Quality First, un programa de la agencia de la primera infancia de Arizona, First Things First, apoya a los proveedores de cuidado infantil y preescolar de Arizona para mejorar la calidad de sus &hellip; Read More","og_url":"https:\/\/www.firstthingsfirst.org\/es\/recursos-en-espanol\/cuidado-infantil-de-calidad-en-arizona\/sobre-quality-first\/","og_site_name":"First Things First","article_publisher":"https:\/\/www.facebook.com\/AZFirstThingsFirst\/","article_modified_time":"2025-09-02T20:44:27+00:00","og_image":[{"width":1300,"height":681,"url":"https:\/\/www.firstthingsfirst.org\/wp-content\/uploads\/2023\/04\/qf_about.jpg","type":"image\/jpeg"}],"twitter_card":"summary_large_image","twitter_site":"@AZFTF","twitter_misc":{"Tiempo de lectura":"8 minutos"},"schema":{"@context":"https:\/\/schema.org","@graph":[{"@type":"WebPage","@id":"https:\/\/www.firstthingsfirst.org\/es\/recursos-en-espanol\/cuidado-infantil-de-calidad-en-arizona\/sobre-quality-first\/","url":"https:\/\/www.firstthingsfirst.org\/es\/recursos-en-espanol\/cuidado-infantil-de-calidad-en-arizona\/sobre-quality-first\/","name":"Sobre Quality First - First Things First","isPartOf":{"@id":"https:\/\/www.firstthingsfirst.org\/es\/#website"},"primaryImageOfPage":{"@id":"https:\/\/www.firstthingsfirst.org\/es\/recursos-en-espanol\/cuidado-infantil-de-calidad-en-arizona\/sobre-quality-first\/#primaryimage"},"image":{"@id":"https:\/\/www.firstthingsfirst.org\/es\/recursos-en-espanol\/cuidado-infantil-de-calidad-en-arizona\/sobre-quality-first\/#primaryimage"},"thumbnailUrl":"https:\/\/www.firstthingsfirst.org\/wp-content\/uploads\/2023\/04\/qf_about.jpg","datePublished":"2023-05-22T19:09:20+00:00","dateModified":"2025-09-02T20:44:27+00:00","breadcrumb":{"@id":"https:\/\/www.firstthingsfirst.org\/es\/recursos-en-espanol\/cuidado-infantil-de-calidad-en-arizona\/sobre-quality-first\/#breadcrumb"},"inLanguage":"es","potentialAction":[{"@type":"ReadAction","target":["https:\/\/www.firstthingsfirst.org\/es\/recursos-en-espanol\/cuidado-infantil-de-calidad-en-arizona\/sobre-quality-first\/"]}]},{"@type":"ImageObject","inLanguage":"es","@id":"https:\/\/www.firstthingsfirst.org\/es\/recursos-en-espanol\/cuidado-infantil-de-calidad-en-arizona\/sobre-quality-first\/#primaryimage","url":"https:\/\/www.firstthingsfirst.org\/wp-content\/uploads\/2023\/04\/qf_about.jpg","contentUrl":"https:\/\/www.firstthingsfirst.org\/wp-content\/uploads\/2023\/04\/qf_about.jpg","width":1300,"height":681},{"@type":"BreadcrumbList","@id":"https:\/\/www.firstthingsfirst.org\/es\/recursos-en-espanol\/cuidado-infantil-de-calidad-en-arizona\/sobre-quality-first\/#breadcrumb","itemListElement":[{"@type":"ListItem","position":1,"name":"Home","item":"https:\/\/www.firstthingsfirst.org\/es\/"},{"@type":"ListItem","position":2,"name":"Recursos en Espa\u00f1ol","item":"https:\/\/www.firstthingsfirst.org\/es\/recursos-en-espanol\/"},{"@type":"ListItem","position":3,"name":"Cuidado Infantil de Calidad en Arizona","item":"https:\/\/www.firstthingsfirst.org\/es\/recursos-en-espanol\/cuidado-infantil-de-calidad-en-arizona\/"},{"@type":"ListItem","position":4,"name":"Sobre Quality First"}]},{"@type":"WebSite","@id":"https:\/\/www.firstthingsfirst.org\/es\/#website","url":"https:\/\/www.firstthingsfirst.org\/es\/","name":"First Things First","description":"","publisher":{"@id":"https:\/\/www.firstthingsfirst.org\/es\/#organization"},"potentialAction":[{"@type":"SearchAction","target":{"@type":"EntryPoint","urlTemplate":"https:\/\/www.firstthingsfirst.org\/es\/?s={search_term_string}"},"query-input":{"@type":"PropertyValueSpecification","valueRequired":true,"valueName":"search_term_string"}}],"inLanguage":"es"},{"@type":"Organization","@id":"https:\/\/www.firstthingsfirst.org\/es\/#organization","name":"First Things First","url":"https:\/\/www.firstthingsfirst.org\/es\/","logo":{"@type":"ImageObject","inLanguage":"es","@id":"https:\/\/www.firstthingsfirst.org\/es\/#\/schema\/logo\/image\/","url":"https:\/\/www.firstthingsfirst.org\/wp-content\/uploads\/2018\/01\/firstthingsfirst_card_gray.jpg","contentUrl":"https:\/\/www.firstthingsfirst.org\/wp-content\/uploads\/2018\/01\/firstthingsfirst_card_gray.jpg","width":800,"height":450,"caption":"First Things First"},"image":{"@id":"https:\/\/www.firstthingsfirst.org\/es\/#\/schema\/logo\/image\/"},"sameAs":["https:\/\/www.facebook.com\/AZFirstThingsFirst\/","https:\/\/x.com\/AZFTF","https:\/\/www.instagram.com\/azfirstthingsfirst\/","https:\/\/www.linkedin.com\/company\/first-things-first","https:\/\/www.youtube.com\/user\/FTFArizona"]}]}},"_links":{"self":[{"href":"https:\/\/www.firstthingsfirst.org\/es\/wp-json\/wp\/v2\/pages\/50447","targetHints":{"allow":["GET"]}}],"collection":[{"href":"https:\/\/www.firstthingsfirst.org\/es\/wp-json\/wp\/v2\/pages"}],"about":[{"href":"https:\/\/www.firstthingsfirst.org\/es\/wp-json\/wp\/v2\/types\/page"}],"author":[{"embeddable":true,"href":"https:\/\/www.firstthingsfirst.org\/es\/wp-json\/wp\/v2\/users\/3"}],"replies":[{"embeddable":true,"href":"https:\/\/www.firstthingsfirst.org\/es\/wp-json\/wp\/v2\/comments?post=50447"}],"version-history":[{"count":0,"href":"https:\/\/www.firstthingsfirst.org\/es\/wp-json\/wp\/v2\/pages\/50447\/revisions"}],"up":[{"embeddable":true,"href":"https:\/\/www.firstthingsfirst.org\/es\/wp-json\/wp\/v2\/pages\/50404"}],"wp:featuredmedia":[{"embeddable":true,"href":"https:\/\/www.firstthingsfirst.org\/es\/wp-json\/wp\/v2\/media\/49998"}],"wp:attachment":[{"href":"https:\/\/www.firstthingsfirst.org\/es\/wp-json\/wp\/v2\/media?parent=50447"}],"curies":[{"name":"wp","href":"https:\/\/api.w.org\/{rel}","templated":true}]}}