{"id":50428,"date":"2023-05-22T18:10:15","date_gmt":"2023-05-22T18:10:15","guid":{"rendered":"https:\/\/www.firstthingsfirst.org\/?page_id=50428"},"modified":"2025-09-02T20:43:00","modified_gmt":"2025-09-02T20:43:00","slug":"pagando-por-el-cuidado-infantil","status":"publish","type":"page","link":"https:\/\/www.firstthingsfirst.org\/es\/recursos-en-espanol\/cuidado-infantil-de-calidad-en-arizona\/pagando-por-el-cuidado-infantil\/","title":{"rendered":"Pagando por el Cuidado Infantil"},"content":{"rendered":"<p><span style=\"font-weight: 400;\">El cuidado infantil es uno de los mayores gastos a los que se enfrentan muchas familias, y encontrar cuidado infantil asequible puede ser un desaf\u00edo. Usted podr\u00eda calificar para recibir asistencia financiera.<\/span><\/p>\n<h2><strong><img loading=\"lazy\" decoding=\"async\" class=\"size-full wp-image-46915 alignleft\" src=\"https:\/\/www.firstthingsfirst.org\/wp-content\/uploads\/2023\/04\/azdes_logo_square_small.jpg\" alt=\"\" width=\"225\" height=\"225\" \/><\/strong><\/h2>\n<p><b>Asistencia de DES para el Cuidado Infantil\u00a0<\/b><\/p>\n<p><span style=\"font-weight: 400;\">La Divisi\u00f3n de Cuidado Infantil del Departamento de Seguridad Econ\u00f3mica de Arizona (DES por sus siglas en ingl\u00e9s), provee asistencia financiera a las familias elegibles bas\u00e1ndose en los ingresos familiares. Este apoyo financiero cubre una parte de los costos del cuidado infantil, y permite a las familias mejor acceso a entornos de cuidado y educaci\u00f3n temprana de alta calidad para sus hijos e hijas. La asistencia para el cuidado infantil tambi\u00e9n est\u00e1 disponible para ni\u00f1as y ni\u00f1os involucrados con el Departamento de Seguridad Infantil debido a abuso o negligencia infantil, as\u00ed como para familias indigentes que tienen ni\u00f1os o ni\u00f1as.<\/span><\/p>\n<p><span style=\"font-weight: 400;\">Aquellos elegibles para recibir asistencia para el cuidado infantil incluyen:<\/span><\/p>\n<ul>\n<li style=\"font-weight: 400;\" aria-level=\"1\"><span style=\"font-weight: 400;\">Familias trabajadoras de bajos ingresos<\/span><\/li>\n<li style=\"font-weight: 400;\" aria-level=\"1\"><span style=\"font-weight: 400;\">Padres o madres adolescentes inscritos en la escuela preparatoria, en un curso para recibir su diploma GED (Desarrollo Educativo General), un curso de ESOL (ingl\u00e9s para hablantes de otros idiomas), o en programas de educaci\u00f3n correctiva<\/span><\/li>\n<li style=\"font-weight: 400;\" aria-level=\"1\"><span style=\"font-weight: 400;\">Abuelos o custodios cuando los padres del ni\u00f1o o la ni\u00f1a no viven en el mismo hogar<\/span><\/li>\n<li style=\"font-weight: 400;\" aria-level=\"1\"><span style=\"font-weight: 400;\">Residentes de refugios para personas indigentes o escapando la violencia dom\u00e9stica<\/span><\/li>\n<li style=\"font-weight: 400;\" aria-level=\"1\"><span style=\"font-weight: 400;\">Personas que no pueden cuidar a sus hijos\/as debido a una condici\u00f3n f\u00edsica, mental o emocional<\/span><\/li>\n<li aria-level=\"1\"><span style=\"font-weight: 400;\">Personas que no est\u00e1n disponibles para cuidar a sus hijos debido a su participaci\u00f3n en el servicio comunitario ordenado por la corte, o su participaci\u00f3n en un programa de tratamiento para las drogas<\/span><\/li>\n<\/ul>\n<p><span style=\"font-weight: 400;\">\u00c9sta es una lista parcial. Visite el <\/span><a href=\"https:\/\/des.az.gov\/services\/child-and-family\/child-care\/how-apply-for-child-care-assistance\" target=\"_blank\" rel=\"noopener\"><b>sitio web del departamento DES<\/b><\/a><span style=\"font-weight: 400;\"> para informaci\u00f3n completa sobre la elegibilidad.<\/span><\/p>\n<p>&nbsp;<\/p>\n<p><b>Becas de Quality First<\/b><\/p>\n<p><span style=\"font-weight: 400;\">Las becas de Quality First ayudan a las familias de bajos ingresos a pagar por el cuidado y la educaci\u00f3n temprana de calidad para sus hijas e hijos peque\u00f1os. Financiadas por First Things First, hay un n\u00famero limitado disponible de estas becas para ni\u00f1os y ni\u00f1as, desde el nacimiento hasta los 5 a\u00f1os de edad, a trav\u00e9s de programas de cuidado infantil y educaci\u00f3n preescolar que est\u00e1n inscritos en Quality First.<\/span><\/p>\n<p><span style=\"font-weight: 400;\">Los programas de cuidado infantil distribuyen las becas disponibles a las familias elegibles de acuerdo al orden de llegada. Las becas est\u00e1n vinculadas con los niveles de ingresos de la familia, y est\u00e1n disponibles para los padres de familia que puedan estar trabajando, buscando trabajo o mejorando sus habilidades laborales a trav\u00e9s de la capacitaci\u00f3n o la educaci\u00f3n. Se aplican otros requerimientos de elegibilidad.<\/span><\/p>\n<p><img loading=\"lazy\" decoding=\"async\" class=\"alignnone size-full wp-image-21516\" src=\"https:\/\/www.firstthingsfirst.org\/wp-content\/uploads\/2019\/03\/quality-child-care-infants.jpg\" alt=\"caregiver talks with baby while feeding\" width=\"750\" height=\"393\" \/><\/p>\n<p>&nbsp;<\/p>\n<p><b>Programas Head Start\/Early Head Start<\/b><\/p>\n<p><span style=\"font-weight: 400;\">Los programas preescolares de<\/span><b> <a href=\"https:\/\/eclkc.ohs.acf.hhs.gov\/\"><strong>Head Start<\/strong><\/a> <\/b><span style=\"font-weight: 400;\">(para ni\u00f1os y ni\u00f1as de 3 y 4 a\u00f1os de edad) y Early Head Start (para beb\u00e9s y ni\u00f1as y ni\u00f1os peque\u00f1os) proveen a las familias de bajos ingresos (en o debajo del nivel federal de pobreza), servicios gratuitos de aprendizaje temprano de alta calidad, adem\u00e1s de nutrici\u00f3n, salud, salud mental, discapacidades y servicios sociales, todos con un s\u00f3lido enfoque en la participaci\u00f3n de los padres de familia. Ambos programas tambi\u00e9n le dan la bienvenida a ni\u00f1as y ni\u00f1os con discapacidades.<\/span><\/p>\n<p><span style=\"font-weight: 400;\">Los programas de Head Start generalmente proveen cuidado y educaci\u00f3n temprana durante parte del d\u00eda. Algunos programas tambi\u00e9n inscriben a un porcentaje de ni\u00f1as y ni\u00f1os de familias con ingresos por encima de las directrices de pobreza. El personal del programa Head Start determina la elegibilidad.\u00a0<\/span><\/p>\n<p><span style=\"font-weight: 400;\">Use el <\/span><a href=\"https:\/\/eclkc.ohs.acf.hhs.gov\/center-locator\" target=\"_blank\" rel=\"noopener\"><b>Localizador de Head Start<\/b><\/a><span style=\"font-weight: 400;\"> para encontrar un programa cerca de usted. Tambi\u00e9n puede ver esta <\/span><a href=\"https:\/\/www.azed.gov\/sites\/default\/files\/media\/AZHSA%20State-Wide%20Recruitment%20Flyer%20English.pdf\" target=\"_blank\" rel=\"noopener\"><b>hoja informativa de Arizona Head Start<\/b><\/a><span style=\"font-weight: 400;\"> para encontrar su programa local (tambi\u00e9n est\u00e1 disponible en <\/span><a href=\"https:\/\/www.firstthingsfirst.org\/2023\/05\/supporting-new-and-expectant-mothers-experiencing-depression-and-stress\/\" target=\"_blank\" rel=\"noopener\"><b>espa\u00f1ol<\/b><\/a><span style=\"font-weight: 400;\">). Despu\u00e9s, comun\u00edquese con el programa Head Start o Early Head Start que provea servicios a su comunidad. Ellos pueden informarle si su hijo o hija califica, y explicarle c\u00f3mo presentar la solicitud.<\/span><\/p>\n<p><b>Cr\u00e9ditos Fiscales y Otros Tipos de Asistencia<\/b><\/p>\n<p><span style=\"font-weight: 400;\">Los cr\u00e9ditos fiscales estatales y federales tambi\u00e9n pueden ayudar a las familias a compensar algunos de los costos del cuidado infantil, y algunos programas de cuidado infantil pueden ofrecer tarifas reducidas por inscribir a m\u00e1s de un ni\u00f1o o una ni\u00f1a en el programa de cuidado infantil, o descuentos basados en los ingresos de su familia, empleador y m\u00e1s.<\/span><\/p>\n<p><a href=\"https:\/\/www.azccrr.com\/financial-assistance.html\" target=\"_blank\" rel=\"noopener\"><b>Visite CCR&amp;R <\/b><\/a><span style=\"font-weight: 400;\">para m\u00e1s informaci\u00f3n sobre cr\u00e9ditos fiscales y otros tipos de asistencia que puedan estar disponibles para su familia.<\/span><\/p>\n<p>&nbsp;<\/p>","protected":false},"excerpt":{"rendered":"<p>El cuidado infantil es uno de los mayores gastos a los que se enfrentan muchas familias, y encontrar cuidado infantil asequible puede ser un desaf\u00edo. Usted podr\u00eda calificar para recibir asistencia financiera. Asistencia de DES para el Cuidado Infantil\u00a0 La Divisi\u00f3n de Cuidado Infantil del Departamento de Seguridad Econ\u00f3mica de Arizona (DES por sus siglas &hellip; <a class=\"more\" href=\"https:\/\/www.firstthingsfirst.org\/es\/recursos-en-espanol\/cuidado-infantil-de-calidad-en-arizona\/pagando-por-el-cuidado-infantil\/\">Read More<i class=\"fas fa-arrow-circle-right\"><\/i><\/a><\/p>\n","protected":false},"author":3,"featured_media":50014,"parent":50404,"menu_order":5,"comment_status":"closed","ping_status":"closed","template":"template-quality-first-es.php","meta":{"_acf_changed":false,"footnotes":""},"class_list":["post-50428","page","type-page","status-publish","has-post-thumbnail","hentry"],"acf":[],"yoast_head":"<!-- This site is optimized with the Yoast SEO Premium plugin v27.1 (Yoast SEO v27.1.1) - https:\/\/yoast.com\/product\/yoast-seo-premium-wordpress\/ -->\n<title>Pagando por el Cuidado Infantil - First Things First<\/title>\n<meta name=\"robots\" content=\"index, follow, max-snippet:-1, max-image-preview:large, max-video-preview:-1\" \/>\n<link rel=\"canonical\" href=\"https:\/\/www.firstthingsfirst.org\/es\/recursos-en-espanol\/cuidado-infantil-de-calidad-en-arizona\/pagando-por-el-cuidado-infantil\/\" \/>\n<meta property=\"og:locale\" content=\"es_ES\" \/>\n<meta property=\"og:type\" content=\"article\" \/>\n<meta property=\"og:title\" content=\"Pagando por el Cuidado Infantil\" \/>\n<meta property=\"og:description\" content=\"El cuidado infantil es uno de los mayores gastos a los que se enfrentan muchas familias, y encontrar cuidado infantil asequible puede ser un desaf\u00edo. Usted podr\u00eda calificar para recibir asistencia financiera. Asistencia de DES para el Cuidado Infantil\u00a0 La Divisi\u00f3n de Cuidado Infantil del Departamento de Seguridad Econ\u00f3mica de Arizona (DES por sus siglas &hellip; Read More\" \/>\n<meta property=\"og:url\" content=\"https:\/\/www.firstthingsfirst.org\/es\/recursos-en-espanol\/cuidado-infantil-de-calidad-en-arizona\/pagando-por-el-cuidado-infantil\/\" \/>\n<meta property=\"og:site_name\" content=\"First Things First\" \/>\n<meta property=\"article:publisher\" content=\"https:\/\/www.facebook.com\/AZFirstThingsFirst\/\" \/>\n<meta property=\"article:modified_time\" content=\"2025-09-02T20:43:00+00:00\" \/>\n<meta property=\"og:image\" content=\"https:\/\/www.firstthingsfirst.org\/wp-content\/uploads\/2023\/04\/qualityimage2.jpg\" \/>\n\t<meta property=\"og:image:width\" content=\"1300\" \/>\n\t<meta property=\"og:image:height\" content=\"681\" \/>\n\t<meta property=\"og:image:type\" content=\"image\/jpeg\" \/>\n<meta name=\"twitter:card\" content=\"summary_large_image\" \/>\n<meta name=\"twitter:site\" content=\"@AZFTF\" \/>\n<meta name=\"twitter:label1\" content=\"Tiempo de lectura\" \/>\n\t<meta name=\"twitter:data1\" content=\"9 minutos\" \/>\n<script type=\"application\/ld+json\" class=\"yoast-schema-graph\">{\"@context\":\"https:\/\/schema.org\",\"@graph\":[{\"@type\":\"WebPage\",\"@id\":\"https:\/\/www.firstthingsfirst.org\/es\/recursos-en-espanol\/cuidado-infantil-de-calidad-en-arizona\/pagando-por-el-cuidado-infantil\/\",\"url\":\"https:\/\/www.firstthingsfirst.org\/es\/recursos-en-espanol\/cuidado-infantil-de-calidad-en-arizona\/pagando-por-el-cuidado-infantil\/\",\"name\":\"Pagando por el Cuidado Infantil - First Things First\",\"isPartOf\":{\"@id\":\"https:\/\/www.firstthingsfirst.org\/es\/#website\"},\"primaryImageOfPage\":{\"@id\":\"https:\/\/www.firstthingsfirst.org\/es\/recursos-en-espanol\/cuidado-infantil-de-calidad-en-arizona\/pagando-por-el-cuidado-infantil\/#primaryimage\"},\"image\":{\"@id\":\"https:\/\/www.firstthingsfirst.org\/es\/recursos-en-espanol\/cuidado-infantil-de-calidad-en-arizona\/pagando-por-el-cuidado-infantil\/#primaryimage\"},\"thumbnailUrl\":\"https:\/\/www.firstthingsfirst.org\/wp-content\/uploads\/2023\/04\/qualityimage2.jpg\",\"datePublished\":\"2023-05-22T18:10:15+00:00\",\"dateModified\":\"2025-09-02T20:43:00+00:00\",\"breadcrumb\":{\"@id\":\"https:\/\/www.firstthingsfirst.org\/es\/recursos-en-espanol\/cuidado-infantil-de-calidad-en-arizona\/pagando-por-el-cuidado-infantil\/#breadcrumb\"},\"inLanguage\":\"es\",\"potentialAction\":[{\"@type\":\"ReadAction\",\"target\":[\"https:\/\/www.firstthingsfirst.org\/es\/recursos-en-espanol\/cuidado-infantil-de-calidad-en-arizona\/pagando-por-el-cuidado-infantil\/\"]}]},{\"@type\":\"ImageObject\",\"inLanguage\":\"es\",\"@id\":\"https:\/\/www.firstthingsfirst.org\/es\/recursos-en-espanol\/cuidado-infantil-de-calidad-en-arizona\/pagando-por-el-cuidado-infantil\/#primaryimage\",\"url\":\"https:\/\/www.firstthingsfirst.org\/wp-content\/uploads\/2023\/04\/qualityimage2.jpg\",\"contentUrl\":\"https:\/\/www.firstthingsfirst.org\/wp-content\/uploads\/2023\/04\/qualityimage2.jpg\",\"width\":1300,\"height\":681},{\"@type\":\"BreadcrumbList\",\"@id\":\"https:\/\/www.firstthingsfirst.org\/es\/recursos-en-espanol\/cuidado-infantil-de-calidad-en-arizona\/pagando-por-el-cuidado-infantil\/#breadcrumb\",\"itemListElement\":[{\"@type\":\"ListItem\",\"position\":1,\"name\":\"Home\",\"item\":\"https:\/\/www.firstthingsfirst.org\/es\/\"},{\"@type\":\"ListItem\",\"position\":2,\"name\":\"Recursos en Espa\u00f1ol\",\"item\":\"https:\/\/www.firstthingsfirst.org\/es\/recursos-en-espanol\/\"},{\"@type\":\"ListItem\",\"position\":3,\"name\":\"Cuidado Infantil de Calidad en Arizona\",\"item\":\"https:\/\/www.firstthingsfirst.org\/es\/recursos-en-espanol\/cuidado-infantil-de-calidad-en-arizona\/\"},{\"@type\":\"ListItem\",\"position\":4,\"name\":\"Pagando por el Cuidado Infantil\"}]},{\"@type\":\"WebSite\",\"@id\":\"https:\/\/www.firstthingsfirst.org\/es\/#website\",\"url\":\"https:\/\/www.firstthingsfirst.org\/es\/\",\"name\":\"First Things First\",\"description\":\"\",\"publisher\":{\"@id\":\"https:\/\/www.firstthingsfirst.org\/es\/#organization\"},\"potentialAction\":[{\"@type\":\"SearchAction\",\"target\":{\"@type\":\"EntryPoint\",\"urlTemplate\":\"https:\/\/www.firstthingsfirst.org\/es\/?s={search_term_string}\"},\"query-input\":{\"@type\":\"PropertyValueSpecification\",\"valueRequired\":true,\"valueName\":\"search_term_string\"}}],\"inLanguage\":\"es\"},{\"@type\":\"Organization\",\"@id\":\"https:\/\/www.firstthingsfirst.org\/es\/#organization\",\"name\":\"First Things First\",\"url\":\"https:\/\/www.firstthingsfirst.org\/es\/\",\"logo\":{\"@type\":\"ImageObject\",\"inLanguage\":\"es\",\"@id\":\"https:\/\/www.firstthingsfirst.org\/es\/#\/schema\/logo\/image\/\",\"url\":\"https:\/\/www.firstthingsfirst.org\/wp-content\/uploads\/2018\/01\/firstthingsfirst_card_gray.jpg\",\"contentUrl\":\"https:\/\/www.firstthingsfirst.org\/wp-content\/uploads\/2018\/01\/firstthingsfirst_card_gray.jpg\",\"width\":800,\"height\":450,\"caption\":\"First Things First\"},\"image\":{\"@id\":\"https:\/\/www.firstthingsfirst.org\/es\/#\/schema\/logo\/image\/\"},\"sameAs\":[\"https:\/\/www.facebook.com\/AZFirstThingsFirst\/\",\"https:\/\/x.com\/AZFTF\",\"https:\/\/www.instagram.com\/azfirstthingsfirst\/\",\"https:\/\/www.linkedin.com\/company\/first-things-first\",\"https:\/\/www.youtube.com\/user\/FTFArizona\"]}]}<\/script>\n<!-- \/ Yoast SEO Premium plugin. -->","yoast_head_json":{"title":"Pagando por el Cuidado Infantil - First Things First","robots":{"index":"index","follow":"follow","max-snippet":"max-snippet:-1","max-image-preview":"max-image-preview:large","max-video-preview":"max-video-preview:-1"},"canonical":"https:\/\/www.firstthingsfirst.org\/es\/recursos-en-espanol\/cuidado-infantil-de-calidad-en-arizona\/pagando-por-el-cuidado-infantil\/","og_locale":"es_ES","og_type":"article","og_title":"Pagando por el Cuidado Infantil","og_description":"El cuidado infantil es uno de los mayores gastos a los que se enfrentan muchas familias, y encontrar cuidado infantil asequible puede ser un desaf\u00edo. Usted podr\u00eda calificar para recibir asistencia financiera. Asistencia de DES para el Cuidado Infantil\u00a0 La Divisi\u00f3n de Cuidado Infantil del Departamento de Seguridad Econ\u00f3mica de Arizona (DES por sus siglas &hellip; Read More","og_url":"https:\/\/www.firstthingsfirst.org\/es\/recursos-en-espanol\/cuidado-infantil-de-calidad-en-arizona\/pagando-por-el-cuidado-infantil\/","og_site_name":"First Things First","article_publisher":"https:\/\/www.facebook.com\/AZFirstThingsFirst\/","article_modified_time":"2025-09-02T20:43:00+00:00","og_image":[{"width":1300,"height":681,"url":"https:\/\/www.firstthingsfirst.org\/wp-content\/uploads\/2023\/04\/qualityimage2.jpg","type":"image\/jpeg"}],"twitter_card":"summary_large_image","twitter_site":"@AZFTF","twitter_misc":{"Tiempo de lectura":"9 minutos"},"schema":{"@context":"https:\/\/schema.org","@graph":[{"@type":"WebPage","@id":"https:\/\/www.firstthingsfirst.org\/es\/recursos-en-espanol\/cuidado-infantil-de-calidad-en-arizona\/pagando-por-el-cuidado-infantil\/","url":"https:\/\/www.firstthingsfirst.org\/es\/recursos-en-espanol\/cuidado-infantil-de-calidad-en-arizona\/pagando-por-el-cuidado-infantil\/","name":"Pagando por el Cuidado Infantil - First Things First","isPartOf":{"@id":"https:\/\/www.firstthingsfirst.org\/es\/#website"},"primaryImageOfPage":{"@id":"https:\/\/www.firstthingsfirst.org\/es\/recursos-en-espanol\/cuidado-infantil-de-calidad-en-arizona\/pagando-por-el-cuidado-infantil\/#primaryimage"},"image":{"@id":"https:\/\/www.firstthingsfirst.org\/es\/recursos-en-espanol\/cuidado-infantil-de-calidad-en-arizona\/pagando-por-el-cuidado-infantil\/#primaryimage"},"thumbnailUrl":"https:\/\/www.firstthingsfirst.org\/wp-content\/uploads\/2023\/04\/qualityimage2.jpg","datePublished":"2023-05-22T18:10:15+00:00","dateModified":"2025-09-02T20:43:00+00:00","breadcrumb":{"@id":"https:\/\/www.firstthingsfirst.org\/es\/recursos-en-espanol\/cuidado-infantil-de-calidad-en-arizona\/pagando-por-el-cuidado-infantil\/#breadcrumb"},"inLanguage":"es","potentialAction":[{"@type":"ReadAction","target":["https:\/\/www.firstthingsfirst.org\/es\/recursos-en-espanol\/cuidado-infantil-de-calidad-en-arizona\/pagando-por-el-cuidado-infantil\/"]}]},{"@type":"ImageObject","inLanguage":"es","@id":"https:\/\/www.firstthingsfirst.org\/es\/recursos-en-espanol\/cuidado-infantil-de-calidad-en-arizona\/pagando-por-el-cuidado-infantil\/#primaryimage","url":"https:\/\/www.firstthingsfirst.org\/wp-content\/uploads\/2023\/04\/qualityimage2.jpg","contentUrl":"https:\/\/www.firstthingsfirst.org\/wp-content\/uploads\/2023\/04\/qualityimage2.jpg","width":1300,"height":681},{"@type":"BreadcrumbList","@id":"https:\/\/www.firstthingsfirst.org\/es\/recursos-en-espanol\/cuidado-infantil-de-calidad-en-arizona\/pagando-por-el-cuidado-infantil\/#breadcrumb","itemListElement":[{"@type":"ListItem","position":1,"name":"Home","item":"https:\/\/www.firstthingsfirst.org\/es\/"},{"@type":"ListItem","position":2,"name":"Recursos en Espa\u00f1ol","item":"https:\/\/www.firstthingsfirst.org\/es\/recursos-en-espanol\/"},{"@type":"ListItem","position":3,"name":"Cuidado Infantil de Calidad en Arizona","item":"https:\/\/www.firstthingsfirst.org\/es\/recursos-en-espanol\/cuidado-infantil-de-calidad-en-arizona\/"},{"@type":"ListItem","position":4,"name":"Pagando por el Cuidado Infantil"}]},{"@type":"WebSite","@id":"https:\/\/www.firstthingsfirst.org\/es\/#website","url":"https:\/\/www.firstthingsfirst.org\/es\/","name":"First Things First","description":"","publisher":{"@id":"https:\/\/www.firstthingsfirst.org\/es\/#organization"},"potentialAction":[{"@type":"SearchAction","target":{"@type":"EntryPoint","urlTemplate":"https:\/\/www.firstthingsfirst.org\/es\/?s={search_term_string}"},"query-input":{"@type":"PropertyValueSpecification","valueRequired":true,"valueName":"search_term_string"}}],"inLanguage":"es"},{"@type":"Organization","@id":"https:\/\/www.firstthingsfirst.org\/es\/#organization","name":"First Things First","url":"https:\/\/www.firstthingsfirst.org\/es\/","logo":{"@type":"ImageObject","inLanguage":"es","@id":"https:\/\/www.firstthingsfirst.org\/es\/#\/schema\/logo\/image\/","url":"https:\/\/www.firstthingsfirst.org\/wp-content\/uploads\/2018\/01\/firstthingsfirst_card_gray.jpg","contentUrl":"https:\/\/www.firstthingsfirst.org\/wp-content\/uploads\/2018\/01\/firstthingsfirst_card_gray.jpg","width":800,"height":450,"caption":"First Things First"},"image":{"@id":"https:\/\/www.firstthingsfirst.org\/es\/#\/schema\/logo\/image\/"},"sameAs":["https:\/\/www.facebook.com\/AZFirstThingsFirst\/","https:\/\/x.com\/AZFTF","https:\/\/www.instagram.com\/azfirstthingsfirst\/","https:\/\/www.linkedin.com\/company\/first-things-first","https:\/\/www.youtube.com\/user\/FTFArizona"]}]}},"_links":{"self":[{"href":"https:\/\/www.firstthingsfirst.org\/es\/wp-json\/wp\/v2\/pages\/50428","targetHints":{"allow":["GET"]}}],"collection":[{"href":"https:\/\/www.firstthingsfirst.org\/es\/wp-json\/wp\/v2\/pages"}],"about":[{"href":"https:\/\/www.firstthingsfirst.org\/es\/wp-json\/wp\/v2\/types\/page"}],"author":[{"embeddable":true,"href":"https:\/\/www.firstthingsfirst.org\/es\/wp-json\/wp\/v2\/users\/3"}],"replies":[{"embeddable":true,"href":"https:\/\/www.firstthingsfirst.org\/es\/wp-json\/wp\/v2\/comments?post=50428"}],"version-history":[{"count":0,"href":"https:\/\/www.firstthingsfirst.org\/es\/wp-json\/wp\/v2\/pages\/50428\/revisions"}],"up":[{"embeddable":true,"href":"https:\/\/www.firstthingsfirst.org\/es\/wp-json\/wp\/v2\/pages\/50404"}],"wp:featuredmedia":[{"embeddable":true,"href":"https:\/\/www.firstthingsfirst.org\/es\/wp-json\/wp\/v2\/media\/50014"}],"wp:attachment":[{"href":"https:\/\/www.firstthingsfirst.org\/es\/wp-json\/wp\/v2\/media?parent=50428"}],"curies":[{"name":"wp","href":"https:\/\/api.w.org\/{rel}","templated":true}]}}