{"id":50419,"date":"2023-05-22T17:53:22","date_gmt":"2023-05-22T17:53:22","guid":{"rendered":"https:\/\/www.firstthingsfirst.org\/?page_id=50419"},"modified":"2025-09-02T20:42:28","modified_gmt":"2025-09-02T20:42:28","slug":"encontrando-cuidado-infantil-en-arizona","status":"publish","type":"page","link":"https:\/\/www.firstthingsfirst.org\/es\/recursos-en-espanol\/cuidado-infantil-de-calidad-en-arizona\/encontrando-cuidado-infantil-en-arizona\/","title":{"rendered":"Encontrando Cuidado Infantil en Arizona"},"content":{"rendered":"<p>Hay varios tipos distintos de programas regulados de cuidado infantil y de educaci\u00f3n preescolar en Arizona, incluyendo a centros de cuidado infantil, hogares familiares de cuidado infantil y escuelas preescolares p\u00fablicas y privadas. Estos programas tienen licencia, son certificados y\/o registrados por el Departamento de Servicios para la Salud de Arizona (DHS por sus siglas en ingl\u00e9s), el Departamento de Seguridad Econ\u00f3mica de Arizona (DES por sus siglas en ingl\u00e9s), o el Departamento de Educaci\u00f3n de Arizona (ADE por sus siglas en ingl\u00e9s). (Tambi\u00e9n hay programas regulados en bases militares o tierras tribales).<\/p>\n<h2><strong>Busque programas que participen en Quality First<\/strong><br \/>\n<b><img loading=\"lazy\" decoding=\"async\" class=\"size-full wp-image-23228 alignright\" src=\"https:\/\/www.firstthingsfirst.org\/wp-content\/uploads\/2019\/03\/Quality-First-AZ-01.png\" alt=\"Quality First AZ\" width=\"323\" height=\"331\" \/><\/b><\/h2>\n<p>M\u00e1s de 1,300 centros de cuidado infantil, hogares y programas preescolares en comunidades a trav\u00e9s de Arizona participan en Quality First. Todos tienen licencia y est\u00e1n regulados en Arizona, pero la participaci\u00f3n en Quality First es voluntaria. Estos programas est\u00e1n dedicados a mejorar la calidad, yendo m\u00e1s all\u00e1 de los requerimientos regulatorios para ayudar a que beb\u00e9s, ni\u00f1as y ni\u00f1os peque\u00f1os y de edad preescolar bajo su cuidado est\u00e9n listos para el \u00e9xito en la escuela y m\u00e1s all\u00e1.<\/p>\n<p>A cada programa en Quality First se le eval\u00faa y se le otorga una Clasificaci\u00f3n por Estrellas basada en los componentes clave de la educaci\u00f3n y el cuidado temprano de calidad \u2014 cosas como pr\u00e1cticas de salud y seguridad, entornos de aprendizaje e interacciones entre los maestros y los ni\u00f1os y ni\u00f1as que ayudan a apoyar el lenguaje, el pensamiento y las habilidades sociales de los ni\u00f1os y ni\u00f1as.<\/p>\n<p>La mayor\u00eda de los programas en Quality First han obtenido clasificaciones que cumplen o superan los est\u00e1ndares de calidad (3 estrellas y m\u00e1s). Y sin importar su nivel actual de clasificaci\u00f3n, usted puede estar seguro\/a de que los programas que participan en Quality First est\u00e1n dedicados a mejorar la calidad del cuidado y la educaci\u00f3n temprana que proveen a ni\u00f1as y ni\u00f1os peque\u00f1os.<\/p>\n<p><strong>Obtenga ayuda para encontrar cuidado infantil de calidad en Arizona<\/strong><\/p>\n<p><img loading=\"lazy\" decoding=\"async\" class=\"size-full wp-image-46850 alignright\" src=\"https:\/\/www.firstthingsfirst.org\/wp-content\/uploads\/2023\/04\/ccrr.jpg\" alt=\"Child Care Resource &amp; Referral\" width=\"830\" height=\"596\" \/><a href=\"https:\/\/www.azccrr.com\/\"><b>Child Care Resource and Referral<\/b><\/a> (CCR&amp;R) ayuda a las familias buscando todo tipo de cuidado infantil regulado en Arizona. CCR&amp;R provee orientaci\u00f3n personalizada por tel\u00e9fono, en persona o en l\u00ednea. Usted puede hacer preguntas y averiguar sobre:<\/p>\n<ul>\n<li>Normas y regulaciones estatales sobre licencias<\/li>\n<li>C\u00f3mo puede usted obtener ayuda para pagar el cuidado infantil<\/li>\n<li>Proveedores de cuidado infantil y programas preescolares cerca de usted<\/li>\n<li>Preguntas que debe hacerles a los proveedores que usted est\u00e9 considerando<\/li>\n<\/ul>\n<p>&nbsp;<\/p>\n<p><strong>Por Tel\u00e9fono:<\/strong> Llame a CCR&amp;R al <strong>1-800-308-9000<\/strong>. El horario laboral es de lunes a viernes, de 8 a.m. a 6 p.m. y el s\u00e1bado de 8 a.m. a 12 p.m.<\/p>\n<p><strong>En L\u00ednea: <\/strong>Usted tambi\u00e9n puede buscar programas de cuidado infantil y preescolares utilizando la<a href=\"https:\/\/azchildcareprovidersearch.azdes.gov\/\" target=\"_blank\" rel=\"noopener\"><strong> herramienta de B\u00fasqueda de Proveedores de Cuidado Infantil de Arizona<\/strong><\/a> de CCR&amp;R.<\/p>\n<p>CCR&amp;R es financiada por el Departamento de Seguridad Econ\u00f3mica de Arizona. Obtenga m\u00e1s informaci\u00f3n sobre el cuidado infantil en Arizona en el sitio web de <a href=\"https:\/\/www.azccrr.com\/providers-needed.html\" target=\"_blank\" rel=\"noopener\"><b>Little Moments. Big Impact.<\/b><\/a><strong>\u00a0<\/strong>(Peque\u00f1os Momentos. Gran Impacto) de DES.<\/p>\n<p>&nbsp;<\/p>\n<p>\u00bfProveedor? Visite QualityFirstAZ.com<\/p>\n<p>Quality First apoya los programas de cuidado y educaci\u00f3n temprana en lo que mejor saben hacer \u2014 ayudar a preparar a los ni\u00f1os y ni\u00f1as para tener \u00e9xito en el kindergarten y m\u00e1s all\u00e1.<\/p>\n<p>Aprenda M\u00e1s<\/p>\n<p><strong>Encuentre programas de Head Start<\/strong><strong><img loading=\"lazy\" decoding=\"async\" class=\"size-full wp-image-46849 alignright\" src=\"https:\/\/www.firstthingsfirst.org\/wp-content\/uploads\/2023\/04\/headstart.jpg\" alt=\"Head Start\" width=\"832\" height=\"792\" \/><\/strong><\/p>\n<p>Los programas preescolares de<strong> <a href=\"https:\/\/eclkc.ohs.acf.hhs.gov\/\">Head Start<\/a> <\/strong>(para ni\u00f1os y ni\u00f1as de 3 y 4 a\u00f1os de edad) y Early Head Start (para beb\u00e9s y ni\u00f1as y ni\u00f1os peque\u00f1os) proveen a las familias de bajos ingresos (en o debajo del nivel federal de pobreza), servicios gratuitos de aprendizaje temprano de alta calidad, adem\u00e1s de nutrici\u00f3n, salud, salud mental, discapacidades y servicios sociales, todos con un s\u00f3lido enfoque en la participaci\u00f3n de los padres de familia. Ambos programas tambi\u00e9n le dan la bienvenida a ni\u00f1as y ni\u00f1os con discapacidades.<\/p>\n<p>Los programas de Head Start generalmente proveen cuidado y educaci\u00f3n temprana durante parte del d\u00eda. Algunos programas tambi\u00e9n inscriben a un porcentaje de ni\u00f1as y ni\u00f1os de familias con ingresos por encima de las directrices de pobreza. El personal del programa Head Start determina la elegibilidad.<\/p>\n<p>Use el <a href=\"https:\/\/eclkc.ohs.acf.hhs.gov\/center-locator\" target=\"_blank\" rel=\"noopener\"><strong>Localizador de Head Start<\/strong><\/a> para encontrar un programa cerca de usted. Tambi\u00e9n puede ver esta <a href=\"https:\/\/www.azed.gov\/sites\/default\/files\/media\/AZHSA%20State-Wide%20Recruitment%20Flyer%20English.pdf\" target=\"_blank\" rel=\"noopener\"><strong>hoja informativa de Arizona Head Start<\/strong><\/a> para encontrar su programa local. (Tambi\u00e9n est\u00e1 disponible en <a href=\"https:\/\/www.azed.gov\/sites\/default\/files\/media\/AZHSA%20State-Wide%20Recruitment%20Flyer%20Spanish.pdf\" target=\"_blank\" rel=\"noopener\"><strong>espa\u00f1ol<\/strong><\/a>.)<\/p>\n<p>Despu\u00e9s, comun\u00edquese con el programa Head Start o Early Head Start que provea servicios a su comunidad. Ellos pueden ayudarle a averiguar si su hijo o hija califica, y explicarle c\u00f3mo presentar la solicitud.<\/p>","protected":false},"excerpt":{"rendered":"<p>Hay varios tipos distintos de programas regulados de cuidado infantil y de educaci\u00f3n preescolar en Arizona, incluyendo a centros de cuidado infantil, hogares familiares de cuidado infantil y escuelas preescolares p\u00fablicas y privadas. Estos programas tienen licencia, son certificados y\/o registrados por el Departamento de Servicios para la Salud de Arizona (DHS por sus siglas &hellip; <a class=\"more\" href=\"https:\/\/www.firstthingsfirst.org\/es\/recursos-en-espanol\/cuidado-infantil-de-calidad-en-arizona\/encontrando-cuidado-infantil-en-arizona\/\">Read More<i class=\"fas fa-arrow-circle-right\"><\/i><\/a><\/p>\n","protected":false},"author":3,"featured_media":50007,"parent":50404,"menu_order":5,"comment_status":"closed","ping_status":"closed","template":"template-quality-first-es.php","meta":{"_acf_changed":false,"footnotes":""},"class_list":["post-50419","page","type-page","status-publish","has-post-thumbnail","hentry"],"acf":[],"yoast_head":"<!-- This site is optimized with the Yoast SEO Premium plugin v27.1 (Yoast SEO v27.1.1) - https:\/\/yoast.com\/product\/yoast-seo-premium-wordpress\/ -->\n<title>Encontrando Cuidado Infantil en Arizona - First Things First<\/title>\n<meta name=\"robots\" content=\"index, follow, max-snippet:-1, max-image-preview:large, max-video-preview:-1\" \/>\n<link rel=\"canonical\" href=\"https:\/\/www.firstthingsfirst.org\/es\/recursos-en-espanol\/cuidado-infantil-de-calidad-en-arizona\/encontrando-cuidado-infantil-en-arizona\/\" \/>\n<meta property=\"og:locale\" content=\"es_ES\" \/>\n<meta property=\"og:type\" content=\"article\" \/>\n<meta property=\"og:title\" content=\"Encontrando Cuidado Infantil en Arizona\" \/>\n<meta property=\"og:description\" content=\"Hay varios tipos distintos de programas regulados de cuidado infantil y de educaci\u00f3n preescolar en Arizona, incluyendo a centros de cuidado infantil, hogares familiares de cuidado infantil y escuelas preescolares p\u00fablicas y privadas. Estos programas tienen licencia, son certificados y\/o registrados por el Departamento de Servicios para la Salud de Arizona (DHS por sus siglas &hellip; Read More\" \/>\n<meta property=\"og:url\" content=\"https:\/\/www.firstthingsfirst.org\/es\/recursos-en-espanol\/cuidado-infantil-de-calidad-en-arizona\/encontrando-cuidado-infantil-en-arizona\/\" \/>\n<meta property=\"og:site_name\" content=\"First Things First\" \/>\n<meta property=\"article:publisher\" content=\"https:\/\/www.facebook.com\/AZFirstThingsFirst\/\" \/>\n<meta property=\"article:modified_time\" content=\"2025-09-02T20:42:28+00:00\" \/>\n<meta property=\"og:image\" content=\"https:\/\/www.firstthingsfirst.org\/wp-content\/uploads\/2023\/04\/Screen-Shot-2022-11-14-at-5.45.03-PM.jpg\" \/>\n\t<meta property=\"og:image:width\" content=\"1300\" \/>\n\t<meta property=\"og:image:height\" content=\"681\" \/>\n\t<meta property=\"og:image:type\" content=\"image\/jpeg\" \/>\n<meta name=\"twitter:card\" content=\"summary_large_image\" \/>\n<meta name=\"twitter:site\" content=\"@AZFTF\" \/>\n<meta name=\"twitter:label1\" content=\"Tiempo de lectura\" \/>\n\t<meta name=\"twitter:data1\" content=\"8 minutos\" \/>\n<script type=\"application\/ld+json\" class=\"yoast-schema-graph\">{\"@context\":\"https:\/\/schema.org\",\"@graph\":[{\"@type\":\"WebPage\",\"@id\":\"https:\/\/www.firstthingsfirst.org\/es\/recursos-en-espanol\/cuidado-infantil-de-calidad-en-arizona\/encontrando-cuidado-infantil-en-arizona\/\",\"url\":\"https:\/\/www.firstthingsfirst.org\/es\/recursos-en-espanol\/cuidado-infantil-de-calidad-en-arizona\/encontrando-cuidado-infantil-en-arizona\/\",\"name\":\"Encontrando Cuidado Infantil en Arizona - First Things First\",\"isPartOf\":{\"@id\":\"https:\/\/www.firstthingsfirst.org\/es\/#website\"},\"primaryImageOfPage\":{\"@id\":\"https:\/\/www.firstthingsfirst.org\/es\/recursos-en-espanol\/cuidado-infantil-de-calidad-en-arizona\/encontrando-cuidado-infantil-en-arizona\/#primaryimage\"},\"image\":{\"@id\":\"https:\/\/www.firstthingsfirst.org\/es\/recursos-en-espanol\/cuidado-infantil-de-calidad-en-arizona\/encontrando-cuidado-infantil-en-arizona\/#primaryimage\"},\"thumbnailUrl\":\"https:\/\/www.firstthingsfirst.org\/wp-content\/uploads\/2023\/04\/Screen-Shot-2022-11-14-at-5.45.03-PM.jpg\",\"datePublished\":\"2023-05-22T17:53:22+00:00\",\"dateModified\":\"2025-09-02T20:42:28+00:00\",\"breadcrumb\":{\"@id\":\"https:\/\/www.firstthingsfirst.org\/es\/recursos-en-espanol\/cuidado-infantil-de-calidad-en-arizona\/encontrando-cuidado-infantil-en-arizona\/#breadcrumb\"},\"inLanguage\":\"es\",\"potentialAction\":[{\"@type\":\"ReadAction\",\"target\":[\"https:\/\/www.firstthingsfirst.org\/es\/recursos-en-espanol\/cuidado-infantil-de-calidad-en-arizona\/encontrando-cuidado-infantil-en-arizona\/\"]}]},{\"@type\":\"ImageObject\",\"inLanguage\":\"es\",\"@id\":\"https:\/\/www.firstthingsfirst.org\/es\/recursos-en-espanol\/cuidado-infantil-de-calidad-en-arizona\/encontrando-cuidado-infantil-en-arizona\/#primaryimage\",\"url\":\"https:\/\/www.firstthingsfirst.org\/wp-content\/uploads\/2023\/04\/Screen-Shot-2022-11-14-at-5.45.03-PM.jpg\",\"contentUrl\":\"https:\/\/www.firstthingsfirst.org\/wp-content\/uploads\/2023\/04\/Screen-Shot-2022-11-14-at-5.45.03-PM.jpg\",\"width\":1300,\"height\":681},{\"@type\":\"BreadcrumbList\",\"@id\":\"https:\/\/www.firstthingsfirst.org\/es\/recursos-en-espanol\/cuidado-infantil-de-calidad-en-arizona\/encontrando-cuidado-infantil-en-arizona\/#breadcrumb\",\"itemListElement\":[{\"@type\":\"ListItem\",\"position\":1,\"name\":\"Home\",\"item\":\"https:\/\/www.firstthingsfirst.org\/es\/\"},{\"@type\":\"ListItem\",\"position\":2,\"name\":\"Recursos en Espa\u00f1ol\",\"item\":\"https:\/\/www.firstthingsfirst.org\/es\/recursos-en-espanol\/\"},{\"@type\":\"ListItem\",\"position\":3,\"name\":\"Cuidado Infantil de Calidad en Arizona\",\"item\":\"https:\/\/www.firstthingsfirst.org\/es\/recursos-en-espanol\/cuidado-infantil-de-calidad-en-arizona\/\"},{\"@type\":\"ListItem\",\"position\":4,\"name\":\"Encontrando Cuidado Infantil en Arizona\"}]},{\"@type\":\"WebSite\",\"@id\":\"https:\/\/www.firstthingsfirst.org\/es\/#website\",\"url\":\"https:\/\/www.firstthingsfirst.org\/es\/\",\"name\":\"First Things First\",\"description\":\"\",\"publisher\":{\"@id\":\"https:\/\/www.firstthingsfirst.org\/es\/#organization\"},\"potentialAction\":[{\"@type\":\"SearchAction\",\"target\":{\"@type\":\"EntryPoint\",\"urlTemplate\":\"https:\/\/www.firstthingsfirst.org\/es\/?s={search_term_string}\"},\"query-input\":{\"@type\":\"PropertyValueSpecification\",\"valueRequired\":true,\"valueName\":\"search_term_string\"}}],\"inLanguage\":\"es\"},{\"@type\":\"Organization\",\"@id\":\"https:\/\/www.firstthingsfirst.org\/es\/#organization\",\"name\":\"First Things First\",\"url\":\"https:\/\/www.firstthingsfirst.org\/es\/\",\"logo\":{\"@type\":\"ImageObject\",\"inLanguage\":\"es\",\"@id\":\"https:\/\/www.firstthingsfirst.org\/es\/#\/schema\/logo\/image\/\",\"url\":\"https:\/\/www.firstthingsfirst.org\/wp-content\/uploads\/2018\/01\/firstthingsfirst_card_gray.jpg\",\"contentUrl\":\"https:\/\/www.firstthingsfirst.org\/wp-content\/uploads\/2018\/01\/firstthingsfirst_card_gray.jpg\",\"width\":800,\"height\":450,\"caption\":\"First Things First\"},\"image\":{\"@id\":\"https:\/\/www.firstthingsfirst.org\/es\/#\/schema\/logo\/image\/\"},\"sameAs\":[\"https:\/\/www.facebook.com\/AZFirstThingsFirst\/\",\"https:\/\/x.com\/AZFTF\",\"https:\/\/www.instagram.com\/azfirstthingsfirst\/\",\"https:\/\/www.linkedin.com\/company\/first-things-first\",\"https:\/\/www.youtube.com\/user\/FTFArizona\"]}]}<\/script>\n<!-- \/ Yoast SEO Premium plugin. -->","yoast_head_json":{"title":"Encontrando Cuidado Infantil en Arizona - First Things First","robots":{"index":"index","follow":"follow","max-snippet":"max-snippet:-1","max-image-preview":"max-image-preview:large","max-video-preview":"max-video-preview:-1"},"canonical":"https:\/\/www.firstthingsfirst.org\/es\/recursos-en-espanol\/cuidado-infantil-de-calidad-en-arizona\/encontrando-cuidado-infantil-en-arizona\/","og_locale":"es_ES","og_type":"article","og_title":"Encontrando Cuidado Infantil en Arizona","og_description":"Hay varios tipos distintos de programas regulados de cuidado infantil y de educaci\u00f3n preescolar en Arizona, incluyendo a centros de cuidado infantil, hogares familiares de cuidado infantil y escuelas preescolares p\u00fablicas y privadas. Estos programas tienen licencia, son certificados y\/o registrados por el Departamento de Servicios para la Salud de Arizona (DHS por sus siglas &hellip; Read More","og_url":"https:\/\/www.firstthingsfirst.org\/es\/recursos-en-espanol\/cuidado-infantil-de-calidad-en-arizona\/encontrando-cuidado-infantil-en-arizona\/","og_site_name":"First Things First","article_publisher":"https:\/\/www.facebook.com\/AZFirstThingsFirst\/","article_modified_time":"2025-09-02T20:42:28+00:00","og_image":[{"width":1300,"height":681,"url":"https:\/\/www.firstthingsfirst.org\/wp-content\/uploads\/2023\/04\/Screen-Shot-2022-11-14-at-5.45.03-PM.jpg","type":"image\/jpeg"}],"twitter_card":"summary_large_image","twitter_site":"@AZFTF","twitter_misc":{"Tiempo de lectura":"8 minutos"},"schema":{"@context":"https:\/\/schema.org","@graph":[{"@type":"WebPage","@id":"https:\/\/www.firstthingsfirst.org\/es\/recursos-en-espanol\/cuidado-infantil-de-calidad-en-arizona\/encontrando-cuidado-infantil-en-arizona\/","url":"https:\/\/www.firstthingsfirst.org\/es\/recursos-en-espanol\/cuidado-infantil-de-calidad-en-arizona\/encontrando-cuidado-infantil-en-arizona\/","name":"Encontrando Cuidado Infantil en Arizona - First Things First","isPartOf":{"@id":"https:\/\/www.firstthingsfirst.org\/es\/#website"},"primaryImageOfPage":{"@id":"https:\/\/www.firstthingsfirst.org\/es\/recursos-en-espanol\/cuidado-infantil-de-calidad-en-arizona\/encontrando-cuidado-infantil-en-arizona\/#primaryimage"},"image":{"@id":"https:\/\/www.firstthingsfirst.org\/es\/recursos-en-espanol\/cuidado-infantil-de-calidad-en-arizona\/encontrando-cuidado-infantil-en-arizona\/#primaryimage"},"thumbnailUrl":"https:\/\/www.firstthingsfirst.org\/wp-content\/uploads\/2023\/04\/Screen-Shot-2022-11-14-at-5.45.03-PM.jpg","datePublished":"2023-05-22T17:53:22+00:00","dateModified":"2025-09-02T20:42:28+00:00","breadcrumb":{"@id":"https:\/\/www.firstthingsfirst.org\/es\/recursos-en-espanol\/cuidado-infantil-de-calidad-en-arizona\/encontrando-cuidado-infantil-en-arizona\/#breadcrumb"},"inLanguage":"es","potentialAction":[{"@type":"ReadAction","target":["https:\/\/www.firstthingsfirst.org\/es\/recursos-en-espanol\/cuidado-infantil-de-calidad-en-arizona\/encontrando-cuidado-infantil-en-arizona\/"]}]},{"@type":"ImageObject","inLanguage":"es","@id":"https:\/\/www.firstthingsfirst.org\/es\/recursos-en-espanol\/cuidado-infantil-de-calidad-en-arizona\/encontrando-cuidado-infantil-en-arizona\/#primaryimage","url":"https:\/\/www.firstthingsfirst.org\/wp-content\/uploads\/2023\/04\/Screen-Shot-2022-11-14-at-5.45.03-PM.jpg","contentUrl":"https:\/\/www.firstthingsfirst.org\/wp-content\/uploads\/2023\/04\/Screen-Shot-2022-11-14-at-5.45.03-PM.jpg","width":1300,"height":681},{"@type":"BreadcrumbList","@id":"https:\/\/www.firstthingsfirst.org\/es\/recursos-en-espanol\/cuidado-infantil-de-calidad-en-arizona\/encontrando-cuidado-infantil-en-arizona\/#breadcrumb","itemListElement":[{"@type":"ListItem","position":1,"name":"Home","item":"https:\/\/www.firstthingsfirst.org\/es\/"},{"@type":"ListItem","position":2,"name":"Recursos en Espa\u00f1ol","item":"https:\/\/www.firstthingsfirst.org\/es\/recursos-en-espanol\/"},{"@type":"ListItem","position":3,"name":"Cuidado Infantil de Calidad en Arizona","item":"https:\/\/www.firstthingsfirst.org\/es\/recursos-en-espanol\/cuidado-infantil-de-calidad-en-arizona\/"},{"@type":"ListItem","position":4,"name":"Encontrando Cuidado Infantil en Arizona"}]},{"@type":"WebSite","@id":"https:\/\/www.firstthingsfirst.org\/es\/#website","url":"https:\/\/www.firstthingsfirst.org\/es\/","name":"First Things First","description":"","publisher":{"@id":"https:\/\/www.firstthingsfirst.org\/es\/#organization"},"potentialAction":[{"@type":"SearchAction","target":{"@type":"EntryPoint","urlTemplate":"https:\/\/www.firstthingsfirst.org\/es\/?s={search_term_string}"},"query-input":{"@type":"PropertyValueSpecification","valueRequired":true,"valueName":"search_term_string"}}],"inLanguage":"es"},{"@type":"Organization","@id":"https:\/\/www.firstthingsfirst.org\/es\/#organization","name":"First Things First","url":"https:\/\/www.firstthingsfirst.org\/es\/","logo":{"@type":"ImageObject","inLanguage":"es","@id":"https:\/\/www.firstthingsfirst.org\/es\/#\/schema\/logo\/image\/","url":"https:\/\/www.firstthingsfirst.org\/wp-content\/uploads\/2018\/01\/firstthingsfirst_card_gray.jpg","contentUrl":"https:\/\/www.firstthingsfirst.org\/wp-content\/uploads\/2018\/01\/firstthingsfirst_card_gray.jpg","width":800,"height":450,"caption":"First Things First"},"image":{"@id":"https:\/\/www.firstthingsfirst.org\/es\/#\/schema\/logo\/image\/"},"sameAs":["https:\/\/www.facebook.com\/AZFirstThingsFirst\/","https:\/\/x.com\/AZFTF","https:\/\/www.instagram.com\/azfirstthingsfirst\/","https:\/\/www.linkedin.com\/company\/first-things-first","https:\/\/www.youtube.com\/user\/FTFArizona"]}]}},"_links":{"self":[{"href":"https:\/\/www.firstthingsfirst.org\/es\/wp-json\/wp\/v2\/pages\/50419","targetHints":{"allow":["GET"]}}],"collection":[{"href":"https:\/\/www.firstthingsfirst.org\/es\/wp-json\/wp\/v2\/pages"}],"about":[{"href":"https:\/\/www.firstthingsfirst.org\/es\/wp-json\/wp\/v2\/types\/page"}],"author":[{"embeddable":true,"href":"https:\/\/www.firstthingsfirst.org\/es\/wp-json\/wp\/v2\/users\/3"}],"replies":[{"embeddable":true,"href":"https:\/\/www.firstthingsfirst.org\/es\/wp-json\/wp\/v2\/comments?post=50419"}],"version-history":[{"count":0,"href":"https:\/\/www.firstthingsfirst.org\/es\/wp-json\/wp\/v2\/pages\/50419\/revisions"}],"up":[{"embeddable":true,"href":"https:\/\/www.firstthingsfirst.org\/es\/wp-json\/wp\/v2\/pages\/50404"}],"wp:featuredmedia":[{"embeddable":true,"href":"https:\/\/www.firstthingsfirst.org\/es\/wp-json\/wp\/v2\/media\/50007"}],"wp:attachment":[{"href":"https:\/\/www.firstthingsfirst.org\/es\/wp-json\/wp\/v2\/media?parent=50419"}],"curies":[{"name":"wp","href":"https:\/\/api.w.org\/{rel}","templated":true}]}}