{"id":50404,"date":"2023-05-22T17:32:55","date_gmt":"2023-05-22T17:32:55","guid":{"rendered":"https:\/\/www.firstthingsfirst.org\/?page_id=50404"},"modified":"2023-08-02T17:25:27","modified_gmt":"2023-08-02T17:25:27","slug":"cuidado-infantil-de-calidad-en-arizona","status":"publish","type":"page","link":"https:\/\/www.firstthingsfirst.org\/es\/recursos-en-espanol\/cuidado-infantil-de-calidad-en-arizona\/","title":{"rendered":"Cuidado Infantil de Calidad en Arizona"},"content":{"rendered":"<p>Elegir un programa de cuidado infantil o de educaci\u00f3n preescolar para su hija o hijo peque\u00f1o es una gran decisi\u00f3n. Es importante considerar cosas tales como ubicaci\u00f3n, disponibilidad, horario y costo, as\u00ed como la calidad del programa. La investigaci\u00f3n muestra que los programas de cuidado y educaci\u00f3n temprana de calidad ayudan a ni\u00f1as y ni\u00f1os peque\u00f1os a aprender, crecer y estar listos para el \u00e9xito en el kindergarten y m\u00e1s all\u00e1.<\/p>\n<p><strong>\u00bfQu\u00e9 es el cuidado infantil y la educaci\u00f3n preescolar de calidad?<\/strong><\/p>\n<p>Hay muchos elementos que forman parte de los programas de cuidado y educaci\u00f3n temprana de calidad, incluyendo:<\/p>\n<ul>\n<li>Pr\u00e1cticas de salud y seguridad que promueven el bienestar de los ni\u00f1os\/as<\/li>\n<li>Maestros capacitados que convierten las experiencias cotidianas en momentos de aprendizaje, y que proveen a los ni\u00f1os\/as la atenci\u00f3n individual que necesitan<\/li>\n<li>Entornos de aprendizaje que fomentan el desarrollo emocional, social, ling\u00fc\u00edstico y cognitivo, incluyendo actividades apropiadas para la edad, libros, juguetes y materiales de aprendizaje<\/li>\n<li>Oportunidades para el juego activo y la exploraci\u00f3n pr\u00e1ctica durante todo el d\u00eda<\/li>\n<li>Informaci\u00f3n regularmente provista a los padres de familia sobre el desarrollo de sus hijos\/as<\/li>\n<\/ul>\n<table style=\"border-collapse: collapse; width: 100%;\">\n<tbody>\n<tr>\n<td style=\"width: 100%;\"><img decoding=\"async\" loading=\"lazy\" class=\"alignnone size-full wp-image-46949\" style=\"width: auto; max-width: 100%;\" src=\"https:\/\/www.firstthingsfirst.org\/wp-content\/uploads\/2023\/04\/qf_trans_small.png\" alt=\"Quality First Logo\" width=\"608\" height=\"229\" \/><\/td>\n<td style=\"width: 0%;\"><\/td>\n<\/tr>\n<tr>\n<td style=\"width: 100%;\"><div id=\"asl-search\" class=\"asl-cont asl-search\" data-lang=\"en\">\n      <section class=\"asl-search-cont\">\n\t  \t<h3>Find Quality Child Care<\/h3>\n\t\t<div class=\"sl-container-fluid\">\n\t\t\t<div class=\"sl-row\">\n\t\t\t\t<div class=\"pol-lg-12\">\n\t\t\t\t\t<div class=\"sl-row asl-search-widget text-center center-block\">\n\t\t\t\t\t\t<div class=\"pol-12 p-0 asl-search-input-col\">\n\t\t\t\t\t\t\t<button class=\"asl-clear-btn\" type=\"button\"><svg width=\"12\" height=\"12\" viewBox=\"0 0 12 12\" xmlns=\"http:\/\/www.w3.org\/2000\/svg\"><path d=\"M.566 1.698L0 1.13 1.132 0l.565.566L6 4.868 10.302.566 10.868 0 12 1.132l-.566.565L7.132 6l4.302 4.3.566.568L10.868 12l-.565-.566L6 7.132l-4.3 4.302L1.13 12 0 10.868l.566-.565L4.868 6 .566 1.698z\"><\/path><\/svg><\/button>\n\t\t\t\t\t\t\t<input data-submit=\"disable\" id=\"sl-search-widget-text\" class=\"form-control asl-search-cntrl isp_ignore border-r-0\" placeholder=\"Enter address\">\n\t\t\t\t\t\t\t<span class=\"err-spn\">Destination missing or invalid<\/span>\n\t\t\t\t\t\t\t<a title=\"Ubicaci\u00f3n actual\" class=\"sl-geo-btn asl-geo\">\n\t\t\t\t\t\t\t\t<svg width=\"20px\" height=\"20px\" viewBox=\"0 0 561 561\" fill=\"\">\n\t\t\t\t\t\t\t\t\t<path d=\"M280.5,178.5c-56.1,0-102,45.9-102,102c0,56.1,45.9,102,102,102c56.1,0,102-45.9,102-102 C382.5,224.4,336.6,178.5,280.5,178.5z M507.45,255C494.7,147.9,410.55,63.75,306,53.55V0h-51v53.55 C147.9,63.75,63.75,147.9,53.55,255H0v51h53.55C66.3,413.1,150.45,497.25,255,507.45V561h51v-53.55 C413.1,494.7,497.25,410.55,507.45,306H561v-51H507.45z M280.5,459C181.05,459,102,379.95,102,280.5S181.05,102,280.5,102 S459,181.05,459,280.5S379.95,459,280.5,459z\"><\/path>\n\t\t\t\t\t\t\t\t<\/svg>\n\t\t\t\t\t\t\t<\/a>\n\t\t\t\t\t\t<\/div>\n\n\t\t\t\t\t\t<div class=\"pol-12 p-0 asl-search-btn-col\">\n\t\t\t\t\t\t\t<button id=\"asl-btn-search\" type=\"button\"  class=\"asl-search-btn btn btn-qfSecondary\">Buscar<\/button>\n\t\t\t\t\t\t<\/div>\n\t\t\t\t\t<\/div>\n\t\t\t\t<\/div>\n\t\t\t<\/div>\n\t\t<\/div>\n\t\t<a href=\"\/quality-first-search\" class=\"advanced-search-link small btn btn-link p-0\" style=\"height: auto !important\">Advanced Search &raquo;<\/a>\n      <\/section>\n<\/div>\n<\/td>\n<td style=\"width: 0%;\"><\/td>\n<\/tr>\n<\/tbody>\n<\/table>\n<p>Debido a que el aprendizaje comienza desde el nacimiento, y muchas familias de Arizona necesitan cuidado infantil, First Things First financia a Quality First, a fin de ayudar a los proveedores de cuidado y educaci\u00f3n temprana en nuestro estado a mejorar la calidad de sus programas, a trav\u00e9s del desarrollo profesional y capacitaci\u00f3n, asistencia especializada, y financiaci\u00f3n para mejorar sus instalaciones y materiales de aprendizaje.<\/p>","protected":false},"excerpt":{"rendered":"<p>Elegir un programa de cuidado infantil o de educaci\u00f3n preescolar para su hija o hijo peque\u00f1o es una gran decisi\u00f3n. Es importante considerar cosas tales como ubicaci\u00f3n, disponibilidad, horario y costo, as\u00ed como la calidad del programa. La investigaci\u00f3n muestra que los programas de cuidado y educaci\u00f3n temprana de calidad ayudan a ni\u00f1as y ni\u00f1os &hellip; <a class=\"more\" href=\"https:\/\/www.firstthingsfirst.org\/es\/recursos-en-espanol\/cuidado-infantil-de-calidad-en-arizona\/\">Read More<i class=\"fas fa-arrow-circle-right\"><\/i><\/a><\/p>\n","protected":false},"author":3,"featured_media":49988,"parent":37481,"menu_order":0,"comment_status":"closed","ping_status":"closed","template":"","meta":{"_acf_changed":false,"footnotes":""},"class_list":["post-50404","page","type-page","status-publish","has-post-thumbnail","hentry"],"acf":[],"yoast_head":"<!-- This site is optimized with the Yoast SEO Premium plugin v27.1 (Yoast SEO v27.1.1) - https:\/\/yoast.com\/product\/yoast-seo-premium-wordpress\/ -->\n<title>Cuidado Infantil de Calidad en Arizona - First Things First<\/title>\n<meta name=\"robots\" content=\"index, follow, max-snippet:-1, max-image-preview:large, max-video-preview:-1\" \/>\n<link rel=\"canonical\" href=\"https:\/\/www.firstthingsfirst.org\/es\/recursos-en-espanol\/cuidado-infantil-de-calidad-en-arizona\/\" \/>\n<meta property=\"og:locale\" content=\"es_ES\" \/>\n<meta property=\"og:type\" content=\"article\" \/>\n<meta property=\"og:title\" content=\"Cuidado Infantil de Calidad en Arizona\" \/>\n<meta property=\"og:description\" content=\"Elegir un programa de cuidado infantil o de educaci\u00f3n preescolar para su hija o hijo peque\u00f1o es una gran decisi\u00f3n. Es importante considerar cosas tales como ubicaci\u00f3n, disponibilidad, horario y costo, as\u00ed como la calidad del programa. La investigaci\u00f3n muestra que los programas de cuidado y educaci\u00f3n temprana de calidad ayudan a ni\u00f1as y ni\u00f1os &hellip; Read More\" \/>\n<meta property=\"og:url\" content=\"https:\/\/www.firstthingsfirst.org\/es\/recursos-en-espanol\/cuidado-infantil-de-calidad-en-arizona\/\" \/>\n<meta property=\"og:site_name\" content=\"First Things First\" \/>\n<meta property=\"article:publisher\" content=\"https:\/\/www.facebook.com\/AZFirstThingsFirst\/\" \/>\n<meta property=\"article:modified_time\" content=\"2023-08-02T17:25:27+00:00\" \/>\n<meta property=\"og:image\" content=\"https:\/\/www.firstthingsfirst.org\/wp-content\/uploads\/2023\/04\/qf_hero_1.jpg\" \/>\n\t<meta property=\"og:image:width\" content=\"1200\" \/>\n\t<meta property=\"og:image:height\" content=\"629\" \/>\n\t<meta property=\"og:image:type\" content=\"image\/jpeg\" \/>\n<meta name=\"twitter:card\" content=\"summary_large_image\" \/>\n<meta name=\"twitter:site\" content=\"@AZFTF\" \/>\n<meta name=\"twitter:label1\" content=\"Tiempo de lectura\" \/>\n\t<meta name=\"twitter:data1\" content=\"2 minutos\" \/>\n<script type=\"application\/ld+json\" class=\"yoast-schema-graph\">{\"@context\":\"https:\/\/schema.org\",\"@graph\":[{\"@type\":\"WebPage\",\"@id\":\"https:\/\/www.firstthingsfirst.org\/es\/recursos-en-espanol\/cuidado-infantil-de-calidad-en-arizona\/\",\"url\":\"https:\/\/www.firstthingsfirst.org\/es\/recursos-en-espanol\/cuidado-infantil-de-calidad-en-arizona\/\",\"name\":\"Cuidado Infantil de Calidad en Arizona - First Things First\",\"isPartOf\":{\"@id\":\"https:\/\/www.firstthingsfirst.org\/es\/#website\"},\"primaryImageOfPage\":{\"@id\":\"https:\/\/www.firstthingsfirst.org\/es\/recursos-en-espanol\/cuidado-infantil-de-calidad-en-arizona\/#primaryimage\"},\"image\":{\"@id\":\"https:\/\/www.firstthingsfirst.org\/es\/recursos-en-espanol\/cuidado-infantil-de-calidad-en-arizona\/#primaryimage\"},\"thumbnailUrl\":\"https:\/\/www.firstthingsfirst.org\/wp-content\/uploads\/2023\/04\/qf_hero_1.jpg\",\"datePublished\":\"2023-05-22T17:32:55+00:00\",\"dateModified\":\"2023-08-02T17:25:27+00:00\",\"breadcrumb\":{\"@id\":\"https:\/\/www.firstthingsfirst.org\/es\/recursos-en-espanol\/cuidado-infantil-de-calidad-en-arizona\/#breadcrumb\"},\"inLanguage\":\"es\",\"potentialAction\":[{\"@type\":\"ReadAction\",\"target\":[\"https:\/\/www.firstthingsfirst.org\/es\/recursos-en-espanol\/cuidado-infantil-de-calidad-en-arizona\/\"]}]},{\"@type\":\"ImageObject\",\"inLanguage\":\"es\",\"@id\":\"https:\/\/www.firstthingsfirst.org\/es\/recursos-en-espanol\/cuidado-infantil-de-calidad-en-arizona\/#primaryimage\",\"url\":\"https:\/\/www.firstthingsfirst.org\/wp-content\/uploads\/2023\/04\/qf_hero_1.jpg\",\"contentUrl\":\"https:\/\/www.firstthingsfirst.org\/wp-content\/uploads\/2023\/04\/qf_hero_1.jpg\",\"width\":1200,\"height\":629},{\"@type\":\"BreadcrumbList\",\"@id\":\"https:\/\/www.firstthingsfirst.org\/es\/recursos-en-espanol\/cuidado-infantil-de-calidad-en-arizona\/#breadcrumb\",\"itemListElement\":[{\"@type\":\"ListItem\",\"position\":1,\"name\":\"Home\",\"item\":\"https:\/\/www.firstthingsfirst.org\/es\/\"},{\"@type\":\"ListItem\",\"position\":2,\"name\":\"Recursos en Espa\u00f1ol\",\"item\":\"https:\/\/www.firstthingsfirst.org\/es\/recursos-en-espanol\/\"},{\"@type\":\"ListItem\",\"position\":3,\"name\":\"Cuidado Infantil de Calidad en Arizona\"}]},{\"@type\":\"WebSite\",\"@id\":\"https:\/\/www.firstthingsfirst.org\/es\/#website\",\"url\":\"https:\/\/www.firstthingsfirst.org\/es\/\",\"name\":\"First Things First\",\"description\":\"\",\"publisher\":{\"@id\":\"https:\/\/www.firstthingsfirst.org\/es\/#organization\"},\"potentialAction\":[{\"@type\":\"SearchAction\",\"target\":{\"@type\":\"EntryPoint\",\"urlTemplate\":\"https:\/\/www.firstthingsfirst.org\/es\/?s={search_term_string}\"},\"query-input\":{\"@type\":\"PropertyValueSpecification\",\"valueRequired\":true,\"valueName\":\"search_term_string\"}}],\"inLanguage\":\"es\"},{\"@type\":\"Organization\",\"@id\":\"https:\/\/www.firstthingsfirst.org\/es\/#organization\",\"name\":\"First Things First\",\"url\":\"https:\/\/www.firstthingsfirst.org\/es\/\",\"logo\":{\"@type\":\"ImageObject\",\"inLanguage\":\"es\",\"@id\":\"https:\/\/www.firstthingsfirst.org\/es\/#\/schema\/logo\/image\/\",\"url\":\"https:\/\/www.firstthingsfirst.org\/wp-content\/uploads\/2018\/01\/firstthingsfirst_card_gray.jpg\",\"contentUrl\":\"https:\/\/www.firstthingsfirst.org\/wp-content\/uploads\/2018\/01\/firstthingsfirst_card_gray.jpg\",\"width\":800,\"height\":450,\"caption\":\"First Things First\"},\"image\":{\"@id\":\"https:\/\/www.firstthingsfirst.org\/es\/#\/schema\/logo\/image\/\"},\"sameAs\":[\"https:\/\/www.facebook.com\/AZFirstThingsFirst\/\",\"https:\/\/x.com\/AZFTF\",\"https:\/\/www.instagram.com\/azfirstthingsfirst\/\",\"https:\/\/www.linkedin.com\/company\/first-things-first\",\"https:\/\/www.youtube.com\/user\/FTFArizona\"]}]}<\/script>\n<!-- \/ Yoast SEO Premium plugin. -->","yoast_head_json":{"title":"Cuidado Infantil de Calidad en Arizona - First Things First","robots":{"index":"index","follow":"follow","max-snippet":"max-snippet:-1","max-image-preview":"max-image-preview:large","max-video-preview":"max-video-preview:-1"},"canonical":"https:\/\/www.firstthingsfirst.org\/es\/recursos-en-espanol\/cuidado-infantil-de-calidad-en-arizona\/","og_locale":"es_ES","og_type":"article","og_title":"Cuidado Infantil de Calidad en Arizona","og_description":"Elegir un programa de cuidado infantil o de educaci\u00f3n preescolar para su hija o hijo peque\u00f1o es una gran decisi\u00f3n. Es importante considerar cosas tales como ubicaci\u00f3n, disponibilidad, horario y costo, as\u00ed como la calidad del programa. La investigaci\u00f3n muestra que los programas de cuidado y educaci\u00f3n temprana de calidad ayudan a ni\u00f1as y ni\u00f1os &hellip; Read More","og_url":"https:\/\/www.firstthingsfirst.org\/es\/recursos-en-espanol\/cuidado-infantil-de-calidad-en-arizona\/","og_site_name":"First Things First","article_publisher":"https:\/\/www.facebook.com\/AZFirstThingsFirst\/","article_modified_time":"2023-08-02T17:25:27+00:00","og_image":[{"width":1200,"height":629,"url":"https:\/\/www.firstthingsfirst.org\/wp-content\/uploads\/2023\/04\/qf_hero_1.jpg","type":"image\/jpeg"}],"twitter_card":"summary_large_image","twitter_site":"@AZFTF","twitter_misc":{"Tiempo de lectura":"2 minutos"},"schema":{"@context":"https:\/\/schema.org","@graph":[{"@type":"WebPage","@id":"https:\/\/www.firstthingsfirst.org\/es\/recursos-en-espanol\/cuidado-infantil-de-calidad-en-arizona\/","url":"https:\/\/www.firstthingsfirst.org\/es\/recursos-en-espanol\/cuidado-infantil-de-calidad-en-arizona\/","name":"Cuidado Infantil de Calidad en Arizona - First Things First","isPartOf":{"@id":"https:\/\/www.firstthingsfirst.org\/es\/#website"},"primaryImageOfPage":{"@id":"https:\/\/www.firstthingsfirst.org\/es\/recursos-en-espanol\/cuidado-infantil-de-calidad-en-arizona\/#primaryimage"},"image":{"@id":"https:\/\/www.firstthingsfirst.org\/es\/recursos-en-espanol\/cuidado-infantil-de-calidad-en-arizona\/#primaryimage"},"thumbnailUrl":"https:\/\/www.firstthingsfirst.org\/wp-content\/uploads\/2023\/04\/qf_hero_1.jpg","datePublished":"2023-05-22T17:32:55+00:00","dateModified":"2023-08-02T17:25:27+00:00","breadcrumb":{"@id":"https:\/\/www.firstthingsfirst.org\/es\/recursos-en-espanol\/cuidado-infantil-de-calidad-en-arizona\/#breadcrumb"},"inLanguage":"es","potentialAction":[{"@type":"ReadAction","target":["https:\/\/www.firstthingsfirst.org\/es\/recursos-en-espanol\/cuidado-infantil-de-calidad-en-arizona\/"]}]},{"@type":"ImageObject","inLanguage":"es","@id":"https:\/\/www.firstthingsfirst.org\/es\/recursos-en-espanol\/cuidado-infantil-de-calidad-en-arizona\/#primaryimage","url":"https:\/\/www.firstthingsfirst.org\/wp-content\/uploads\/2023\/04\/qf_hero_1.jpg","contentUrl":"https:\/\/www.firstthingsfirst.org\/wp-content\/uploads\/2023\/04\/qf_hero_1.jpg","width":1200,"height":629},{"@type":"BreadcrumbList","@id":"https:\/\/www.firstthingsfirst.org\/es\/recursos-en-espanol\/cuidado-infantil-de-calidad-en-arizona\/#breadcrumb","itemListElement":[{"@type":"ListItem","position":1,"name":"Home","item":"https:\/\/www.firstthingsfirst.org\/es\/"},{"@type":"ListItem","position":2,"name":"Recursos en Espa\u00f1ol","item":"https:\/\/www.firstthingsfirst.org\/es\/recursos-en-espanol\/"},{"@type":"ListItem","position":3,"name":"Cuidado Infantil de Calidad en Arizona"}]},{"@type":"WebSite","@id":"https:\/\/www.firstthingsfirst.org\/es\/#website","url":"https:\/\/www.firstthingsfirst.org\/es\/","name":"First Things First","description":"","publisher":{"@id":"https:\/\/www.firstthingsfirst.org\/es\/#organization"},"potentialAction":[{"@type":"SearchAction","target":{"@type":"EntryPoint","urlTemplate":"https:\/\/www.firstthingsfirst.org\/es\/?s={search_term_string}"},"query-input":{"@type":"PropertyValueSpecification","valueRequired":true,"valueName":"search_term_string"}}],"inLanguage":"es"},{"@type":"Organization","@id":"https:\/\/www.firstthingsfirst.org\/es\/#organization","name":"First Things First","url":"https:\/\/www.firstthingsfirst.org\/es\/","logo":{"@type":"ImageObject","inLanguage":"es","@id":"https:\/\/www.firstthingsfirst.org\/es\/#\/schema\/logo\/image\/","url":"https:\/\/www.firstthingsfirst.org\/wp-content\/uploads\/2018\/01\/firstthingsfirst_card_gray.jpg","contentUrl":"https:\/\/www.firstthingsfirst.org\/wp-content\/uploads\/2018\/01\/firstthingsfirst_card_gray.jpg","width":800,"height":450,"caption":"First Things First"},"image":{"@id":"https:\/\/www.firstthingsfirst.org\/es\/#\/schema\/logo\/image\/"},"sameAs":["https:\/\/www.facebook.com\/AZFirstThingsFirst\/","https:\/\/x.com\/AZFTF","https:\/\/www.instagram.com\/azfirstthingsfirst\/","https:\/\/www.linkedin.com\/company\/first-things-first","https:\/\/www.youtube.com\/user\/FTFArizona"]}]}},"_links":{"self":[{"href":"https:\/\/www.firstthingsfirst.org\/es\/wp-json\/wp\/v2\/pages\/50404","targetHints":{"allow":["GET"]}}],"collection":[{"href":"https:\/\/www.firstthingsfirst.org\/es\/wp-json\/wp\/v2\/pages"}],"about":[{"href":"https:\/\/www.firstthingsfirst.org\/es\/wp-json\/wp\/v2\/types\/page"}],"author":[{"embeddable":true,"href":"https:\/\/www.firstthingsfirst.org\/es\/wp-json\/wp\/v2\/users\/3"}],"replies":[{"embeddable":true,"href":"https:\/\/www.firstthingsfirst.org\/es\/wp-json\/wp\/v2\/comments?post=50404"}],"version-history":[{"count":0,"href":"https:\/\/www.firstthingsfirst.org\/es\/wp-json\/wp\/v2\/pages\/50404\/revisions"}],"up":[{"embeddable":true,"href":"https:\/\/www.firstthingsfirst.org\/es\/wp-json\/wp\/v2\/pages\/37481"}],"wp:featuredmedia":[{"embeddable":true,"href":"https:\/\/www.firstthingsfirst.org\/es\/wp-json\/wp\/v2\/media\/49988"}],"wp:attachment":[{"href":"https:\/\/www.firstthingsfirst.org\/es\/wp-json\/wp\/v2\/media?parent=50404"}],"curies":[{"name":"wp","href":"https:\/\/api.w.org\/{rel}","templated":true}]}}