{"id":50290,"date":"2023-05-01T20:19:19","date_gmt":"2023-05-01T20:19:19","guid":{"rendered":"https:\/\/www.firstthingsfirst.org\/?page_id=50290"},"modified":"2025-10-30T16:38:36","modified_gmt":"2025-10-30T16:38:36","slug":"encuentre-servicios","status":"publish","type":"page","link":"https:\/\/www.firstthingsfirst.org\/es\/encuentre-servicios\/","title":{"rendered":"Encuentre Servicios"},"content":{"rendered":"<p><img loading=\"lazy\" decoding=\"async\" class=\"size-full wp-image-38968 alignleft\" src=\"https:\/\/www.firstthingsfirst.org\/wp-content\/uploads\/2021\/08\/Header-Image_R3.gif\" alt=\"\" width=\"1200\" height=\"1200\" \/><\/p>\n<h3>Buscar programas<\/h3>\n<p>First Things First apoya los programas de la primer infancia a trav\u00e9s de becas de fondos a organizaciones comunitarias que proveen servicios financiados por FTF \u2013 sin costo alguno \u2013 para ni\u00f1as y ni\u00f1os peque\u00f1os desde el nacimiento hasta los 5 a\u00f1os de edad (antes del kinder) y a sus familias. El cupo puede ser limitado y pueden existir requisitos de elegibilidad. Esta lista s\u00f3lo incluye programas financiados por First Things First, pero muchos de dichos programas le pueden conectar con servicios adicionales que podr\u00edan ser adecuados para usted.<\/p>\n<p>&nbsp;<\/p>\n<p><a href=\"https:\/\/www.firstthingsfirst.org\/resources\/find-programs-es\/\" class=\"su-button su-button-style-default\" style=\"color:#FFFFFF;background-color:#0072BC;border-color:#005c97;border-radius:7px\" target=\"_blank\" rel=\"noopener noreferrer\"><span style=\"color:#FFFFFF;padding:7px 20px;font-size:16px;line-height:24px;border-color:#4d9dd1;border-radius:7px;text-shadow:none\"><i class=\"sui sui-arrow-right\" style=\"font-size:16px;color:#FFFFFF\"><\/i> Busque programas en su \u00e1rea.<\/span><\/a><\/p>\n<p>&nbsp;<\/p>\n<p><img loading=\"lazy\" decoding=\"async\" class=\"alignnone size-full wp-image-46832\" src=\"https:\/\/www.firstthingsfirst.org\/wp-content\/uploads\/2022\/09\/004-1-scaled.jpg\" alt=\"Mom kneeling down on floor playing blocks with son, children learn through play\" width=\"2560\" height=\"1440\" srcset=\"https:\/\/www.firstthingsfirst.org\/wp-content\/uploads\/2022\/09\/004-1-scaled.jpg 2560w, https:\/\/www.firstthingsfirst.org\/wp-content\/uploads\/2022\/09\/004-1-650x366.jpg 650w, https:\/\/www.firstthingsfirst.org\/wp-content\/uploads\/2022\/09\/004-1-1300x731.jpg 1300w, https:\/\/www.firstthingsfirst.org\/wp-content\/uploads\/2022\/09\/004-1-768x432.jpg 768w, https:\/\/www.firstthingsfirst.org\/wp-content\/uploads\/2022\/09\/004-1-1536x864.jpg 1536w, https:\/\/www.firstthingsfirst.org\/wp-content\/uploads\/2022\/09\/004-1-2048x1152.jpg 2048w\" sizes=\"auto, (max-width: 2560px) 100vw, 2560px\" \/><\/p>\n<p>&nbsp;<\/p>\n<p>&nbsp;<\/p>","protected":false},"excerpt":{"rendered":"<p>Buscar programas First Things First apoya los programas de la primer infancia a trav\u00e9s de becas de fondos a organizaciones comunitarias que proveen servicios financiados por FTF \u2013 sin costo alguno \u2013 para ni\u00f1as y ni\u00f1os peque\u00f1os desde el nacimiento hasta los 5 a\u00f1os de edad (antes del kinder) y a sus familias. El cupo &hellip; <a class=\"more\" href=\"https:\/\/www.firstthingsfirst.org\/es\/encuentre-servicios\/\">Read More<i class=\"fas fa-arrow-circle-right\"><\/i><\/a><\/p>\n","protected":false},"author":3,"featured_media":31796,"parent":0,"menu_order":0,"comment_status":"closed","ping_status":"closed","template":"","meta":{"_acf_changed":false,"footnotes":""},"class_list":["post-50290","page","type-page","status-publish","has-post-thumbnail","hentry"],"acf":[],"yoast_head":"<!-- This site is optimized with the Yoast SEO Premium plugin v27.1 (Yoast SEO v27.1.1) - https:\/\/yoast.com\/product\/yoast-seo-premium-wordpress\/ -->\n<title>Encuentre Servicios - First Things First<\/title>\n<meta name=\"description\" content=\"First Things First apoya los programas de la primer infancia a trav\u00e9s de becas de fondos a organizaciones comunitarias que proveen servicios financiados por FTF \u2013 sin costo alguno \u2013 para ni\u00f1as y ni\u00f1os peque\u00f1os desde el nacimiento hasta los 5 a\u00f1os de edad (antes del kinder) y a sus familias.\" \/>\n<meta name=\"robots\" content=\"index, follow, max-snippet:-1, max-image-preview:large, max-video-preview:-1\" \/>\n<link rel=\"canonical\" href=\"https:\/\/www.firstthingsfirst.org\/es\/encuentre-servicios\/\" \/>\n<meta property=\"og:locale\" content=\"es_ES\" \/>\n<meta property=\"og:type\" content=\"article\" \/>\n<meta property=\"og:title\" content=\"Encuentre Servicios\" \/>\n<meta property=\"og:description\" content=\"First Things First apoya los programas de la primer infancia a trav\u00e9s de becas de fondos a organizaciones comunitarias que proveen servicios financiados por FTF \u2013 sin costo alguno \u2013 para ni\u00f1as y ni\u00f1os peque\u00f1os desde el nacimiento hasta los 5 a\u00f1os de edad (antes del kinder) y a sus familias.\" \/>\n<meta property=\"og:url\" content=\"https:\/\/www.firstthingsfirst.org\/es\/encuentre-servicios\/\" \/>\n<meta property=\"og:site_name\" content=\"First Things First\" \/>\n<meta property=\"article:publisher\" content=\"https:\/\/www.facebook.com\/AZFirstThingsFirst\/\" \/>\n<meta property=\"article:modified_time\" content=\"2025-10-30T16:38:36+00:00\" \/>\n<meta property=\"og:image\" content=\"https:\/\/www.firstthingsfirst.org\/wp-content\/uploads\/2020\/07\/FindPrograms_Cover_Spanish.png\" \/>\n\t<meta property=\"og:image:width\" content=\"600\" \/>\n\t<meta property=\"og:image:height\" content=\"312\" \/>\n\t<meta property=\"og:image:type\" content=\"image\/png\" \/>\n<meta name=\"twitter:card\" content=\"summary_large_image\" \/>\n<meta name=\"twitter:site\" content=\"@AZFTF\" \/>\n<meta name=\"twitter:label1\" content=\"Tiempo de lectura\" \/>\n\t<meta name=\"twitter:data1\" content=\"2 minutos\" \/>\n<script type=\"application\/ld+json\" class=\"yoast-schema-graph\">{\"@context\":\"https:\/\/schema.org\",\"@graph\":[{\"@type\":\"WebPage\",\"@id\":\"https:\/\/www.firstthingsfirst.org\/es\/encuentre-servicios\/\",\"url\":\"https:\/\/www.firstthingsfirst.org\/es\/encuentre-servicios\/\",\"name\":\"Encuentre Servicios - First Things First\",\"isPartOf\":{\"@id\":\"https:\/\/www.firstthingsfirst.org\/es\/#website\"},\"primaryImageOfPage\":{\"@id\":\"https:\/\/www.firstthingsfirst.org\/es\/encuentre-servicios\/#primaryimage\"},\"image\":{\"@id\":\"https:\/\/www.firstthingsfirst.org\/es\/encuentre-servicios\/#primaryimage\"},\"thumbnailUrl\":\"https:\/\/www.firstthingsfirst.org\/wp-content\/uploads\/2020\/07\/FindPrograms_Cover_Spanish.png\",\"datePublished\":\"2023-05-01T20:19:19+00:00\",\"dateModified\":\"2025-10-30T16:38:36+00:00\",\"description\":\"First Things First apoya los programas de la primer infancia a trav\u00e9s de becas de fondos a organizaciones comunitarias que proveen servicios financiados por FTF \u2013 sin costo alguno \u2013 para ni\u00f1as y ni\u00f1os peque\u00f1os desde el nacimiento hasta los 5 a\u00f1os de edad (antes del kinder) y a sus familias.\",\"breadcrumb\":{\"@id\":\"https:\/\/www.firstthingsfirst.org\/es\/encuentre-servicios\/#breadcrumb\"},\"inLanguage\":\"es\",\"potentialAction\":[{\"@type\":\"ReadAction\",\"target\":[\"https:\/\/www.firstthingsfirst.org\/es\/encuentre-servicios\/\"]}]},{\"@type\":\"ImageObject\",\"inLanguage\":\"es\",\"@id\":\"https:\/\/www.firstthingsfirst.org\/es\/encuentre-servicios\/#primaryimage\",\"url\":\"https:\/\/www.firstthingsfirst.org\/wp-content\/uploads\/2020\/07\/FindPrograms_Cover_Spanish.png\",\"contentUrl\":\"https:\/\/www.firstthingsfirst.org\/wp-content\/uploads\/2020\/07\/FindPrograms_Cover_Spanish.png\",\"width\":600,\"height\":312,\"caption\":\"Encuentre Servicios\"},{\"@type\":\"BreadcrumbList\",\"@id\":\"https:\/\/www.firstthingsfirst.org\/es\/encuentre-servicios\/#breadcrumb\",\"itemListElement\":[{\"@type\":\"ListItem\",\"position\":1,\"name\":\"Home\",\"item\":\"https:\/\/www.firstthingsfirst.org\/es\/\"},{\"@type\":\"ListItem\",\"position\":2,\"name\":\"Encuentre Servicios\"}]},{\"@type\":\"WebSite\",\"@id\":\"https:\/\/www.firstthingsfirst.org\/es\/#website\",\"url\":\"https:\/\/www.firstthingsfirst.org\/es\/\",\"name\":\"First Things First\",\"description\":\"\",\"publisher\":{\"@id\":\"https:\/\/www.firstthingsfirst.org\/es\/#organization\"},\"potentialAction\":[{\"@type\":\"SearchAction\",\"target\":{\"@type\":\"EntryPoint\",\"urlTemplate\":\"https:\/\/www.firstthingsfirst.org\/es\/?s={search_term_string}\"},\"query-input\":{\"@type\":\"PropertyValueSpecification\",\"valueRequired\":true,\"valueName\":\"search_term_string\"}}],\"inLanguage\":\"es\"},{\"@type\":\"Organization\",\"@id\":\"https:\/\/www.firstthingsfirst.org\/es\/#organization\",\"name\":\"First Things First\",\"url\":\"https:\/\/www.firstthingsfirst.org\/es\/\",\"logo\":{\"@type\":\"ImageObject\",\"inLanguage\":\"es\",\"@id\":\"https:\/\/www.firstthingsfirst.org\/es\/#\/schema\/logo\/image\/\",\"url\":\"https:\/\/www.firstthingsfirst.org\/wp-content\/uploads\/2018\/01\/firstthingsfirst_card_gray.jpg\",\"contentUrl\":\"https:\/\/www.firstthingsfirst.org\/wp-content\/uploads\/2018\/01\/firstthingsfirst_card_gray.jpg\",\"width\":800,\"height\":450,\"caption\":\"First Things First\"},\"image\":{\"@id\":\"https:\/\/www.firstthingsfirst.org\/es\/#\/schema\/logo\/image\/\"},\"sameAs\":[\"https:\/\/www.facebook.com\/AZFirstThingsFirst\/\",\"https:\/\/x.com\/AZFTF\",\"https:\/\/www.instagram.com\/azfirstthingsfirst\/\",\"https:\/\/www.linkedin.com\/company\/first-things-first\",\"https:\/\/www.youtube.com\/user\/FTFArizona\"]}]}<\/script>\n<!-- \/ Yoast SEO Premium plugin. -->","yoast_head_json":{"title":"Encuentre Servicios - First Things First","description":"First Things First apoya los programas de la primer infancia a trav\u00e9s de becas de fondos a organizaciones comunitarias que proveen servicios financiados por FTF \u2013 sin costo alguno \u2013 para ni\u00f1as y ni\u00f1os peque\u00f1os desde el nacimiento hasta los 5 a\u00f1os de edad (antes del kinder) y a sus familias.","robots":{"index":"index","follow":"follow","max-snippet":"max-snippet:-1","max-image-preview":"max-image-preview:large","max-video-preview":"max-video-preview:-1"},"canonical":"https:\/\/www.firstthingsfirst.org\/es\/encuentre-servicios\/","og_locale":"es_ES","og_type":"article","og_title":"Encuentre Servicios","og_description":"First Things First apoya los programas de la primer infancia a trav\u00e9s de becas de fondos a organizaciones comunitarias que proveen servicios financiados por FTF \u2013 sin costo alguno \u2013 para ni\u00f1as y ni\u00f1os peque\u00f1os desde el nacimiento hasta los 5 a\u00f1os de edad (antes del kinder) y a sus familias.","og_url":"https:\/\/www.firstthingsfirst.org\/es\/encuentre-servicios\/","og_site_name":"First Things First","article_publisher":"https:\/\/www.facebook.com\/AZFirstThingsFirst\/","article_modified_time":"2025-10-30T16:38:36+00:00","og_image":[{"width":600,"height":312,"url":"https:\/\/www.firstthingsfirst.org\/wp-content\/uploads\/2020\/07\/FindPrograms_Cover_Spanish.png","type":"image\/png"}],"twitter_card":"summary_large_image","twitter_site":"@AZFTF","twitter_misc":{"Tiempo de lectura":"2 minutos"},"schema":{"@context":"https:\/\/schema.org","@graph":[{"@type":"WebPage","@id":"https:\/\/www.firstthingsfirst.org\/es\/encuentre-servicios\/","url":"https:\/\/www.firstthingsfirst.org\/es\/encuentre-servicios\/","name":"Encuentre Servicios - First Things First","isPartOf":{"@id":"https:\/\/www.firstthingsfirst.org\/es\/#website"},"primaryImageOfPage":{"@id":"https:\/\/www.firstthingsfirst.org\/es\/encuentre-servicios\/#primaryimage"},"image":{"@id":"https:\/\/www.firstthingsfirst.org\/es\/encuentre-servicios\/#primaryimage"},"thumbnailUrl":"https:\/\/www.firstthingsfirst.org\/wp-content\/uploads\/2020\/07\/FindPrograms_Cover_Spanish.png","datePublished":"2023-05-01T20:19:19+00:00","dateModified":"2025-10-30T16:38:36+00:00","description":"First Things First apoya los programas de la primer infancia a trav\u00e9s de becas de fondos a organizaciones comunitarias que proveen servicios financiados por FTF \u2013 sin costo alguno \u2013 para ni\u00f1as y ni\u00f1os peque\u00f1os desde el nacimiento hasta los 5 a\u00f1os de edad (antes del kinder) y a sus familias.","breadcrumb":{"@id":"https:\/\/www.firstthingsfirst.org\/es\/encuentre-servicios\/#breadcrumb"},"inLanguage":"es","potentialAction":[{"@type":"ReadAction","target":["https:\/\/www.firstthingsfirst.org\/es\/encuentre-servicios\/"]}]},{"@type":"ImageObject","inLanguage":"es","@id":"https:\/\/www.firstthingsfirst.org\/es\/encuentre-servicios\/#primaryimage","url":"https:\/\/www.firstthingsfirst.org\/wp-content\/uploads\/2020\/07\/FindPrograms_Cover_Spanish.png","contentUrl":"https:\/\/www.firstthingsfirst.org\/wp-content\/uploads\/2020\/07\/FindPrograms_Cover_Spanish.png","width":600,"height":312,"caption":"Encuentre Servicios"},{"@type":"BreadcrumbList","@id":"https:\/\/www.firstthingsfirst.org\/es\/encuentre-servicios\/#breadcrumb","itemListElement":[{"@type":"ListItem","position":1,"name":"Home","item":"https:\/\/www.firstthingsfirst.org\/es\/"},{"@type":"ListItem","position":2,"name":"Encuentre Servicios"}]},{"@type":"WebSite","@id":"https:\/\/www.firstthingsfirst.org\/es\/#website","url":"https:\/\/www.firstthingsfirst.org\/es\/","name":"First Things First","description":"","publisher":{"@id":"https:\/\/www.firstthingsfirst.org\/es\/#organization"},"potentialAction":[{"@type":"SearchAction","target":{"@type":"EntryPoint","urlTemplate":"https:\/\/www.firstthingsfirst.org\/es\/?s={search_term_string}"},"query-input":{"@type":"PropertyValueSpecification","valueRequired":true,"valueName":"search_term_string"}}],"inLanguage":"es"},{"@type":"Organization","@id":"https:\/\/www.firstthingsfirst.org\/es\/#organization","name":"First Things First","url":"https:\/\/www.firstthingsfirst.org\/es\/","logo":{"@type":"ImageObject","inLanguage":"es","@id":"https:\/\/www.firstthingsfirst.org\/es\/#\/schema\/logo\/image\/","url":"https:\/\/www.firstthingsfirst.org\/wp-content\/uploads\/2018\/01\/firstthingsfirst_card_gray.jpg","contentUrl":"https:\/\/www.firstthingsfirst.org\/wp-content\/uploads\/2018\/01\/firstthingsfirst_card_gray.jpg","width":800,"height":450,"caption":"First Things First"},"image":{"@id":"https:\/\/www.firstthingsfirst.org\/es\/#\/schema\/logo\/image\/"},"sameAs":["https:\/\/www.facebook.com\/AZFirstThingsFirst\/","https:\/\/x.com\/AZFTF","https:\/\/www.instagram.com\/azfirstthingsfirst\/","https:\/\/www.linkedin.com\/company\/first-things-first","https:\/\/www.youtube.com\/user\/FTFArizona"]}]}},"_links":{"self":[{"href":"https:\/\/www.firstthingsfirst.org\/es\/wp-json\/wp\/v2\/pages\/50290","targetHints":{"allow":["GET"]}}],"collection":[{"href":"https:\/\/www.firstthingsfirst.org\/es\/wp-json\/wp\/v2\/pages"}],"about":[{"href":"https:\/\/www.firstthingsfirst.org\/es\/wp-json\/wp\/v2\/types\/page"}],"author":[{"embeddable":true,"href":"https:\/\/www.firstthingsfirst.org\/es\/wp-json\/wp\/v2\/users\/3"}],"replies":[{"embeddable":true,"href":"https:\/\/www.firstthingsfirst.org\/es\/wp-json\/wp\/v2\/comments?post=50290"}],"version-history":[{"count":1,"href":"https:\/\/www.firstthingsfirst.org\/es\/wp-json\/wp\/v2\/pages\/50290\/revisions"}],"predecessor-version":[{"id":61464,"href":"https:\/\/www.firstthingsfirst.org\/es\/wp-json\/wp\/v2\/pages\/50290\/revisions\/61464"}],"wp:featuredmedia":[{"embeddable":true,"href":"https:\/\/www.firstthingsfirst.org\/es\/wp-json\/wp\/v2\/media\/31796"}],"wp:attachment":[{"href":"https:\/\/www.firstthingsfirst.org\/es\/wp-json\/wp\/v2\/media?parent=50290"}],"curies":[{"name":"wp","href":"https:\/\/api.w.org\/{rel}","templated":true}]}}