{"id":42617,"date":"2022-04-26T22:23:29","date_gmt":"2022-04-26T22:23:29","guid":{"rendered":"https:\/\/www.firstthingsfirst.org\/?page_id=42617"},"modified":"2025-09-02T21:00:13","modified_gmt":"2025-09-02T21:00:13","slug":"su-hijo-de-30-meses","status":"publish","type":"page","link":"https:\/\/www.firstthingsfirst.org\/es\/recursos-en-espanol\/elcrecimiento-y-etapas-del-desarrollo\/su-hijo-de-30-meses\/","title":{"rendered":"Su Hijo de 30 Meses"},"content":{"rendered":"<p>La manera en que su hijo juega, aprende, habla y act\u00faa nos ofrece pistas importantes sobre c\u00f3mo se est\u00e1 desarrollando. Los indicadores del desarrollo son las cosas que la mayor\u00eda de los ni\u00f1os (75% o m\u00e1s) pueden hacer a una edad determinada.<\/p>\n<p>Marque los indicadores del desarrollo que puede ver en su hijo justo antes de cumplir 30 meses. En cada visita m\u00e9dica de su hijo, lleve esta informaci\u00f3n y hable con el pediatra sobre los indicadores que su hijo alcanz\u00f3 y cu\u00e1les son los que deber\u00eda alcanzar a continuaci\u00f3n.<\/p>\n<p><img loading=\"lazy\" decoding=\"async\" class=\"alignnone size-medium wp-image-42247\" src=\"https:\/\/www.firstthingsfirst.org\/wp-content\/uploads\/2022\/04\/FTF_AgesAndStages_Toddler-30Months-650x390.jpg\" alt=\"\" width=\"650\" height=\"390\" srcset=\"https:\/\/www.firstthingsfirst.org\/wp-content\/uploads\/2022\/04\/FTF_AgesAndStages_Toddler-30Months-650x390.jpg 650w, https:\/\/www.firstthingsfirst.org\/wp-content\/uploads\/2022\/04\/FTF_AgesAndStages_Toddler-30Months-768x461.jpg 768w, https:\/\/www.firstthingsfirst.org\/wp-content\/uploads\/2022\/04\/FTF_AgesAndStages_Toddler-30Months.jpg 1000w\" sizes=\"auto, (max-width: 650px) 100vw, 650px\" \/><\/p>\n<h1>\u00bfQu\u00e9 hacen los beb\u00e9s a esta edad?<\/h1>\n<h2><span style=\"color: #0072bc;\">En las \u00e1reas social y emocional<\/span><\/h2>\n<ul>\n<li>Juega al lado de otros ni\u00f1os y a veces con ellos<\/li>\n<li>Le muestra lo que puede hacer diciendo \u201c\u00a1m\u00edrame!\u201d<\/li>\n<li>Sigue rutinas simples cuando se le pide; por ejemplo, ayuda a recoger los juguetes cuando le dice \u201ces hora de recoger los juguetes\u201d<\/li>\n<\/ul>\n<h2><span style=\"color: #0072bc;\">En las \u00e1reas del habla y la comunicaci\u00f3n <\/span><\/h2>\n<ul>\n<li>Dice aproximadamente 50 palabras<\/li>\n<li>Dice dos o m\u00e1s palabras, siendo una de ellas una acci\u00f3n, como \u201cperrito corre\u201d<\/li>\n<li>Nombra las cosas que ve en un libro cuando usted las se\u00f1ala y le pregunta \u201c\u00bfqu\u00e9 es esto?\u201d<\/li>\n<li>Dice palabras como \u201cyo\u201d, \u201cmi\u201d o \u201cnosotros\u201d<\/li>\n<\/ul>\n<h3><span style=\"color: #0072bc;\">En el \u00e1rea cognitiva (aprendizaje, razonamiento, resoluci\u00f3n de problemas)<\/span><\/h3>\n<ul>\n<li>Juega imaginariamente con las cosas; por ejemplo, alimenta una mu\u00f1eca con un bloque de madera como si fuera comida<\/li>\n<li>Muestra habilidades sencillas para resolver problemas; por ejemplo, se para sobre un banquito para alcanzar algo<\/li>\n<li>Sigue instrucciones de dos pasos, como \u201cdeja el juguete ah\u00ed y cierra la puerta\u201d<\/li>\n<li>Demuestra que sabe por lo menos un color; por ejemplo, se\u00f1ala un cray\u00f3n rojo si usted le pregunta: \u201c\u00bfCu\u00e1l es rojo?\u201d<\/li>\n<\/ul>\n<h3><span style=\"color: #0072bc;\">En las \u00e1reas motora y de desarrollo f\u00edsico <\/span><\/h3>\n<ul>\n<li>Usa las manos para girar cosas; por ejemplo, gira la manija o perilla de las puertas o desenrosca tapas<\/li>\n<li>Se quita algunas prendas de vestir por s\u00ed solo como pantalones holgados o una chaqueta desabotonada<\/li>\n<li>Salta levantando los dos pies<\/li>\n<li>Pasa las p\u00e1ginas de un libro, de una p\u00e1gina a la otra, cuando usted le lee<\/li>\n<\/ul>\n<p>&nbsp;<\/p>\n<h1>A los 2.5 A\u00f1os: Fuera de Casa<\/h1>\n<p>Los videos de Sparks est\u00e1n dise\u00f1ados para brindar informaci\u00f3n importante de comportamiento, desarrollo, nutrici\u00f3n, seguridad y preguntas m\u00e9dicas comunes. Para obtener m\u00e1s videos come este, envi\u00e9 SPARKS al 1-844-650-1210 o visite <a href=\"https:\/\/www.sparksvideoseries.com\" target=\"_blank\">www.sparksvideoseries.com<\/a> para obtener m\u00e1s informaci\u00f3n.<\/p>\n<p><iframe loading=\"lazy\" src=\"https:\/\/player.vimeo.com\/video\/728155734?h=8feefa4968&amp;title=0&amp;byline=0&amp;portrait=0\" width=\"720\" height=\"405\" frameborder=\"0\" allowfullscreen=\"allowfullscreen\"><\/iframe><\/p>\n<p><span style=\"font-size: 14px;\"><i><span style=\"font-weight: 400;\">La serie de videos para padres de Sparks fue creada por The Mount Sinai Parenting Center en colaboraci\u00f3n con ZERO TO THREE y Brazelton Touchpoints Center con la ayuda de expertos a trav\u00e9s del pa\u00eds.<\/span><\/i><\/span><\/p>\n<hr \/>\n<p>&nbsp;<\/p>\n<table style=\"border-collapse: collapse; width: 100%; height: 281px;\" bgcolor=\"#fafafa\">\n<tbody>\n<tr style=\"height: 33px;\" bgcolor=\"#f47721\">\n<td style=\"width: 2.85407%; height: 55px;\"><\/td>\n<td style=\"height: 55px; width: 93.8918%;\">\n<h1><span style=\"color: #ffffff; font-size: 20px;\">Otras Cosas Importantes para Decirle al M\u00e8dico<\/span><\/h1>\n<\/td>\n<td style=\"width: 3.10966%; height: 55px;\"><\/td>\n<\/tr>\n<tr style=\"height: 193px;\">\n<td style=\"width: 2.85407%; height: 193px;\"><\/td>\n<td style=\"width: 93.8918%; height: 193px;\">\n<h2><\/h2>\n<ul>\n<li>\u00bfQu\u00e9 es lo que m\u00e1s disfruta hacer usted con su hijo?<\/li>\n<li>\u00bfCu\u00e1les son algunas cosas que su hijo disfruta hacer o que hace bien?<\/li>\n<li>\u00bfHay algo que su hijo hace o que no hace y que le preocupa?<\/li>\n<li>\u00bfHa perdido su hijo alguna habilidad que antes ten\u00eda?<\/li>\n<li>\u00bfNaci\u00f3 su hijo prematuro o tiene alguna necesidad especial de atenci\u00f3n m\u00e9dica?<\/li>\n<\/ul>\n<\/td>\n<td style=\"width: 3.10966%; height: 193px;\"><\/td>\n<\/tr>\n<tr style=\"height: 33px;\">\n<td style=\"width: 2.85407%; height: 33px;\"><\/td>\n<td style=\"width: 93.8918%; height: 33px;\"><\/td>\n<td style=\"width: 3.10966%; height: 33px;\"><\/td>\n<\/tr>\n<\/tbody>\n<\/table>\n<h1><\/h1>\n<p>&nbsp;<\/p>\n<hr \/>\n<h1>Usted conoce a su beb\u00e9 mejor que nadie.<\/h1>\n<p>Si su hijo no est\u00e1 alcanzando los indicadores del desarrollo, si ha perdido destrezas que antes ten\u00eda, o si usted est\u00e1 preocupado por algo m\u00e1s, no espere. Reaccione pronto. Hable con el m\u00e9dico de su hijo, comparta sus preocupaciones y pregunte sobre las pruebas del desarrollo. La Academia Estadounidense de Pediatr\u00eda recomienda que los ni\u00f1os sean evaluados para ver c\u00f3mo va su desarrollo en general usando herramientas estandarizadas y validadas a los 9, 18 y 24 o 30 meses de edad, y para detectar si tienen autismo a los 18 y a los 24 meses o en cualquier momento en que el padre, la madre o un proveedor tenga alguna preocupaci\u00f3n.<\/p>\n<p>Si usted o el m\u00e9dico siguen preocupados:<\/p>\n<ul>\n<li>pida una remisi\u00f3n a un especialista y,<\/li>\n<li>llame al programa de intervenci\u00f3n temprana de su estado o territorio para saber si su beb\u00e9 puede recibir servicios para ayudarlo. Obtenga m\u00e1s informaci\u00f3n y averig\u00fce el n\u00famero telef\u00f3nico en\u00a0<a href=\"https:\/\/www.cdc.gov\/Intervenci%C3%B3nTemprana\" target=\"_blank\" rel=\"noopener\"><strong>cdc.gov\/Intervenci\u00f3nTemprana<\/strong><\/a>.<\/li>\n<\/ul>\n<p>Para obtener m\u00e1s informaci\u00f3n sobre c\u00f3mo ayudar a su beb\u00e9, visite\u00a0<strong><a href=\"https:\/\/www.cdc.gov\/Preocupado\" target=\"_blank\" rel=\"noopener\">cdc.gov\/Preocupado<\/a><\/strong>.<\/p>\n<hr \/>\n<p>&nbsp;<\/p>\n<h1>Ayude a su beb\u00e9 a aprender y a desarrollarse<\/h1>\n<p><a href=\"https:\/\/www.firstthingsfirst.org\/wp-content\/uploads\/2021\/04\/FY24-Your-Child-Checklist-Spanish_30-mos.pdf\" target=\"_blank\" rel=\"noopener\"><img loading=\"lazy\" decoding=\"async\" class=\"alignnone wp-image-30924 size-full\" src=\"https:\/\/www.firstthingsfirst.org\/wp-content\/uploads\/2020\/06\/downloadgraphic.jpg\" alt=\"Descargue Graphic\" width=\"1500\" height=\"781\" \/><\/a><\/p>\n<p>Aprenda los signos. Reaccione pronto.<\/p>\n<p>Para obtener m\u00e1s informaci\u00f3n llame 1.800.CDC-INFO (232-4636).<\/p>\n<p>o consulte CDC.gov<\/p>","protected":false},"excerpt":{"rendered":"<p>La manera en que su hijo juega, aprende, habla y act\u00faa nos ofrece pistas importantes sobre c\u00f3mo se est\u00e1 desarrollando. Los indicadores del desarrollo son las cosas que la mayor\u00eda de los ni\u00f1os (75% o m\u00e1s) pueden hacer a una edad determinada. Marque los indicadores del desarrollo que puede ver en su hijo justo antes &hellip; <a class=\"more\" href=\"https:\/\/www.firstthingsfirst.org\/es\/recursos-en-espanol\/elcrecimiento-y-etapas-del-desarrollo\/su-hijo-de-30-meses\/\">Read More<i class=\"fas fa-arrow-circle-right\"><\/i><\/a><\/p>\n","protected":false},"author":3,"featured_media":42471,"parent":30858,"menu_order":0,"comment_status":"closed","ping_status":"closed","template":"","meta":{"_acf_changed":false,"footnotes":""},"class_list":["post-42617","page","type-page","status-publish","has-post-thumbnail","hentry"],"acf":[],"yoast_head":"<!-- This site is optimized with the Yoast SEO Premium plugin v27.1 (Yoast SEO v27.1.1) - https:\/\/yoast.com\/product\/yoast-seo-premium-wordpress\/ -->\n<title>Su Hijo de 30 Meses - First Things First<\/title>\n<meta name=\"robots\" content=\"index, follow, max-snippet:-1, max-image-preview:large, max-video-preview:-1\" \/>\n<link rel=\"canonical\" href=\"https:\/\/www.firstthingsfirst.org\/es\/recursos-en-espanol\/elcrecimiento-y-etapas-del-desarrollo\/su-hijo-de-30-meses\/\" \/>\n<meta property=\"og:locale\" content=\"es_ES\" \/>\n<meta property=\"og:type\" content=\"article\" \/>\n<meta property=\"og:title\" content=\"Su Hijo de 30 Meses\" \/>\n<meta property=\"og:description\" content=\"La manera en que su hijo juega, aprende, habla y act\u00faa nos ofrece pistas importantes sobre c\u00f3mo se est\u00e1 desarrollando. Los indicadores del desarrollo son las cosas que la mayor\u00eda de los ni\u00f1os (75% o m\u00e1s) pueden hacer a una edad determinada. Marque los indicadores del desarrollo que puede ver en su hijo justo antes &hellip; Read More\" \/>\n<meta property=\"og:url\" content=\"https:\/\/www.firstthingsfirst.org\/es\/recursos-en-espanol\/elcrecimiento-y-etapas-del-desarrollo\/su-hijo-de-30-meses\/\" \/>\n<meta property=\"og:site_name\" content=\"First Things First\" \/>\n<meta property=\"article:publisher\" content=\"https:\/\/www.facebook.com\/AZFirstThingsFirst\/\" \/>\n<meta property=\"article:modified_time\" content=\"2025-09-02T21:00:13+00:00\" \/>\n<meta property=\"og:image\" content=\"https:\/\/www.firstthingsfirst.org\/wp-content\/uploads\/2022\/05\/agesstages_30meses.jpg\" \/>\n\t<meta property=\"og:image:width\" content=\"920\" \/>\n\t<meta property=\"og:image:height\" content=\"480\" \/>\n\t<meta property=\"og:image:type\" content=\"image\/jpeg\" \/>\n<meta name=\"twitter:card\" content=\"summary_large_image\" \/>\n<meta name=\"twitter:site\" content=\"@AZFTF\" \/>\n<meta name=\"twitter:label1\" content=\"Tiempo de lectura\" \/>\n\t<meta name=\"twitter:data1\" content=\"8 minutos\" \/>\n<script type=\"application\/ld+json\" class=\"yoast-schema-graph\">{\"@context\":\"https:\/\/schema.org\",\"@graph\":[{\"@type\":\"WebPage\",\"@id\":\"https:\/\/www.firstthingsfirst.org\/es\/recursos-en-espanol\/elcrecimiento-y-etapas-del-desarrollo\/su-hijo-de-30-meses\/\",\"url\":\"https:\/\/www.firstthingsfirst.org\/es\/recursos-en-espanol\/elcrecimiento-y-etapas-del-desarrollo\/su-hijo-de-30-meses\/\",\"name\":\"Su Hijo de 30 Meses - First Things First\",\"isPartOf\":{\"@id\":\"https:\/\/www.firstthingsfirst.org\/es\/#website\"},\"primaryImageOfPage\":{\"@id\":\"https:\/\/www.firstthingsfirst.org\/es\/recursos-en-espanol\/elcrecimiento-y-etapas-del-desarrollo\/su-hijo-de-30-meses\/#primaryimage\"},\"image\":{\"@id\":\"https:\/\/www.firstthingsfirst.org\/es\/recursos-en-espanol\/elcrecimiento-y-etapas-del-desarrollo\/su-hijo-de-30-meses\/#primaryimage\"},\"thumbnailUrl\":\"https:\/\/www.firstthingsfirst.org\/wp-content\/uploads\/2022\/05\/agesstages_30meses.jpg\",\"datePublished\":\"2022-04-26T22:23:29+00:00\",\"dateModified\":\"2025-09-02T21:00:13+00:00\",\"breadcrumb\":{\"@id\":\"https:\/\/www.firstthingsfirst.org\/es\/recursos-en-espanol\/elcrecimiento-y-etapas-del-desarrollo\/su-hijo-de-30-meses\/#breadcrumb\"},\"inLanguage\":\"es\",\"potentialAction\":[{\"@type\":\"ReadAction\",\"target\":[\"https:\/\/www.firstthingsfirst.org\/es\/recursos-en-espanol\/elcrecimiento-y-etapas-del-desarrollo\/su-hijo-de-30-meses\/\"]}]},{\"@type\":\"ImageObject\",\"inLanguage\":\"es\",\"@id\":\"https:\/\/www.firstthingsfirst.org\/es\/recursos-en-espanol\/elcrecimiento-y-etapas-del-desarrollo\/su-hijo-de-30-meses\/#primaryimage\",\"url\":\"https:\/\/www.firstthingsfirst.org\/wp-content\/uploads\/2022\/05\/agesstages_30meses.jpg\",\"contentUrl\":\"https:\/\/www.firstthingsfirst.org\/wp-content\/uploads\/2022\/05\/agesstages_30meses.jpg\",\"width\":920,\"height\":480},{\"@type\":\"BreadcrumbList\",\"@id\":\"https:\/\/www.firstthingsfirst.org\/es\/recursos-en-espanol\/elcrecimiento-y-etapas-del-desarrollo\/su-hijo-de-30-meses\/#breadcrumb\",\"itemListElement\":[{\"@type\":\"ListItem\",\"position\":1,\"name\":\"Home\",\"item\":\"https:\/\/www.firstthingsfirst.org\/es\/\"},{\"@type\":\"ListItem\",\"position\":2,\"name\":\"Recursos en Espa\u00f1ol\",\"item\":\"https:\/\/www.firstthingsfirst.org\/es\/recursos-en-espanol\/\"},{\"@type\":\"ListItem\",\"position\":3,\"name\":\"El Crecimiento y Etapas del Desarrollo\",\"item\":\"https:\/\/www.firstthingsfirst.org\/es\/recursos-en-espanol\/elcrecimiento-y-etapas-del-desarrollo\/\"},{\"@type\":\"ListItem\",\"position\":4,\"name\":\"Su Hijo de 30 Meses\"}]},{\"@type\":\"WebSite\",\"@id\":\"https:\/\/www.firstthingsfirst.org\/es\/#website\",\"url\":\"https:\/\/www.firstthingsfirst.org\/es\/\",\"name\":\"First Things First\",\"description\":\"\",\"publisher\":{\"@id\":\"https:\/\/www.firstthingsfirst.org\/es\/#organization\"},\"potentialAction\":[{\"@type\":\"SearchAction\",\"target\":{\"@type\":\"EntryPoint\",\"urlTemplate\":\"https:\/\/www.firstthingsfirst.org\/es\/?s={search_term_string}\"},\"query-input\":{\"@type\":\"PropertyValueSpecification\",\"valueRequired\":true,\"valueName\":\"search_term_string\"}}],\"inLanguage\":\"es\"},{\"@type\":\"Organization\",\"@id\":\"https:\/\/www.firstthingsfirst.org\/es\/#organization\",\"name\":\"First Things First\",\"url\":\"https:\/\/www.firstthingsfirst.org\/es\/\",\"logo\":{\"@type\":\"ImageObject\",\"inLanguage\":\"es\",\"@id\":\"https:\/\/www.firstthingsfirst.org\/es\/#\/schema\/logo\/image\/\",\"url\":\"https:\/\/www.firstthingsfirst.org\/wp-content\/uploads\/2018\/01\/firstthingsfirst_card_gray.jpg\",\"contentUrl\":\"https:\/\/www.firstthingsfirst.org\/wp-content\/uploads\/2018\/01\/firstthingsfirst_card_gray.jpg\",\"width\":800,\"height\":450,\"caption\":\"First Things First\"},\"image\":{\"@id\":\"https:\/\/www.firstthingsfirst.org\/es\/#\/schema\/logo\/image\/\"},\"sameAs\":[\"https:\/\/www.facebook.com\/AZFirstThingsFirst\/\",\"https:\/\/x.com\/AZFTF\",\"https:\/\/www.instagram.com\/azfirstthingsfirst\/\",\"https:\/\/www.linkedin.com\/company\/first-things-first\",\"https:\/\/www.youtube.com\/user\/FTFArizona\"]}]}<\/script>\n<!-- \/ Yoast SEO Premium plugin. -->","yoast_head_json":{"title":"Su Hijo de 30 Meses - First Things First","robots":{"index":"index","follow":"follow","max-snippet":"max-snippet:-1","max-image-preview":"max-image-preview:large","max-video-preview":"max-video-preview:-1"},"canonical":"https:\/\/www.firstthingsfirst.org\/es\/recursos-en-espanol\/elcrecimiento-y-etapas-del-desarrollo\/su-hijo-de-30-meses\/","og_locale":"es_ES","og_type":"article","og_title":"Su Hijo de 30 Meses","og_description":"La manera en que su hijo juega, aprende, habla y act\u00faa nos ofrece pistas importantes sobre c\u00f3mo se est\u00e1 desarrollando. Los indicadores del desarrollo son las cosas que la mayor\u00eda de los ni\u00f1os (75% o m\u00e1s) pueden hacer a una edad determinada. Marque los indicadores del desarrollo que puede ver en su hijo justo antes &hellip; Read More","og_url":"https:\/\/www.firstthingsfirst.org\/es\/recursos-en-espanol\/elcrecimiento-y-etapas-del-desarrollo\/su-hijo-de-30-meses\/","og_site_name":"First Things First","article_publisher":"https:\/\/www.facebook.com\/AZFirstThingsFirst\/","article_modified_time":"2025-09-02T21:00:13+00:00","og_image":[{"width":920,"height":480,"url":"https:\/\/www.firstthingsfirst.org\/wp-content\/uploads\/2022\/05\/agesstages_30meses.jpg","type":"image\/jpeg"}],"twitter_card":"summary_large_image","twitter_site":"@AZFTF","twitter_misc":{"Tiempo de lectura":"8 minutos"},"schema":{"@context":"https:\/\/schema.org","@graph":[{"@type":"WebPage","@id":"https:\/\/www.firstthingsfirst.org\/es\/recursos-en-espanol\/elcrecimiento-y-etapas-del-desarrollo\/su-hijo-de-30-meses\/","url":"https:\/\/www.firstthingsfirst.org\/es\/recursos-en-espanol\/elcrecimiento-y-etapas-del-desarrollo\/su-hijo-de-30-meses\/","name":"Su Hijo de 30 Meses - First Things First","isPartOf":{"@id":"https:\/\/www.firstthingsfirst.org\/es\/#website"},"primaryImageOfPage":{"@id":"https:\/\/www.firstthingsfirst.org\/es\/recursos-en-espanol\/elcrecimiento-y-etapas-del-desarrollo\/su-hijo-de-30-meses\/#primaryimage"},"image":{"@id":"https:\/\/www.firstthingsfirst.org\/es\/recursos-en-espanol\/elcrecimiento-y-etapas-del-desarrollo\/su-hijo-de-30-meses\/#primaryimage"},"thumbnailUrl":"https:\/\/www.firstthingsfirst.org\/wp-content\/uploads\/2022\/05\/agesstages_30meses.jpg","datePublished":"2022-04-26T22:23:29+00:00","dateModified":"2025-09-02T21:00:13+00:00","breadcrumb":{"@id":"https:\/\/www.firstthingsfirst.org\/es\/recursos-en-espanol\/elcrecimiento-y-etapas-del-desarrollo\/su-hijo-de-30-meses\/#breadcrumb"},"inLanguage":"es","potentialAction":[{"@type":"ReadAction","target":["https:\/\/www.firstthingsfirst.org\/es\/recursos-en-espanol\/elcrecimiento-y-etapas-del-desarrollo\/su-hijo-de-30-meses\/"]}]},{"@type":"ImageObject","inLanguage":"es","@id":"https:\/\/www.firstthingsfirst.org\/es\/recursos-en-espanol\/elcrecimiento-y-etapas-del-desarrollo\/su-hijo-de-30-meses\/#primaryimage","url":"https:\/\/www.firstthingsfirst.org\/wp-content\/uploads\/2022\/05\/agesstages_30meses.jpg","contentUrl":"https:\/\/www.firstthingsfirst.org\/wp-content\/uploads\/2022\/05\/agesstages_30meses.jpg","width":920,"height":480},{"@type":"BreadcrumbList","@id":"https:\/\/www.firstthingsfirst.org\/es\/recursos-en-espanol\/elcrecimiento-y-etapas-del-desarrollo\/su-hijo-de-30-meses\/#breadcrumb","itemListElement":[{"@type":"ListItem","position":1,"name":"Home","item":"https:\/\/www.firstthingsfirst.org\/es\/"},{"@type":"ListItem","position":2,"name":"Recursos en Espa\u00f1ol","item":"https:\/\/www.firstthingsfirst.org\/es\/recursos-en-espanol\/"},{"@type":"ListItem","position":3,"name":"El Crecimiento y Etapas del Desarrollo","item":"https:\/\/www.firstthingsfirst.org\/es\/recursos-en-espanol\/elcrecimiento-y-etapas-del-desarrollo\/"},{"@type":"ListItem","position":4,"name":"Su Hijo de 30 Meses"}]},{"@type":"WebSite","@id":"https:\/\/www.firstthingsfirst.org\/es\/#website","url":"https:\/\/www.firstthingsfirst.org\/es\/","name":"First Things First","description":"","publisher":{"@id":"https:\/\/www.firstthingsfirst.org\/es\/#organization"},"potentialAction":[{"@type":"SearchAction","target":{"@type":"EntryPoint","urlTemplate":"https:\/\/www.firstthingsfirst.org\/es\/?s={search_term_string}"},"query-input":{"@type":"PropertyValueSpecification","valueRequired":true,"valueName":"search_term_string"}}],"inLanguage":"es"},{"@type":"Organization","@id":"https:\/\/www.firstthingsfirst.org\/es\/#organization","name":"First Things First","url":"https:\/\/www.firstthingsfirst.org\/es\/","logo":{"@type":"ImageObject","inLanguage":"es","@id":"https:\/\/www.firstthingsfirst.org\/es\/#\/schema\/logo\/image\/","url":"https:\/\/www.firstthingsfirst.org\/wp-content\/uploads\/2018\/01\/firstthingsfirst_card_gray.jpg","contentUrl":"https:\/\/www.firstthingsfirst.org\/wp-content\/uploads\/2018\/01\/firstthingsfirst_card_gray.jpg","width":800,"height":450,"caption":"First Things First"},"image":{"@id":"https:\/\/www.firstthingsfirst.org\/es\/#\/schema\/logo\/image\/"},"sameAs":["https:\/\/www.facebook.com\/AZFirstThingsFirst\/","https:\/\/x.com\/AZFTF","https:\/\/www.instagram.com\/azfirstthingsfirst\/","https:\/\/www.linkedin.com\/company\/first-things-first","https:\/\/www.youtube.com\/user\/FTFArizona"]}]}},"_links":{"self":[{"href":"https:\/\/www.firstthingsfirst.org\/es\/wp-json\/wp\/v2\/pages\/42617","targetHints":{"allow":["GET"]}}],"collection":[{"href":"https:\/\/www.firstthingsfirst.org\/es\/wp-json\/wp\/v2\/pages"}],"about":[{"href":"https:\/\/www.firstthingsfirst.org\/es\/wp-json\/wp\/v2\/types\/page"}],"author":[{"embeddable":true,"href":"https:\/\/www.firstthingsfirst.org\/es\/wp-json\/wp\/v2\/users\/3"}],"replies":[{"embeddable":true,"href":"https:\/\/www.firstthingsfirst.org\/es\/wp-json\/wp\/v2\/comments?post=42617"}],"version-history":[{"count":0,"href":"https:\/\/www.firstthingsfirst.org\/es\/wp-json\/wp\/v2\/pages\/42617\/revisions"}],"up":[{"embeddable":true,"href":"https:\/\/www.firstthingsfirst.org\/es\/wp-json\/wp\/v2\/pages\/30858"}],"wp:featuredmedia":[{"embeddable":true,"href":"https:\/\/www.firstthingsfirst.org\/es\/wp-json\/wp\/v2\/media\/42471"}],"wp:attachment":[{"href":"https:\/\/www.firstthingsfirst.org\/es\/wp-json\/wp\/v2\/media?parent=42617"}],"curies":[{"name":"wp","href":"https:\/\/api.w.org\/{rel}","templated":true}]}}