{"id":38965,"date":"2021-08-04T04:28:07","date_gmt":"2021-08-04T04:28:07","guid":{"rendered":"http:\/\/localhost\/ftf\/?page_id=38965"},"modified":"2025-09-02T19:39:11","modified_gmt":"2025-09-02T19:39:11","slug":"buscar-programas","status":"publish","type":"page","link":"https:\/\/www.firstthingsfirst.org\/es\/recursos-en-espanol\/buscar-programas\/","title":{"rendered":"Buscar programas"},"content":{"rendered":"<p><span style=\"font-weight: 400;\">First Things First apoya los programas de la ni\u00f1ez temprana a trav\u00e9s de becas de fondos a organizaciones comunitarias que proveen servicios \u2013 sin costo alguno \u2013 para ni\u00f1as y ni\u00f1os peque\u00f1os desde el nacimiento hasta los 5 a\u00f1os de edad (antes del kinder) y a sus familias.<\/span><\/p>","protected":false},"excerpt":{"rendered":"<p>First Things First apoya los programas de la ni\u00f1ez temprana a trav\u00e9s de becas de fondos a organizaciones comunitarias que proveen servicios \u2013 sin costo alguno \u2013 para ni\u00f1as y ni\u00f1os peque\u00f1os desde el nacimiento hasta los 5 a\u00f1os de edad (antes del kinder) y a sus familias.<\/p>\n","protected":false},"author":45,"featured_media":31796,"parent":37481,"menu_order":93,"comment_status":"closed","ping_status":"closed","template":"template-find-programs.php","meta":{"_acf_changed":false,"footnotes":""},"class_list":["post-38965","page","type-page","status-publish","has-post-thumbnail","hentry"],"acf":[],"yoast_head":"<!-- This site is optimized with the Yoast SEO Premium plugin v27.1 (Yoast SEO v27.1.1) - https:\/\/yoast.com\/product\/yoast-seo-premium-wordpress\/ -->\n<title>Buscar programas - First Things First<\/title>\n<meta name=\"robots\" content=\"index, follow, max-snippet:-1, max-image-preview:large, max-video-preview:-1\" \/>\n<link rel=\"canonical\" href=\"https:\/\/www.firstthingsfirst.org\/es\/recursos-en-espanol\/buscar-programas\/\" \/>\n<meta property=\"og:locale\" content=\"es_ES\" \/>\n<meta property=\"og:type\" content=\"article\" \/>\n<meta property=\"og:title\" content=\"Buscar programas\" \/>\n<meta property=\"og:description\" content=\"First Things First apoya los programas de la ni\u00f1ez temprana a trav\u00e9s de becas de fondos a organizaciones comunitarias que proveen servicios \u2013 sin costo alguno \u2013 para ni\u00f1as y ni\u00f1os peque\u00f1os desde el nacimiento hasta los 5 a\u00f1os de edad (antes del kinder) y a sus familias.\" \/>\n<meta property=\"og:url\" content=\"https:\/\/www.firstthingsfirst.org\/es\/recursos-en-espanol\/buscar-programas\/\" \/>\n<meta property=\"og:site_name\" content=\"First Things First\" \/>\n<meta property=\"article:publisher\" content=\"https:\/\/www.facebook.com\/AZFirstThingsFirst\/\" \/>\n<meta property=\"article:modified_time\" content=\"2025-09-02T19:39:11+00:00\" \/>\n<meta property=\"og:image\" content=\"https:\/\/www.firstthingsfirst.org\/wp-content\/uploads\/2020\/07\/FindPrograms_Cover_Spanish.png\" \/>\n\t<meta property=\"og:image:width\" content=\"600\" \/>\n\t<meta property=\"og:image:height\" content=\"312\" \/>\n\t<meta property=\"og:image:type\" content=\"image\/png\" \/>\n<meta name=\"twitter:card\" content=\"summary_large_image\" \/>\n<meta name=\"twitter:site\" content=\"@AZFTF\" \/>\n<meta name=\"twitter:label1\" content=\"Tiempo de lectura\" \/>\n\t<meta name=\"twitter:data1\" content=\"2 minutos\" \/>\n<script type=\"application\/ld+json\" class=\"yoast-schema-graph\">{\"@context\":\"https:\/\/schema.org\",\"@graph\":[{\"@type\":\"WebPage\",\"@id\":\"https:\/\/www.firstthingsfirst.org\/es\/recursos-en-espanol\/buscar-programas\/\",\"url\":\"https:\/\/www.firstthingsfirst.org\/es\/recursos-en-espanol\/buscar-programas\/\",\"name\":\"Buscar programas - First Things First\",\"isPartOf\":{\"@id\":\"https:\/\/www.firstthingsfirst.org\/es\/#website\"},\"primaryImageOfPage\":{\"@id\":\"https:\/\/www.firstthingsfirst.org\/es\/recursos-en-espanol\/buscar-programas\/#primaryimage\"},\"image\":{\"@id\":\"https:\/\/www.firstthingsfirst.org\/es\/recursos-en-espanol\/buscar-programas\/#primaryimage\"},\"thumbnailUrl\":\"https:\/\/www.firstthingsfirst.org\/wp-content\/uploads\/2020\/07\/FindPrograms_Cover_Spanish.png\",\"datePublished\":\"2021-08-04T04:28:07+00:00\",\"dateModified\":\"2025-09-02T19:39:11+00:00\",\"breadcrumb\":{\"@id\":\"https:\/\/www.firstthingsfirst.org\/es\/recursos-en-espanol\/buscar-programas\/#breadcrumb\"},\"inLanguage\":\"es\",\"potentialAction\":[{\"@type\":\"ReadAction\",\"target\":[\"https:\/\/www.firstthingsfirst.org\/es\/recursos-en-espanol\/buscar-programas\/\"]}]},{\"@type\":\"ImageObject\",\"inLanguage\":\"es\",\"@id\":\"https:\/\/www.firstthingsfirst.org\/es\/recursos-en-espanol\/buscar-programas\/#primaryimage\",\"url\":\"https:\/\/www.firstthingsfirst.org\/wp-content\/uploads\/2020\/07\/FindPrograms_Cover_Spanish.png\",\"contentUrl\":\"https:\/\/www.firstthingsfirst.org\/wp-content\/uploads\/2020\/07\/FindPrograms_Cover_Spanish.png\",\"width\":600,\"height\":312,\"caption\":\"Encuentre Servicios\"},{\"@type\":\"BreadcrumbList\",\"@id\":\"https:\/\/www.firstthingsfirst.org\/es\/recursos-en-espanol\/buscar-programas\/#breadcrumb\",\"itemListElement\":[{\"@type\":\"ListItem\",\"position\":1,\"name\":\"Home\",\"item\":\"https:\/\/www.firstthingsfirst.org\/es\/\"},{\"@type\":\"ListItem\",\"position\":2,\"name\":\"Recursos en Espa\u00f1ol\",\"item\":\"https:\/\/www.firstthingsfirst.org\/es\/recursos-en-espanol\/\"},{\"@type\":\"ListItem\",\"position\":3,\"name\":\"Buscar programas\"}]},{\"@type\":\"WebSite\",\"@id\":\"https:\/\/www.firstthingsfirst.org\/es\/#website\",\"url\":\"https:\/\/www.firstthingsfirst.org\/es\/\",\"name\":\"First Things First\",\"description\":\"\",\"publisher\":{\"@id\":\"https:\/\/www.firstthingsfirst.org\/es\/#organization\"},\"potentialAction\":[{\"@type\":\"SearchAction\",\"target\":{\"@type\":\"EntryPoint\",\"urlTemplate\":\"https:\/\/www.firstthingsfirst.org\/es\/?s={search_term_string}\"},\"query-input\":{\"@type\":\"PropertyValueSpecification\",\"valueRequired\":true,\"valueName\":\"search_term_string\"}}],\"inLanguage\":\"es\"},{\"@type\":\"Organization\",\"@id\":\"https:\/\/www.firstthingsfirst.org\/es\/#organization\",\"name\":\"First Things First\",\"url\":\"https:\/\/www.firstthingsfirst.org\/es\/\",\"logo\":{\"@type\":\"ImageObject\",\"inLanguage\":\"es\",\"@id\":\"https:\/\/www.firstthingsfirst.org\/es\/#\/schema\/logo\/image\/\",\"url\":\"https:\/\/www.firstthingsfirst.org\/wp-content\/uploads\/2018\/01\/firstthingsfirst_card_gray.jpg\",\"contentUrl\":\"https:\/\/www.firstthingsfirst.org\/wp-content\/uploads\/2018\/01\/firstthingsfirst_card_gray.jpg\",\"width\":800,\"height\":450,\"caption\":\"First Things First\"},\"image\":{\"@id\":\"https:\/\/www.firstthingsfirst.org\/es\/#\/schema\/logo\/image\/\"},\"sameAs\":[\"https:\/\/www.facebook.com\/AZFirstThingsFirst\/\",\"https:\/\/x.com\/AZFTF\",\"https:\/\/www.instagram.com\/azfirstthingsfirst\/\",\"https:\/\/www.linkedin.com\/company\/first-things-first\",\"https:\/\/www.youtube.com\/user\/FTFArizona\"]}]}<\/script>\n<!-- \/ Yoast SEO Premium plugin. -->","yoast_head_json":{"title":"Buscar programas - First Things First","robots":{"index":"index","follow":"follow","max-snippet":"max-snippet:-1","max-image-preview":"max-image-preview:large","max-video-preview":"max-video-preview:-1"},"canonical":"https:\/\/www.firstthingsfirst.org\/es\/recursos-en-espanol\/buscar-programas\/","og_locale":"es_ES","og_type":"article","og_title":"Buscar programas","og_description":"First Things First apoya los programas de la ni\u00f1ez temprana a trav\u00e9s de becas de fondos a organizaciones comunitarias que proveen servicios \u2013 sin costo alguno \u2013 para ni\u00f1as y ni\u00f1os peque\u00f1os desde el nacimiento hasta los 5 a\u00f1os de edad (antes del kinder) y a sus familias.","og_url":"https:\/\/www.firstthingsfirst.org\/es\/recursos-en-espanol\/buscar-programas\/","og_site_name":"First Things First","article_publisher":"https:\/\/www.facebook.com\/AZFirstThingsFirst\/","article_modified_time":"2025-09-02T19:39:11+00:00","og_image":[{"width":600,"height":312,"url":"https:\/\/www.firstthingsfirst.org\/wp-content\/uploads\/2020\/07\/FindPrograms_Cover_Spanish.png","type":"image\/png"}],"twitter_card":"summary_large_image","twitter_site":"@AZFTF","twitter_misc":{"Tiempo de lectura":"2 minutos"},"schema":{"@context":"https:\/\/schema.org","@graph":[{"@type":"WebPage","@id":"https:\/\/www.firstthingsfirst.org\/es\/recursos-en-espanol\/buscar-programas\/","url":"https:\/\/www.firstthingsfirst.org\/es\/recursos-en-espanol\/buscar-programas\/","name":"Buscar programas - First Things First","isPartOf":{"@id":"https:\/\/www.firstthingsfirst.org\/es\/#website"},"primaryImageOfPage":{"@id":"https:\/\/www.firstthingsfirst.org\/es\/recursos-en-espanol\/buscar-programas\/#primaryimage"},"image":{"@id":"https:\/\/www.firstthingsfirst.org\/es\/recursos-en-espanol\/buscar-programas\/#primaryimage"},"thumbnailUrl":"https:\/\/www.firstthingsfirst.org\/wp-content\/uploads\/2020\/07\/FindPrograms_Cover_Spanish.png","datePublished":"2021-08-04T04:28:07+00:00","dateModified":"2025-09-02T19:39:11+00:00","breadcrumb":{"@id":"https:\/\/www.firstthingsfirst.org\/es\/recursos-en-espanol\/buscar-programas\/#breadcrumb"},"inLanguage":"es","potentialAction":[{"@type":"ReadAction","target":["https:\/\/www.firstthingsfirst.org\/es\/recursos-en-espanol\/buscar-programas\/"]}]},{"@type":"ImageObject","inLanguage":"es","@id":"https:\/\/www.firstthingsfirst.org\/es\/recursos-en-espanol\/buscar-programas\/#primaryimage","url":"https:\/\/www.firstthingsfirst.org\/wp-content\/uploads\/2020\/07\/FindPrograms_Cover_Spanish.png","contentUrl":"https:\/\/www.firstthingsfirst.org\/wp-content\/uploads\/2020\/07\/FindPrograms_Cover_Spanish.png","width":600,"height":312,"caption":"Encuentre Servicios"},{"@type":"BreadcrumbList","@id":"https:\/\/www.firstthingsfirst.org\/es\/recursos-en-espanol\/buscar-programas\/#breadcrumb","itemListElement":[{"@type":"ListItem","position":1,"name":"Home","item":"https:\/\/www.firstthingsfirst.org\/es\/"},{"@type":"ListItem","position":2,"name":"Recursos en Espa\u00f1ol","item":"https:\/\/www.firstthingsfirst.org\/es\/recursos-en-espanol\/"},{"@type":"ListItem","position":3,"name":"Buscar programas"}]},{"@type":"WebSite","@id":"https:\/\/www.firstthingsfirst.org\/es\/#website","url":"https:\/\/www.firstthingsfirst.org\/es\/","name":"First Things First","description":"","publisher":{"@id":"https:\/\/www.firstthingsfirst.org\/es\/#organization"},"potentialAction":[{"@type":"SearchAction","target":{"@type":"EntryPoint","urlTemplate":"https:\/\/www.firstthingsfirst.org\/es\/?s={search_term_string}"},"query-input":{"@type":"PropertyValueSpecification","valueRequired":true,"valueName":"search_term_string"}}],"inLanguage":"es"},{"@type":"Organization","@id":"https:\/\/www.firstthingsfirst.org\/es\/#organization","name":"First Things First","url":"https:\/\/www.firstthingsfirst.org\/es\/","logo":{"@type":"ImageObject","inLanguage":"es","@id":"https:\/\/www.firstthingsfirst.org\/es\/#\/schema\/logo\/image\/","url":"https:\/\/www.firstthingsfirst.org\/wp-content\/uploads\/2018\/01\/firstthingsfirst_card_gray.jpg","contentUrl":"https:\/\/www.firstthingsfirst.org\/wp-content\/uploads\/2018\/01\/firstthingsfirst_card_gray.jpg","width":800,"height":450,"caption":"First Things First"},"image":{"@id":"https:\/\/www.firstthingsfirst.org\/es\/#\/schema\/logo\/image\/"},"sameAs":["https:\/\/www.facebook.com\/AZFirstThingsFirst\/","https:\/\/x.com\/AZFTF","https:\/\/www.instagram.com\/azfirstthingsfirst\/","https:\/\/www.linkedin.com\/company\/first-things-first","https:\/\/www.youtube.com\/user\/FTFArizona"]}]}},"_links":{"self":[{"href":"https:\/\/www.firstthingsfirst.org\/es\/wp-json\/wp\/v2\/pages\/38965","targetHints":{"allow":["GET"]}}],"collection":[{"href":"https:\/\/www.firstthingsfirst.org\/es\/wp-json\/wp\/v2\/pages"}],"about":[{"href":"https:\/\/www.firstthingsfirst.org\/es\/wp-json\/wp\/v2\/types\/page"}],"author":[{"embeddable":true,"href":"https:\/\/www.firstthingsfirst.org\/es\/wp-json\/wp\/v2\/users\/45"}],"replies":[{"embeddable":true,"href":"https:\/\/www.firstthingsfirst.org\/es\/wp-json\/wp\/v2\/comments?post=38965"}],"version-history":[{"count":0,"href":"https:\/\/www.firstthingsfirst.org\/es\/wp-json\/wp\/v2\/pages\/38965\/revisions"}],"up":[{"embeddable":true,"href":"https:\/\/www.firstthingsfirst.org\/es\/wp-json\/wp\/v2\/pages\/37481"}],"wp:featuredmedia":[{"embeddable":true,"href":"https:\/\/www.firstthingsfirst.org\/es\/wp-json\/wp\/v2\/media\/31796"}],"wp:attachment":[{"href":"https:\/\/www.firstthingsfirst.org\/es\/wp-json\/wp\/v2\/media?parent=38965"}],"curies":[{"name":"wp","href":"https:\/\/api.w.org\/{rel}","templated":true}]}}