{"id":31083,"date":"2020-06-04T18:16:16","date_gmt":"2020-06-04T18:16:16","guid":{"rendered":"http:\/\/localhost\/ftf\/?page_id=31083"},"modified":"2025-09-02T20:50:48","modified_gmt":"2025-09-02T20:50:48","slug":"su-bebe-a-los-6-meses","status":"publish","type":"page","link":"https:\/\/www.firstthingsfirst.org\/es\/recursos-en-espanol\/elcrecimiento-y-etapas-del-desarrollo\/su-bebe-a-los-6-meses\/","title":{"rendered":"Su Beb\u00e9 a los 6 Meses"},"content":{"rendered":"<p>La manera en que su hijo juega, aprende, habla y act\u00faa nos ofrece pistas importantes sobre c\u00f3mo se est\u00e1 desarrollando. Los indicadores del desarrollo son las cosas que la mayor\u00eda de los ni\u00f1os (75% o m\u00e1s) pueden hacer a una edad determinada.<\/p>\n<p>Marque los indicadores del desarrollo que puede ver en su hijo justo antes de cumplir 7 meses. En cada visita m\u00e9dica de su hijo, lleve esta informaci\u00f3n y hable con el pediatra sobre los indicadores que su hijo alcanz\u00f3 y cu\u00e1les son los que deber\u00eda alcanzar a continuaci\u00f3n.<\/p>\n<p><img loading=\"lazy\" decoding=\"async\" class=\"alignnone size-full wp-image-31261\" src=\"https:\/\/www.firstthingsfirst.org\/wp-content\/uploads\/2020\/06\/FTF_AgesAndStages_Spanish_Infant-6Months.jpg\" alt=\"FTF_AgesAndStages_Spanish_Infant-6Months\" width=\"1000\" height=\"600\" \/><\/p>\n<h1>\u00bfQu\u00e9 hacen los beb\u00e9s a esta edad?<\/h1>\n<h2><span style=\"color: #0072bc;\">En las \u00e1reas social y emocional<\/span><\/h2>\n<ul>\n<li>Reconoce a las personas conocidas<\/li>\n<li>Le gusta mirarse en el espejo<\/li>\n<li>Se r\u00ede<\/li>\n<\/ul>\n<h2><span style=\"color: #0072bc;\">En las \u00e1reas del habla y la comunicaci\u00f3n <\/span><\/h2>\n<ul>\n<li>Se turna con usted para hacer sonidos<\/li>\n<li>Hace burbujas y sonidos con la boquita (saca la lengua y sopla)<\/li>\n<li>Hace sonidos de placer (grititos de alegr\u00eda)<\/li>\n<\/ul>\n<h3><span style=\"color: #0072bc;\">En el \u00e1rea cognitiva (aprendizaje, razonamiento, resoluci\u00f3n de problemas)<\/span><\/h3>\n<ul>\n<li>Se pone cosas en la boca para explorarlas<\/li>\n<li>Estira el brazo para agarrar el juguete que quiere<\/li>\n<li>Cierra los labios para mostrar que no quiere m\u00e1s comida<\/li>\n<\/ul>\n<h3><span style=\"color: #0072bc;\">En las \u00e1reas motora y de desarrollo f\u00edsico <\/span><\/h3>\n<ul>\n<li>Cuando est\u00e1 boca abajo, puede voltearse y quedar boca arriba<\/li>\n<li>Cuando est\u00e1 boca abajo, se levanta hasta sostenerse con los brazos derechos<\/li>\n<li>Usa las manos para apoyarse cuando est\u00e1 sentado<\/li>\n<\/ul>\n<p>&nbsp;<\/p>\n<h1>A los 6 Meses: Todo Es Nuevo<\/h1>\n<p>Los videos de Sparks est\u00e1n dise\u00f1ados para brindar informaci\u00f3n importante de comportamiento, desarrollo, nutrici\u00f3n, seguridad y preguntas m\u00e9dicas comunes. Para obtener m\u00e1s videos come este, envi\u00e9 SPARKS al 1-844-650-1210 o visite <a href=\"https:\/\/www.sparksvideoseries.com\" target=\"_blank\">www.sparksvideoseries.com<\/a> para obtener m\u00e1s informaci\u00f3n.<\/p>\n<p><iframe loading=\"lazy\" src=\"https:\/\/player.vimeo.com\/video\/728155103?h=8feefa4968&amp;title=0&amp;byline=0&amp;portrait=0\" width=\"720\" height=\"405\" frameborder=\"0\" allowfullscreen=\"allowfullscreen\"><\/iframe><\/p>\n<p><span style=\"font-size: 14px;\"><i><span style=\"font-weight: 400;\">La serie de videos para padres de Sparks fue creada por The Mount Sinai Parenting Center en colaboraci\u00f3n con ZERO TO THREE y Brazelton Touchpoints Center con la ayuda de expertos a trav\u00e9s del pa\u00eds.<\/span><\/i><\/span><\/p>\n<hr \/>\n<p>&nbsp;<\/p>\n<table style=\"border-collapse: collapse; width: 100%; height: 258px;\" bgcolor=\"#fafafa\">\n<tbody>\n<tr style=\"height: 33px;\" bgcolor=\"#f47721\">\n<td style=\"width: 2.85407%; height: 32px;\"><\/td>\n<td style=\"height: 32px;\">\n<h1><span style=\"color: #ffffff; font-size: 20px;\">Otras Cosas Importantes para Decirle al M\u00e8dico<\/span><\/h1>\n<\/td>\n<td style=\"width: 3.10966%; height: 32px;\"><\/td>\n<\/tr>\n<tr style=\"height: 193px;\">\n<td style=\"width: 2.85407%; height: 193px;\"><\/td>\n<td style=\"width: 94.0361%; height: 193px;\">\n<h2><\/h2>\n<ul>\n<li>\u00bfQu\u00e9 es lo que m\u00e1s disfruta hacer usted con su beb\u00e9?<\/li>\n<li>\u00bfCu\u00e1les son algunas cosas que su beb\u00e9 disfruta hacer o que hace bien?<\/li>\n<li>\u00bfHay algo que su beb\u00e9 hace o que no hace y que le preocupa?<\/li>\n<li>\u00bfHa perdido su beb\u00e9 alguna habilidad que antes ten\u00eda?<\/li>\n<li>\u00bfNaci\u00f3 su beb\u00e9 prematuro o tiene alguna necesidad especial de atenci\u00f3n m\u00e9dica?<\/li>\n<\/ul>\n<\/td>\n<td style=\"width: 3.10966%; height: 193px;\"><\/td>\n<\/tr>\n<tr style=\"height: 33px;\">\n<td style=\"width: 2.85407%; height: 33px;\"><\/td>\n<td style=\"width: 94.0361%; height: 33px;\"><\/td>\n<td style=\"width: 3.10966%; height: 33px;\"><\/td>\n<\/tr>\n<\/tbody>\n<\/table>\n<h1><\/h1>\n<p>&nbsp;<\/p>\n<hr \/>\n<h1>Usted conoce a su beb\u00e9 mejor que nadie.<\/h1>\n<p>Si su beb\u00e9 no est\u00e1 alcanzando los indicadores del desarrollo, si ha perdido destrezas que antes ten\u00eda, o si usted est\u00e1 preocupado por algo m\u00e1s, no espere. Reaccione pronto. Hable con el m\u00e9dico de su beb\u00e9, comparta sus preocupaciones y pregunte sobre las pruebas del desarrollo.<\/p>\n<p>Si usted o el m\u00e9dico siguen preocupados:<\/p>\n<ul>\n<li>pida una remisi\u00f3n a un especialista y,<\/li>\n<li>llame al programa de intervenci\u00f3n temprana de su estado o territorio para saber si su beb\u00e9 puede recibir servicios para ayudarlo. Obtenga m\u00e1s informaci\u00f3n y averig\u00fce el n\u00famero telef\u00f3nico en\u00a0<a href=\"https:\/\/www.cdc.gov\/Intervenci%C3%B3nTemprana\" target=\"_blank\" rel=\"noopener\"><strong>cdc.gov\/Intervenci\u00f3nTemprana<\/strong><\/a>.<\/li>\n<\/ul>\n<p>Para obtener m\u00e1s informaci\u00f3n sobre c\u00f3mo ayudar a su beb\u00e9, visite\u00a0<strong><a href=\"https:\/\/www.cdc.gov\/Preocupado\" target=\"_blank\" rel=\"noopener\">cdc.gov\/Preocupado<\/a><\/strong>.<\/p>\n<hr \/>\n<p>&nbsp;<\/p>\n<h1>Ayude a su beb\u00e9 a aprender y a desarrollarse<\/h1>\n<p><a href=\"https:\/\/www.firstthingsfirst.org\/wp-content\/uploads\/2021\/04\/FY24-Your-Child-Checklist-Spanish_6-mos.pdf\" target=\"_blank\" rel=\"noopener\"><img loading=\"lazy\" decoding=\"async\" class=\"alignnone wp-image-30924 size-full\" src=\"https:\/\/www.firstthingsfirst.org\/wp-content\/uploads\/2020\/06\/downloadgraphic.jpg\" alt=\"Descargue Graphic\" width=\"1500\" height=\"781\" \/><\/a><\/p>\n<p>Aprenda los signos. Reaccione pronto.<\/p>\n<p>Para obtener m\u00e1s informaci\u00f3n llame 1.800.CDC-INFO (232-4636).<\/p>\n<p>o consulte CDC.gov<\/p>","protected":false},"excerpt":{"rendered":"<p>La manera en que su hijo juega, aprende, habla y act\u00faa nos ofrece pistas importantes sobre c\u00f3mo se est\u00e1 desarrollando. Los indicadores del desarrollo son las cosas que la mayor\u00eda de los ni\u00f1os (75% o m\u00e1s) pueden hacer a una edad determinada. Marque los indicadores del desarrollo que puede ver en su hijo justo antes &hellip; <a class=\"more\" href=\"https:\/\/www.firstthingsfirst.org\/es\/recursos-en-espanol\/elcrecimiento-y-etapas-del-desarrollo\/su-bebe-a-los-6-meses\/\">Read More<i class=\"fas fa-arrow-circle-right\"><\/i><\/a><\/p>\n","protected":false},"author":3,"featured_media":31306,"parent":30858,"menu_order":0,"comment_status":"closed","ping_status":"closed","template":"","meta":{"_acf_changed":false,"footnotes":""},"class_list":["post-31083","page","type-page","status-publish","has-post-thumbnail","hentry"],"acf":[],"yoast_head":"<!-- This site is optimized with the Yoast SEO Premium plugin v27.1 (Yoast SEO v27.1.1) - https:\/\/yoast.com\/product\/yoast-seo-premium-wordpress\/ -->\n<title>Su Beb\u00e9 a los 6 Meses - First Things First<\/title>\n<meta name=\"description\" content=\"Los indicadores del desarrollo son las cosas quela mayor\u00eda de los ni\u00f1os pueden hacer a una edad determinada.Marque los indicadores del desarrollo que puede ver en su hijo justo antes de cumplir 7 meses.\" \/>\n<meta name=\"robots\" content=\"index, follow, max-snippet:-1, max-image-preview:large, max-video-preview:-1\" \/>\n<link rel=\"canonical\" href=\"https:\/\/www.firstthingsfirst.org\/es\/recursos-en-espanol\/elcrecimiento-y-etapas-del-desarrollo\/su-bebe-a-los-6-meses\/\" \/>\n<meta property=\"og:locale\" content=\"es_ES\" \/>\n<meta property=\"og:type\" content=\"article\" \/>\n<meta property=\"og:title\" content=\"Su Beb\u00e9 a los 6 Meses\" \/>\n<meta property=\"og:description\" content=\"Los indicadores del desarrollo son las cosas quela mayor\u00eda de los ni\u00f1os pueden hacer a una edad determinada.Marque los indicadores del desarrollo que puede ver en su hijo justo antes de cumplir 7 meses.\" \/>\n<meta property=\"og:url\" content=\"https:\/\/www.firstthingsfirst.org\/es\/recursos-en-espanol\/elcrecimiento-y-etapas-del-desarrollo\/su-bebe-a-los-6-meses\/\" \/>\n<meta property=\"og:site_name\" content=\"First Things First\" \/>\n<meta property=\"article:publisher\" content=\"https:\/\/www.facebook.com\/AZFirstThingsFirst\/\" \/>\n<meta property=\"article:modified_time\" content=\"2025-09-02T20:50:48+00:00\" \/>\n<meta property=\"og:image\" content=\"https:\/\/www.firstthingsfirst.org\/wp-content\/uploads\/2020\/06\/bebe\u0301s_6_mesesC.jpg\" \/>\n\t<meta property=\"og:image:width\" content=\"920\" \/>\n\t<meta property=\"og:image:height\" content=\"480\" \/>\n\t<meta property=\"og:image:type\" content=\"image\/jpeg\" \/>\n<meta name=\"twitter:card\" content=\"summary_large_image\" \/>\n<meta name=\"twitter:site\" content=\"@AZFTF\" \/>\n<meta name=\"twitter:label1\" content=\"Tiempo de lectura\" \/>\n\t<meta name=\"twitter:data1\" content=\"6 minutos\" \/>\n<script type=\"application\/ld+json\" class=\"yoast-schema-graph\">{\"@context\":\"https:\/\/schema.org\",\"@graph\":[{\"@type\":\"WebPage\",\"@id\":\"https:\/\/www.firstthingsfirst.org\/es\/recursos-en-espanol\/elcrecimiento-y-etapas-del-desarrollo\/su-bebe-a-los-6-meses\/\",\"url\":\"https:\/\/www.firstthingsfirst.org\/es\/recursos-en-espanol\/elcrecimiento-y-etapas-del-desarrollo\/su-bebe-a-los-6-meses\/\",\"name\":\"Su Beb\u00e9 a los 6 Meses - First Things First\",\"isPartOf\":{\"@id\":\"https:\/\/www.firstthingsfirst.org\/es\/#website\"},\"primaryImageOfPage\":{\"@id\":\"https:\/\/www.firstthingsfirst.org\/es\/recursos-en-espanol\/elcrecimiento-y-etapas-del-desarrollo\/su-bebe-a-los-6-meses\/#primaryimage\"},\"image\":{\"@id\":\"https:\/\/www.firstthingsfirst.org\/es\/recursos-en-espanol\/elcrecimiento-y-etapas-del-desarrollo\/su-bebe-a-los-6-meses\/#primaryimage\"},\"thumbnailUrl\":\"https:\/\/www.firstthingsfirst.org\/wp-content\/uploads\/2020\/06\/bebe\u0301s_6_mesesC.jpg\",\"datePublished\":\"2020-06-04T18:16:16+00:00\",\"dateModified\":\"2025-09-02T20:50:48+00:00\",\"description\":\"Los indicadores del desarrollo son las cosas quela mayor\u00eda de los ni\u00f1os pueden hacer a una edad determinada.Marque los indicadores del desarrollo que puede ver en su hijo justo antes de cumplir 7 meses.\",\"breadcrumb\":{\"@id\":\"https:\/\/www.firstthingsfirst.org\/es\/recursos-en-espanol\/elcrecimiento-y-etapas-del-desarrollo\/su-bebe-a-los-6-meses\/#breadcrumb\"},\"inLanguage\":\"es\",\"potentialAction\":[{\"@type\":\"ReadAction\",\"target\":[\"https:\/\/www.firstthingsfirst.org\/es\/recursos-en-espanol\/elcrecimiento-y-etapas-del-desarrollo\/su-bebe-a-los-6-meses\/\"]}]},{\"@type\":\"ImageObject\",\"inLanguage\":\"es\",\"@id\":\"https:\/\/www.firstthingsfirst.org\/es\/recursos-en-espanol\/elcrecimiento-y-etapas-del-desarrollo\/su-bebe-a-los-6-meses\/#primaryimage\",\"url\":\"https:\/\/www.firstthingsfirst.org\/wp-content\/uploads\/2020\/06\/bebe\u0301s_6_mesesC.jpg\",\"contentUrl\":\"https:\/\/www.firstthingsfirst.org\/wp-content\/uploads\/2020\/06\/bebe\u0301s_6_mesesC.jpg\",\"width\":920,\"height\":480,\"caption\":\"bebe\u0301s_6_meses\"},{\"@type\":\"BreadcrumbList\",\"@id\":\"https:\/\/www.firstthingsfirst.org\/es\/recursos-en-espanol\/elcrecimiento-y-etapas-del-desarrollo\/su-bebe-a-los-6-meses\/#breadcrumb\",\"itemListElement\":[{\"@type\":\"ListItem\",\"position\":1,\"name\":\"Home\",\"item\":\"https:\/\/www.firstthingsfirst.org\/es\/\"},{\"@type\":\"ListItem\",\"position\":2,\"name\":\"Recursos en Espa\u00f1ol\",\"item\":\"https:\/\/www.firstthingsfirst.org\/es\/recursos-en-espanol\/\"},{\"@type\":\"ListItem\",\"position\":3,\"name\":\"El Crecimiento y Etapas del Desarrollo\",\"item\":\"https:\/\/www.firstthingsfirst.org\/es\/recursos-en-espanol\/elcrecimiento-y-etapas-del-desarrollo\/\"},{\"@type\":\"ListItem\",\"position\":4,\"name\":\"Su Beb\u00e9 a los 6 Meses\"}]},{\"@type\":\"WebSite\",\"@id\":\"https:\/\/www.firstthingsfirst.org\/es\/#website\",\"url\":\"https:\/\/www.firstthingsfirst.org\/es\/\",\"name\":\"First Things First\",\"description\":\"\",\"publisher\":{\"@id\":\"https:\/\/www.firstthingsfirst.org\/es\/#organization\"},\"potentialAction\":[{\"@type\":\"SearchAction\",\"target\":{\"@type\":\"EntryPoint\",\"urlTemplate\":\"https:\/\/www.firstthingsfirst.org\/es\/?s={search_term_string}\"},\"query-input\":{\"@type\":\"PropertyValueSpecification\",\"valueRequired\":true,\"valueName\":\"search_term_string\"}}],\"inLanguage\":\"es\"},{\"@type\":\"Organization\",\"@id\":\"https:\/\/www.firstthingsfirst.org\/es\/#organization\",\"name\":\"First Things First\",\"url\":\"https:\/\/www.firstthingsfirst.org\/es\/\",\"logo\":{\"@type\":\"ImageObject\",\"inLanguage\":\"es\",\"@id\":\"https:\/\/www.firstthingsfirst.org\/es\/#\/schema\/logo\/image\/\",\"url\":\"https:\/\/www.firstthingsfirst.org\/wp-content\/uploads\/2018\/01\/firstthingsfirst_card_gray.jpg\",\"contentUrl\":\"https:\/\/www.firstthingsfirst.org\/wp-content\/uploads\/2018\/01\/firstthingsfirst_card_gray.jpg\",\"width\":800,\"height\":450,\"caption\":\"First Things First\"},\"image\":{\"@id\":\"https:\/\/www.firstthingsfirst.org\/es\/#\/schema\/logo\/image\/\"},\"sameAs\":[\"https:\/\/www.facebook.com\/AZFirstThingsFirst\/\",\"https:\/\/x.com\/AZFTF\",\"https:\/\/www.instagram.com\/azfirstthingsfirst\/\",\"https:\/\/www.linkedin.com\/company\/first-things-first\",\"https:\/\/www.youtube.com\/user\/FTFArizona\"]}]}<\/script>\n<!-- \/ Yoast SEO Premium plugin. -->","yoast_head_json":{"title":"Su Beb\u00e9 a los 6 Meses - First Things First","description":"Los indicadores del desarrollo son las cosas quela mayor\u00eda de los ni\u00f1os pueden hacer a una edad determinada.Marque los indicadores del desarrollo que puede ver en su hijo justo antes de cumplir 7 meses.","robots":{"index":"index","follow":"follow","max-snippet":"max-snippet:-1","max-image-preview":"max-image-preview:large","max-video-preview":"max-video-preview:-1"},"canonical":"https:\/\/www.firstthingsfirst.org\/es\/recursos-en-espanol\/elcrecimiento-y-etapas-del-desarrollo\/su-bebe-a-los-6-meses\/","og_locale":"es_ES","og_type":"article","og_title":"Su Beb\u00e9 a los 6 Meses","og_description":"Los indicadores del desarrollo son las cosas quela mayor\u00eda de los ni\u00f1os pueden hacer a una edad determinada.Marque los indicadores del desarrollo que puede ver en su hijo justo antes de cumplir 7 meses.","og_url":"https:\/\/www.firstthingsfirst.org\/es\/recursos-en-espanol\/elcrecimiento-y-etapas-del-desarrollo\/su-bebe-a-los-6-meses\/","og_site_name":"First Things First","article_publisher":"https:\/\/www.facebook.com\/AZFirstThingsFirst\/","article_modified_time":"2025-09-02T20:50:48+00:00","og_image":[{"width":920,"height":480,"url":"https:\/\/www.firstthingsfirst.org\/wp-content\/uploads\/2020\/06\/bebe\u0301s_6_mesesC.jpg","type":"image\/jpeg"}],"twitter_card":"summary_large_image","twitter_site":"@AZFTF","twitter_misc":{"Tiempo de lectura":"6 minutos"},"schema":{"@context":"https:\/\/schema.org","@graph":[{"@type":"WebPage","@id":"https:\/\/www.firstthingsfirst.org\/es\/recursos-en-espanol\/elcrecimiento-y-etapas-del-desarrollo\/su-bebe-a-los-6-meses\/","url":"https:\/\/www.firstthingsfirst.org\/es\/recursos-en-espanol\/elcrecimiento-y-etapas-del-desarrollo\/su-bebe-a-los-6-meses\/","name":"Su Beb\u00e9 a los 6 Meses - First Things First","isPartOf":{"@id":"https:\/\/www.firstthingsfirst.org\/es\/#website"},"primaryImageOfPage":{"@id":"https:\/\/www.firstthingsfirst.org\/es\/recursos-en-espanol\/elcrecimiento-y-etapas-del-desarrollo\/su-bebe-a-los-6-meses\/#primaryimage"},"image":{"@id":"https:\/\/www.firstthingsfirst.org\/es\/recursos-en-espanol\/elcrecimiento-y-etapas-del-desarrollo\/su-bebe-a-los-6-meses\/#primaryimage"},"thumbnailUrl":"https:\/\/www.firstthingsfirst.org\/wp-content\/uploads\/2020\/06\/bebe\u0301s_6_mesesC.jpg","datePublished":"2020-06-04T18:16:16+00:00","dateModified":"2025-09-02T20:50:48+00:00","description":"Los indicadores del desarrollo son las cosas quela mayor\u00eda de los ni\u00f1os pueden hacer a una edad determinada.Marque los indicadores del desarrollo que puede ver en su hijo justo antes de cumplir 7 meses.","breadcrumb":{"@id":"https:\/\/www.firstthingsfirst.org\/es\/recursos-en-espanol\/elcrecimiento-y-etapas-del-desarrollo\/su-bebe-a-los-6-meses\/#breadcrumb"},"inLanguage":"es","potentialAction":[{"@type":"ReadAction","target":["https:\/\/www.firstthingsfirst.org\/es\/recursos-en-espanol\/elcrecimiento-y-etapas-del-desarrollo\/su-bebe-a-los-6-meses\/"]}]},{"@type":"ImageObject","inLanguage":"es","@id":"https:\/\/www.firstthingsfirst.org\/es\/recursos-en-espanol\/elcrecimiento-y-etapas-del-desarrollo\/su-bebe-a-los-6-meses\/#primaryimage","url":"https:\/\/www.firstthingsfirst.org\/wp-content\/uploads\/2020\/06\/bebe\u0301s_6_mesesC.jpg","contentUrl":"https:\/\/www.firstthingsfirst.org\/wp-content\/uploads\/2020\/06\/bebe\u0301s_6_mesesC.jpg","width":920,"height":480,"caption":"bebe\u0301s_6_meses"},{"@type":"BreadcrumbList","@id":"https:\/\/www.firstthingsfirst.org\/es\/recursos-en-espanol\/elcrecimiento-y-etapas-del-desarrollo\/su-bebe-a-los-6-meses\/#breadcrumb","itemListElement":[{"@type":"ListItem","position":1,"name":"Home","item":"https:\/\/www.firstthingsfirst.org\/es\/"},{"@type":"ListItem","position":2,"name":"Recursos en Espa\u00f1ol","item":"https:\/\/www.firstthingsfirst.org\/es\/recursos-en-espanol\/"},{"@type":"ListItem","position":3,"name":"El Crecimiento y Etapas del Desarrollo","item":"https:\/\/www.firstthingsfirst.org\/es\/recursos-en-espanol\/elcrecimiento-y-etapas-del-desarrollo\/"},{"@type":"ListItem","position":4,"name":"Su Beb\u00e9 a los 6 Meses"}]},{"@type":"WebSite","@id":"https:\/\/www.firstthingsfirst.org\/es\/#website","url":"https:\/\/www.firstthingsfirst.org\/es\/","name":"First Things First","description":"","publisher":{"@id":"https:\/\/www.firstthingsfirst.org\/es\/#organization"},"potentialAction":[{"@type":"SearchAction","target":{"@type":"EntryPoint","urlTemplate":"https:\/\/www.firstthingsfirst.org\/es\/?s={search_term_string}"},"query-input":{"@type":"PropertyValueSpecification","valueRequired":true,"valueName":"search_term_string"}}],"inLanguage":"es"},{"@type":"Organization","@id":"https:\/\/www.firstthingsfirst.org\/es\/#organization","name":"First Things First","url":"https:\/\/www.firstthingsfirst.org\/es\/","logo":{"@type":"ImageObject","inLanguage":"es","@id":"https:\/\/www.firstthingsfirst.org\/es\/#\/schema\/logo\/image\/","url":"https:\/\/www.firstthingsfirst.org\/wp-content\/uploads\/2018\/01\/firstthingsfirst_card_gray.jpg","contentUrl":"https:\/\/www.firstthingsfirst.org\/wp-content\/uploads\/2018\/01\/firstthingsfirst_card_gray.jpg","width":800,"height":450,"caption":"First Things First"},"image":{"@id":"https:\/\/www.firstthingsfirst.org\/es\/#\/schema\/logo\/image\/"},"sameAs":["https:\/\/www.facebook.com\/AZFirstThingsFirst\/","https:\/\/x.com\/AZFTF","https:\/\/www.instagram.com\/azfirstthingsfirst\/","https:\/\/www.linkedin.com\/company\/first-things-first","https:\/\/www.youtube.com\/user\/FTFArizona"]}]}},"_links":{"self":[{"href":"https:\/\/www.firstthingsfirst.org\/es\/wp-json\/wp\/v2\/pages\/31083","targetHints":{"allow":["GET"]}}],"collection":[{"href":"https:\/\/www.firstthingsfirst.org\/es\/wp-json\/wp\/v2\/pages"}],"about":[{"href":"https:\/\/www.firstthingsfirst.org\/es\/wp-json\/wp\/v2\/types\/page"}],"author":[{"embeddable":true,"href":"https:\/\/www.firstthingsfirst.org\/es\/wp-json\/wp\/v2\/users\/3"}],"replies":[{"embeddable":true,"href":"https:\/\/www.firstthingsfirst.org\/es\/wp-json\/wp\/v2\/comments?post=31083"}],"version-history":[{"count":0,"href":"https:\/\/www.firstthingsfirst.org\/es\/wp-json\/wp\/v2\/pages\/31083\/revisions"}],"up":[{"embeddable":true,"href":"https:\/\/www.firstthingsfirst.org\/es\/wp-json\/wp\/v2\/pages\/30858"}],"wp:featuredmedia":[{"embeddable":true,"href":"https:\/\/www.firstthingsfirst.org\/es\/wp-json\/wp\/v2\/media\/31306"}],"wp:attachment":[{"href":"https:\/\/www.firstthingsfirst.org\/es\/wp-json\/wp\/v2\/media?parent=31083"}],"curies":[{"name":"wp","href":"https:\/\/api.w.org\/{rel}","templated":true}]}}