{"id":30858,"date":"2018-01-06T20:55:07","date_gmt":"2018-01-06T20:55:07","guid":{"rendered":"http:\/\/localhost\/ftf\/?page_id=30858"},"modified":"2025-09-02T21:03:23","modified_gmt":"2025-09-02T21:03:23","slug":"elcrecimiento-y-etapas-del-desarrollo","status":"publish","type":"page","link":"https:\/\/www.firstthingsfirst.org\/es\/recursos-en-espanol\/elcrecimiento-y-etapas-del-desarrollo\/","title":{"rendered":"El Crecimiento y Etapas del Desarrollo"},"content":{"rendered":"<p><iframe loading=\"lazy\" src=\"https:\/\/www.youtube.com\/embed\/_wdJ8qNErVg\" width=\"560\" height=\"315\" frameborder=\"0\" allowfullscreen=\"allowfullscreen\"><\/iframe><\/p>\n<h2>Los Indicadores del Desarrollo<\/h2>\n<p>Los indicadores del desarrollo son las cosas que la mayor\u00eda de los ni\u00f1os pueden hacer a una edad determinada. Mientras que todos los ni\u00f1os se desarrollan de manera diferente, es \u00fatil saber si su hijo cumple con los indicadores t\u00edpicos y c\u00f3mo puede apoyar su desarrollo saludable. La manera en que su hijo juega, aprende, habla , act\u00faa y se mueve nos ofrece pistas importantes sobre c\u00f3mo se est\u00e1 desarrollando.<\/p>\n<p>A continuaci\u00f3n hay materiales para ayudarle a comprender lo que est\u00e1 sucediendo en las diferentes etapas de la vida de su hijo y c\u00f3mo puede ayudarlo a aprender y crecer.<\/p>\n<p>&nbsp;<\/p>\n<table style=\"border-collapse: collapse; width: 100%; height: 116px;\" bgcolor=\"#fafafa\">\n<tbody>\n<tr style=\"height: 57px;\">\n<td style=\"width: 100%; height: 57px; text-align: center;\">\n<h2 style=\"text-align: center;\"><strong>SALTE A BUSCAR: <\/strong><\/h2>\n<\/td>\n<\/tr>\n<tr style=\"height: 25px;\">\n<td style=\"width: 100%; height: 25px;\">\n<h2 style=\"text-align: center;\"><strong>\u00a0 <\/strong><strong><a href=\"#infants\">BEB\u00c9S<\/a>\u00a0| <a href=\"#toddlers\">NI\u00d1OS PEQUE\u00d1OS<\/a>| <a href=\"#pre\">NI\u00d1OS PREESCOLARES<\/a><\/strong><\/h2>\n<p style=\"text-align: center;\"><a href=\"https:\/\/www.firstthingsfirst.org\/es\/recursos-en-espanol\/elcrecimiento-y-etapas-del-desarrollo\/\"><strong><span style=\"font-size: 12px;\">ENGLISH<\/span><\/strong><\/a><\/p>\n<\/td>\n<\/tr>\n<tr style=\"height: 62px;\">\n<td style=\"width: 100%; height: 34px;\"><\/td>\n<\/tr>\n<\/tbody>\n<\/table>\n<h2><\/h2>\n<h1 id=\"infants\">BEB\u00c9S<\/h1>\n<hr \/>\n<h1><\/h1>\n<h1 id=\"toddlers\">NI\u00d1OS PEQUE\u00d1OS<\/h1>\n<hr \/>\n<h1><\/h1>\n<h1 id=\"pre\">NI\u00d1OS PREESCOLARES<\/h1>\n<hr \/>\n<hr \/>\n<p><em>Contenido provisto por el programa \u201cAprenda los signos. Reaccione pronto.\u201d de los CDC;\u00a0<a href=\"http:\/\/www.cdc.gov\/ncbddd\/spanish\/actearly\/index.html\">cdc.gov\/ActEarly<\/a>.<\/em><\/p>\n<p><a title=\" CDCs Milestone tracker app \" href=\" https:\/\/www.cdc.gov\/ncbddd\/spanish\/actearly\/spanish-milestones-app.html\/\"><img decoding=\"async\" style=\"width: 300px; height: 175px; border: 0px;\" src=\" http:\/\/www.cdc.gov\/ncbddd\/spanish\/actearly\/images\/Web-Button-Shadow-300px-175px.png\" alt=\"CDCs Milestone tracker app - Spanish\" \/><\/a><\/p>","protected":false},"excerpt":{"rendered":"<p>Los Indicadores del Desarrollo Los indicadores del desarrollo son las cosas que la mayor\u00eda de los ni\u00f1os pueden hacer a una edad determinada. Mientras que todos los ni\u00f1os se desarrollan de manera diferente, es \u00fatil saber si su hijo cumple con los indicadores t\u00edpicos y c\u00f3mo puede apoyar su desarrollo saludable. La manera en que &hellip; <a class=\"more\" href=\"https:\/\/www.firstthingsfirst.org\/es\/recursos-en-espanol\/elcrecimiento-y-etapas-del-desarrollo\/\">Read More<i class=\"fas fa-arrow-circle-right\"><\/i><\/a><\/p>\n","protected":false},"author":3,"featured_media":31749,"parent":37481,"menu_order":100,"comment_status":"closed","ping_status":"closed","template":"","meta":{"_acf_changed":false,"footnotes":""},"class_list":["post-30858","page","type-page","status-publish","has-post-thumbnail","hentry"],"acf":[],"yoast_head":"<!-- This site is optimized with the Yoast SEO Premium plugin v27.1 (Yoast SEO v27.1.1) - https:\/\/yoast.com\/product\/yoast-seo-premium-wordpress\/ -->\n<title>El Crecimiento y Etapas del Desarrollo - First Things First<\/title>\n<meta name=\"robots\" content=\"index, follow, max-snippet:-1, max-image-preview:large, max-video-preview:-1\" \/>\n<link rel=\"canonical\" href=\"https:\/\/www.firstthingsfirst.org\/es\/recursos-en-espanol\/elcrecimiento-y-etapas-del-desarrollo\/\" \/>\n<meta property=\"og:locale\" content=\"es_ES\" \/>\n<meta property=\"og:type\" content=\"article\" \/>\n<meta property=\"og:title\" content=\"El Crecimiento y Etapas del Desarrollo\" \/>\n<meta property=\"og:description\" content=\"Los Indicadores del Desarrollo Los indicadores del desarrollo son las cosas que la mayor\u00eda de los ni\u00f1os pueden hacer a una edad determinada. Mientras que todos los ni\u00f1os se desarrollan de manera diferente, es \u00fatil saber si su hijo cumple con los indicadores t\u00edpicos y c\u00f3mo puede apoyar su desarrollo saludable. La manera en que &hellip; Read More\" \/>\n<meta property=\"og:url\" content=\"https:\/\/www.firstthingsfirst.org\/es\/recursos-en-espanol\/elcrecimiento-y-etapas-del-desarrollo\/\" \/>\n<meta property=\"og:site_name\" content=\"First Things First\" \/>\n<meta property=\"article:publisher\" content=\"https:\/\/www.facebook.com\/AZFirstThingsFirst\/\" \/>\n<meta property=\"article:modified_time\" content=\"2025-09-02T21:03:23+00:00\" \/>\n<meta property=\"og:image\" content=\"https:\/\/www.firstthingsfirst.org\/wp-content\/uploads\/2020\/07\/FTF_0076_AgesStages_spanishbanner-01.jpg\" \/>\n\t<meta property=\"og:image:width\" content=\"1921\" \/>\n\t<meta property=\"og:image:height\" content=\"1081\" \/>\n\t<meta property=\"og:image:type\" content=\"image\/jpeg\" \/>\n<meta name=\"twitter:card\" content=\"summary_large_image\" \/>\n<meta name=\"twitter:site\" content=\"@AZFTF\" \/>\n<meta name=\"twitter:label1\" content=\"Tiempo de lectura\" \/>\n\t<meta name=\"twitter:data1\" content=\"3 minutos\" \/>\n<script type=\"application\/ld+json\" class=\"yoast-schema-graph\">{\"@context\":\"https:\/\/schema.org\",\"@graph\":[{\"@type\":\"WebPage\",\"@id\":\"https:\/\/www.firstthingsfirst.org\/es\/recursos-en-espanol\/elcrecimiento-y-etapas-del-desarrollo\/\",\"url\":\"https:\/\/www.firstthingsfirst.org\/es\/recursos-en-espanol\/elcrecimiento-y-etapas-del-desarrollo\/\",\"name\":\"El Crecimiento y Etapas del Desarrollo - First Things First\",\"isPartOf\":{\"@id\":\"https:\/\/www.firstthingsfirst.org\/es\/#website\"},\"primaryImageOfPage\":{\"@id\":\"https:\/\/www.firstthingsfirst.org\/es\/recursos-en-espanol\/elcrecimiento-y-etapas-del-desarrollo\/#primaryimage\"},\"image\":{\"@id\":\"https:\/\/www.firstthingsfirst.org\/es\/recursos-en-espanol\/elcrecimiento-y-etapas-del-desarrollo\/#primaryimage\"},\"thumbnailUrl\":\"https:\/\/www.firstthingsfirst.org\/wp-content\/uploads\/2020\/07\/FTF_0076_AgesStages_spanishbanner-01.jpg\",\"datePublished\":\"2018-01-06T20:55:07+00:00\",\"dateModified\":\"2025-09-02T21:03:23+00:00\",\"breadcrumb\":{\"@id\":\"https:\/\/www.firstthingsfirst.org\/es\/recursos-en-espanol\/elcrecimiento-y-etapas-del-desarrollo\/#breadcrumb\"},\"inLanguage\":\"es\",\"potentialAction\":[{\"@type\":\"ReadAction\",\"target\":[\"https:\/\/www.firstthingsfirst.org\/es\/recursos-en-espanol\/elcrecimiento-y-etapas-del-desarrollo\/\"]}]},{\"@type\":\"ImageObject\",\"inLanguage\":\"es\",\"@id\":\"https:\/\/www.firstthingsfirst.org\/es\/recursos-en-espanol\/elcrecimiento-y-etapas-del-desarrollo\/#primaryimage\",\"url\":\"https:\/\/www.firstthingsfirst.org\/wp-content\/uploads\/2020\/07\/FTF_0076_AgesStages_spanishbanner-01.jpg\",\"contentUrl\":\"https:\/\/www.firstthingsfirst.org\/wp-content\/uploads\/2020\/07\/FTF_0076_AgesStages_spanishbanner-01.jpg\",\"width\":1921,\"height\":1081,\"caption\":\"AgesStages_SpanishBanner\"},{\"@type\":\"BreadcrumbList\",\"@id\":\"https:\/\/www.firstthingsfirst.org\/es\/recursos-en-espanol\/elcrecimiento-y-etapas-del-desarrollo\/#breadcrumb\",\"itemListElement\":[{\"@type\":\"ListItem\",\"position\":1,\"name\":\"Home\",\"item\":\"https:\/\/www.firstthingsfirst.org\/es\/\"},{\"@type\":\"ListItem\",\"position\":2,\"name\":\"Recursos en Espa\u00f1ol\",\"item\":\"https:\/\/www.firstthingsfirst.org\/es\/recursos-en-espanol\/\"},{\"@type\":\"ListItem\",\"position\":3,\"name\":\"El Crecimiento y Etapas del Desarrollo\"}]},{\"@type\":\"WebSite\",\"@id\":\"https:\/\/www.firstthingsfirst.org\/es\/#website\",\"url\":\"https:\/\/www.firstthingsfirst.org\/es\/\",\"name\":\"First Things First\",\"description\":\"\",\"publisher\":{\"@id\":\"https:\/\/www.firstthingsfirst.org\/es\/#organization\"},\"potentialAction\":[{\"@type\":\"SearchAction\",\"target\":{\"@type\":\"EntryPoint\",\"urlTemplate\":\"https:\/\/www.firstthingsfirst.org\/es\/?s={search_term_string}\"},\"query-input\":{\"@type\":\"PropertyValueSpecification\",\"valueRequired\":true,\"valueName\":\"search_term_string\"}}],\"inLanguage\":\"es\"},{\"@type\":\"Organization\",\"@id\":\"https:\/\/www.firstthingsfirst.org\/es\/#organization\",\"name\":\"First Things First\",\"url\":\"https:\/\/www.firstthingsfirst.org\/es\/\",\"logo\":{\"@type\":\"ImageObject\",\"inLanguage\":\"es\",\"@id\":\"https:\/\/www.firstthingsfirst.org\/es\/#\/schema\/logo\/image\/\",\"url\":\"https:\/\/www.firstthingsfirst.org\/wp-content\/uploads\/2018\/01\/firstthingsfirst_card_gray.jpg\",\"contentUrl\":\"https:\/\/www.firstthingsfirst.org\/wp-content\/uploads\/2018\/01\/firstthingsfirst_card_gray.jpg\",\"width\":800,\"height\":450,\"caption\":\"First Things First\"},\"image\":{\"@id\":\"https:\/\/www.firstthingsfirst.org\/es\/#\/schema\/logo\/image\/\"},\"sameAs\":[\"https:\/\/www.facebook.com\/AZFirstThingsFirst\/\",\"https:\/\/x.com\/AZFTF\",\"https:\/\/www.instagram.com\/azfirstthingsfirst\/\",\"https:\/\/www.linkedin.com\/company\/first-things-first\",\"https:\/\/www.youtube.com\/user\/FTFArizona\"]}]}<\/script>\n<!-- \/ Yoast SEO Premium plugin. -->","yoast_head_json":{"title":"El Crecimiento y Etapas del Desarrollo - First Things First","robots":{"index":"index","follow":"follow","max-snippet":"max-snippet:-1","max-image-preview":"max-image-preview:large","max-video-preview":"max-video-preview:-1"},"canonical":"https:\/\/www.firstthingsfirst.org\/es\/recursos-en-espanol\/elcrecimiento-y-etapas-del-desarrollo\/","og_locale":"es_ES","og_type":"article","og_title":"El Crecimiento y Etapas del Desarrollo","og_description":"Los Indicadores del Desarrollo Los indicadores del desarrollo son las cosas que la mayor\u00eda de los ni\u00f1os pueden hacer a una edad determinada. Mientras que todos los ni\u00f1os se desarrollan de manera diferente, es \u00fatil saber si su hijo cumple con los indicadores t\u00edpicos y c\u00f3mo puede apoyar su desarrollo saludable. La manera en que &hellip; Read More","og_url":"https:\/\/www.firstthingsfirst.org\/es\/recursos-en-espanol\/elcrecimiento-y-etapas-del-desarrollo\/","og_site_name":"First Things First","article_publisher":"https:\/\/www.facebook.com\/AZFirstThingsFirst\/","article_modified_time":"2025-09-02T21:03:23+00:00","og_image":[{"width":1921,"height":1081,"url":"https:\/\/www.firstthingsfirst.org\/wp-content\/uploads\/2020\/07\/FTF_0076_AgesStages_spanishbanner-01.jpg","type":"image\/jpeg"}],"twitter_card":"summary_large_image","twitter_site":"@AZFTF","twitter_misc":{"Tiempo de lectura":"3 minutos"},"schema":{"@context":"https:\/\/schema.org","@graph":[{"@type":"WebPage","@id":"https:\/\/www.firstthingsfirst.org\/es\/recursos-en-espanol\/elcrecimiento-y-etapas-del-desarrollo\/","url":"https:\/\/www.firstthingsfirst.org\/es\/recursos-en-espanol\/elcrecimiento-y-etapas-del-desarrollo\/","name":"El Crecimiento y Etapas del Desarrollo - First Things First","isPartOf":{"@id":"https:\/\/www.firstthingsfirst.org\/es\/#website"},"primaryImageOfPage":{"@id":"https:\/\/www.firstthingsfirst.org\/es\/recursos-en-espanol\/elcrecimiento-y-etapas-del-desarrollo\/#primaryimage"},"image":{"@id":"https:\/\/www.firstthingsfirst.org\/es\/recursos-en-espanol\/elcrecimiento-y-etapas-del-desarrollo\/#primaryimage"},"thumbnailUrl":"https:\/\/www.firstthingsfirst.org\/wp-content\/uploads\/2020\/07\/FTF_0076_AgesStages_spanishbanner-01.jpg","datePublished":"2018-01-06T20:55:07+00:00","dateModified":"2025-09-02T21:03:23+00:00","breadcrumb":{"@id":"https:\/\/www.firstthingsfirst.org\/es\/recursos-en-espanol\/elcrecimiento-y-etapas-del-desarrollo\/#breadcrumb"},"inLanguage":"es","potentialAction":[{"@type":"ReadAction","target":["https:\/\/www.firstthingsfirst.org\/es\/recursos-en-espanol\/elcrecimiento-y-etapas-del-desarrollo\/"]}]},{"@type":"ImageObject","inLanguage":"es","@id":"https:\/\/www.firstthingsfirst.org\/es\/recursos-en-espanol\/elcrecimiento-y-etapas-del-desarrollo\/#primaryimage","url":"https:\/\/www.firstthingsfirst.org\/wp-content\/uploads\/2020\/07\/FTF_0076_AgesStages_spanishbanner-01.jpg","contentUrl":"https:\/\/www.firstthingsfirst.org\/wp-content\/uploads\/2020\/07\/FTF_0076_AgesStages_spanishbanner-01.jpg","width":1921,"height":1081,"caption":"AgesStages_SpanishBanner"},{"@type":"BreadcrumbList","@id":"https:\/\/www.firstthingsfirst.org\/es\/recursos-en-espanol\/elcrecimiento-y-etapas-del-desarrollo\/#breadcrumb","itemListElement":[{"@type":"ListItem","position":1,"name":"Home","item":"https:\/\/www.firstthingsfirst.org\/es\/"},{"@type":"ListItem","position":2,"name":"Recursos en Espa\u00f1ol","item":"https:\/\/www.firstthingsfirst.org\/es\/recursos-en-espanol\/"},{"@type":"ListItem","position":3,"name":"El Crecimiento y Etapas del Desarrollo"}]},{"@type":"WebSite","@id":"https:\/\/www.firstthingsfirst.org\/es\/#website","url":"https:\/\/www.firstthingsfirst.org\/es\/","name":"First Things First","description":"","publisher":{"@id":"https:\/\/www.firstthingsfirst.org\/es\/#organization"},"potentialAction":[{"@type":"SearchAction","target":{"@type":"EntryPoint","urlTemplate":"https:\/\/www.firstthingsfirst.org\/es\/?s={search_term_string}"},"query-input":{"@type":"PropertyValueSpecification","valueRequired":true,"valueName":"search_term_string"}}],"inLanguage":"es"},{"@type":"Organization","@id":"https:\/\/www.firstthingsfirst.org\/es\/#organization","name":"First Things First","url":"https:\/\/www.firstthingsfirst.org\/es\/","logo":{"@type":"ImageObject","inLanguage":"es","@id":"https:\/\/www.firstthingsfirst.org\/es\/#\/schema\/logo\/image\/","url":"https:\/\/www.firstthingsfirst.org\/wp-content\/uploads\/2018\/01\/firstthingsfirst_card_gray.jpg","contentUrl":"https:\/\/www.firstthingsfirst.org\/wp-content\/uploads\/2018\/01\/firstthingsfirst_card_gray.jpg","width":800,"height":450,"caption":"First Things First"},"image":{"@id":"https:\/\/www.firstthingsfirst.org\/es\/#\/schema\/logo\/image\/"},"sameAs":["https:\/\/www.facebook.com\/AZFirstThingsFirst\/","https:\/\/x.com\/AZFTF","https:\/\/www.instagram.com\/azfirstthingsfirst\/","https:\/\/www.linkedin.com\/company\/first-things-first","https:\/\/www.youtube.com\/user\/FTFArizona"]}]}},"_links":{"self":[{"href":"https:\/\/www.firstthingsfirst.org\/es\/wp-json\/wp\/v2\/pages\/30858","targetHints":{"allow":["GET"]}}],"collection":[{"href":"https:\/\/www.firstthingsfirst.org\/es\/wp-json\/wp\/v2\/pages"}],"about":[{"href":"https:\/\/www.firstthingsfirst.org\/es\/wp-json\/wp\/v2\/types\/page"}],"author":[{"embeddable":true,"href":"https:\/\/www.firstthingsfirst.org\/es\/wp-json\/wp\/v2\/users\/3"}],"replies":[{"embeddable":true,"href":"https:\/\/www.firstthingsfirst.org\/es\/wp-json\/wp\/v2\/comments?post=30858"}],"version-history":[{"count":0,"href":"https:\/\/www.firstthingsfirst.org\/es\/wp-json\/wp\/v2\/pages\/30858\/revisions"}],"up":[{"embeddable":true,"href":"https:\/\/www.firstthingsfirst.org\/es\/wp-json\/wp\/v2\/pages\/37481"}],"wp:featuredmedia":[{"embeddable":true,"href":"https:\/\/www.firstthingsfirst.org\/es\/wp-json\/wp\/v2\/media\/31749"}],"wp:attachment":[{"href":"https:\/\/www.firstthingsfirst.org\/es\/wp-json\/wp\/v2\/media?parent=30858"}],"curies":[{"name":"wp","href":"https:\/\/api.w.org\/{rel}","templated":true}]}}